{"id":158,"date":"2025-05-09T10:02:08","date_gmt":"2025-05-09T07:02:08","guid":{"rendered":"https:\/\/vanavorumaamuuseumid.ee\/?page_id=158"},"modified":"2025-12-10T16:03:30","modified_gmt":"2025-12-10T14:03:30","slug":"kogud","status":"publish","type":"page","link":"https:\/\/vanavorumaamuuseumid.ee\/vo\/vorumuuseum\/kogud\/","title":{"rendered":"Kogo"},"content":{"rendered":"<h2 class=\"wp-block-heading\">V\u00f5romaa Muus\u00f5umi kogo<\/h2>\n\n\n\n<figure class=\"wp-block-image alignright size-large is-resized\"><img decoding=\"async\" width=\"1024\" height=\"1024\" src=\"https:\/\/vanavorumaamuuseumid.ee\/wp-content\/uploads\/2025\/12\/20250513_103102-1024x1024.jpg\" alt=\"\" class=\"wp-image-4837\" style=\"width:265px;height:auto\" srcset=\"https:\/\/vanavorumaamuuseumid.ee\/wp-content\/uploads\/2025\/12\/20250513_103102-980x980.jpg 980w, https:\/\/vanavorumaamuuseumid.ee\/wp-content\/uploads\/2025\/12\/20250513_103102-480x480.jpg 480w\" sizes=\"(min-width: 0px) and (max-width: 480px) 480px, (min-width: 481px) and (max-width: 980px) 980px, (min-width: 981px) 1024px, 100vw\" \/><\/figure>\n\n\n\n<p>Aoluuliidsi asjo kogo (Aj)<br>Arheoloogiakogu (A)<br>Arhiivimat\u00f5rjaal\u00f5 kogo (Ar)<br>Audio-video kogu (AV)<br>Asjokogo (Ek)<br>Rahvatiid\u00fcsliidsi asjo kogo (E)<br>Margikogo (Fi)<br>Fondiraamadukogo (R)<br>P\u00e4\u00e4v\u00e4pildikogo (F)<br>Kunstikogo (K)<br>Raudrahakogo (Num)<br>R\u00f5ivakraamikogo (T)<\/p>\n\n\n\n<p>V\u00f5rumaa Muuseumi kogudes on enam kui 60 000 museaali. <\/p>\n\n\n\n<p><strong>V\u00f5romaa Muus\u00f5umi kogo<\/strong>&nbsp; on leitavad andmebaasi MuIS vahendusel <a href=\"http:\/\/muis.ee\/\">muis.ee<\/a>. Muisi andmebaasis saab otsida korraga k\u00f5igist sellega \u00fchinenud muuseumide sisestatud kogudest. Vaid V\u00f5rumaa Muuseumi kogudest otsida soovides saab&nbsp;<strong>detailse otsingu<\/strong>&nbsp;vaates&nbsp;<strong>muuseum<\/strong>i valikust V\u00f5rumaa Muuseumi v\u00e4lja selekteerida.&nbsp; Esimestel kordadel v\u00f5ib otsingute tegemine olla keerukas, aga andmebaasis ka sihitult ringi uudistades v\u00f5ib leida palju p\u00f5nevat. T\u00e4psema huvi korral saab alati teha p\u00e4ringu&nbsp;<a href=\"mailto:info&#64;&#118;&#111;&#114;&#117;&#109;&#117;&#117;&#115;&#101;&#117;&#109;&#46;&#101;&#101;\">&#x69;&#110;f&#x6f;&#64;&#118;&#x6f;&#x72;&#117;m&#x75;&#117;s&#x65;&#x75;&#109;&#46;&#x65;&#101;<\/a>&nbsp;aadressil ja muuseumit\u00f6\u00f6tajalt abi ja lisateavet paluda. Samal aadressil ootame ka tagasisidet leitud vigadest ja t\u00e4psustustest. Vajadusel saab kogudega tutvuda ka kohapeal V\u00f5rus, selleks palume eelnevalt kokku leppida &#x69;&#x6e;&#102;o&#x40;&#x76;&#111;&#114;u&#x6d;&#x75;&#117;&#115;e&#x75;&#x6d;&#46;ee v\u00f5i telefonil 56297354.<\/p>\n\n\n\n<p>Arheoloogiakogust v\u00f5ib leida nii arheoloogilistel v\u00e4ljakaevamistel saadud haruldusi (Tamula luufiguurid ja s\u00e4ravaid merevaikehteid) kui ka teadusel v\u00e4ga palju infot andvaid juhuleide (Karja t\u00e4nava 6400 aastat tagasi elanud naise kolju ja j\u00e4\u00e4tuur).<\/p>\n\n\n\n<figure class=\"wp-block-gallery has-nested-images columns-default is-cropped wp-block-gallery-1 is-layout-flex wp-block-gallery-is-layout-flex\">\n<figure class=\"wp-block-image size-large\"><img decoding=\"async\" width=\"1024\" height=\"683\" data-id=\"3613\" src=\"https:\/\/vanavorumaamuuseumid.ee\/wp-content\/uploads\/2025\/10\/IMG_0002_1-1024x683.jpg\" alt=\"\" class=\"wp-image-3613\" srcset=\"https:\/\/vanavorumaamuuseumid.ee\/wp-content\/uploads\/2025\/10\/IMG_0002_1-980x653.jpg 980w, https:\/\/vanavorumaamuuseumid.ee\/wp-content\/uploads\/2025\/10\/IMG_0002_1-480x320.jpg 480w\" sizes=\"(min-width: 0px) and (max-width: 480px) 480px, (min-width: 481px) and (max-width: 980px) 980px, (min-width: 981px) 1024px, 100vw\" \/><\/figure>\n\n\n\n<figure class=\"wp-block-image size-large\"><img decoding=\"async\" width=\"1024\" height=\"924\" data-id=\"3617\" src=\"https:\/\/vanavorumaamuuseumid.ee\/wp-content\/uploads\/2025\/10\/VK3000_A149_-1-1024x924.jpg\" alt=\"\" class=\"wp-image-3617\" srcset=\"https:\/\/vanavorumaamuuseumid.ee\/wp-content\/uploads\/2025\/10\/VK3000_A149_-1-980x884.jpg 980w, https:\/\/vanavorumaamuuseumid.ee\/wp-content\/uploads\/2025\/10\/VK3000_A149_-1-480x433.jpg 480w\" sizes=\"(min-width: 0px) and (max-width: 480px) 480px, (min-width: 481px) and (max-width: 980px) 980px, (min-width: 981px) 1024px, 100vw\" \/><\/figure>\n\n\n\n<figure class=\"wp-block-image size-large\"><img decoding=\"async\" width=\"1024\" height=\"821\" data-id=\"3615\" src=\"https:\/\/vanavorumaamuuseumid.ee\/wp-content\/uploads\/2025\/10\/IMG_0015_1-1024x821.jpg\" alt=\"\" class=\"wp-image-3615\" srcset=\"https:\/\/vanavorumaamuuseumid.ee\/wp-content\/uploads\/2025\/10\/IMG_0015_1-980x786.jpg 980w, https:\/\/vanavorumaamuuseumid.ee\/wp-content\/uploads\/2025\/10\/IMG_0015_1-480x385.jpg 480w\" sizes=\"(min-width: 0px) and (max-width: 480px) 480px, (min-width: 481px) and (max-width: 980px) 980px, (min-width: 981px) 1024px, 100vw\" \/><\/figure>\n\n\n\n<figure class=\"wp-block-image size-large\"><img decoding=\"async\" width=\"1024\" height=\"293\" data-id=\"3618\" src=\"https:\/\/vanavorumaamuuseumid.ee\/wp-content\/uploads\/2025\/10\/VK_1075_2A_2-1-1024x293.jpg\" alt=\"\" class=\"wp-image-3618\" srcset=\"https:\/\/vanavorumaamuuseumid.ee\/wp-content\/uploads\/2025\/10\/VK_1075_2A_2-1-980x281.jpg 980w, https:\/\/vanavorumaamuuseumid.ee\/wp-content\/uploads\/2025\/10\/VK_1075_2A_2-1-480x138.jpg 480w\" sizes=\"(min-width: 0px) and (max-width: 480px) 480px, (min-width: 481px) and (max-width: 980px) 980px, (min-width: 981px) 1024px, 100vw\" \/><\/figure>\n<\/figure>\n\n\n\n<p>Ajaloolises kogus on teiste esemete k\u00f5rval ka relvi  \u2013 Sabbe p\u00fcstol CZ-27, kaliiber 7,65 mm, mida ta kasutas V\u00f5handu j\u00f5e \u00e4\u00e4res NKVD vahistajatele vastupanu osutamisel. Relv kuulus metsavend August Sabbele, kes hukkus 28. septembril 1978. a V\u00f5handu j\u00f5es.<\/p>\n\n\n\n<figure class=\"wp-block-image size-large\"><img decoding=\"async\" width=\"1024\" height=\"683\" src=\"https:\/\/vanavorumaamuuseumid.ee\/wp-content\/uploads\/2025\/10\/IMG_0007_1-1-1024x683.jpg\" alt=\"\" class=\"wp-image-3619\" srcset=\"https:\/\/vanavorumaamuuseumid.ee\/wp-content\/uploads\/2025\/10\/IMG_0007_1-1-980x653.jpg 980w, https:\/\/vanavorumaamuuseumid.ee\/wp-content\/uploads\/2025\/10\/IMG_0007_1-1-480x320.jpg 480w\" sizes=\"(min-width: 0px) and (max-width: 480px) 480px, (min-width: 481px) and (max-width: 980px) 980px, (min-width: 981px) 1024px, 100vw\" \/><\/figure>\n\n\n\n<p>V\u00f5rumaa Muuseumil on mahukas arhiivkogu, kust leiab n\u00e4iteks V\u00f5ru hoonete plaanid, mille abil v\u00f5ime saada aimu majast, mis oli praeguse Kandle kultuurimaja koha peal 125. aastat tagasi. <\/p>\n\n\n\n<p>Seltsi &#8220;Kannel&#8221; hoone (koos keeglim\u00e4ngurajaga) arhitekti plaanil:<\/p>\n\n\n\n<figure class=\"wp-block-image size-large\"><img decoding=\"async\" width=\"1024\" height=\"766\" src=\"https:\/\/vanavorumaamuuseumid.ee\/wp-content\/uploads\/2025\/10\/VK_484Ar279_584_kannel-1024x766.jpg\" alt=\"\" class=\"wp-image-3608\" srcset=\"https:\/\/vanavorumaamuuseumid.ee\/wp-content\/uploads\/2025\/10\/VK_484Ar279_584_kannel-980x733.jpg 980w, https:\/\/vanavorumaamuuseumid.ee\/wp-content\/uploads\/2025\/10\/VK_484Ar279_584_kannel-480x359.jpg 480w\" sizes=\"(min-width: 0px) and (max-width: 480px) 480px, (min-width: 481px) and (max-width: 980px) 980px, (min-width: 981px) 1024px, 100vw\" \/><\/figure>\n\n\n\n<p>Fondi raamatukogu vanim raamat on N\u00fcrnbergi piibel, mille vana testamendi osa on tr\u00fckitud aastal 1641 ning piibli eess\u00f5na, p\u00fchendus ja apokriivaraamatud 1649. T\u00e4ielik piibliraamat on saksa keeles kommentaaride, viidete, piibliteemaliste vaskgrav\u00fc\u00fcridega. \u00dcle 10 kg kaaluv raamat algab tr\u00fckitud p\u00fchendusega Rootsi kuninganna Kristiinale (1626-1689) ning v\u00f5is kuuluda varem baltisaksa aadliperele.<\/p>\n\n\n\n<figure class=\"wp-block-image size-large\"><img decoding=\"async\" width=\"1024\" height=\"768\" src=\"https:\/\/vanavorumaamuuseumid.ee\/wp-content\/uploads\/2025\/10\/VK_1332_1-R-78_1-1024x768.jpg\" alt=\"\" class=\"wp-image-3620\" srcset=\"https:\/\/vanavorumaamuuseumid.ee\/wp-content\/uploads\/2025\/10\/VK_1332_1-R-78_1-980x735.jpg 980w, https:\/\/vanavorumaamuuseumid.ee\/wp-content\/uploads\/2025\/10\/VK_1332_1-R-78_1-480x360.jpg 480w\" sizes=\"(min-width: 0px) and (max-width: 480px) 480px, (min-width: 481px) and (max-width: 980px) 980px, (min-width: 981px) 1024px, 100vw\" \/><\/figure>\n\n\n\n<p><\/p>\n\n\n\n<div style=\"height:20px\" aria-hidden=\"true\" class=\"wp-block-spacer\"><\/div>\n\n\n\n<div class=\"wp-block-buttons is-layout-flex wp-block-buttons-is-layout-flex\">\n<div class=\"wp-block-button\"><a class=\"wp-block-button__link wp-element-button\" href=\"\/vo\/kogude-kasutamise-dokument\/\" target=\"_blank\" rel=\"noreferrer noopener\">Kogude kasutamise dokument<\/a><\/div>\n<\/div>\n\n\n\n<div style=\"height:20px\" aria-hidden=\"true\" class=\"wp-block-spacer\"><\/div>\n\n\n\n<div class=\"wp-block-buttons is-layout-flex wp-block-buttons-is-layout-flex\">\n<div class=\"wp-block-button\"><a class=\"wp-block-button__link wp-element-button\" href=\"\/vo\/kogumispohimotted-dokument\/\" target=\"_blank\" rel=\"noreferrer noopener\">Kogumisp\u00f5him\u00f5tted dokument<\/a><\/div>\n<\/div>","protected":false},"excerpt":{"rendered":"<p>V\u00f5rumaa Muuseumi kogud Ajalooliste esemete kogu (Aj)Arheoloogiakogu (A)Arhiivmaterjalide kogu (Ar)Audio-video kogu (AV)Esemetekogu [&hellip;]<\/p>\n","protected":false},"author":1,"featured_media":0,"parent":143,"menu_order":0,"comment_status":"closed","ping_status":"closed","template":"","meta":{"_acf_changed":false,"_et_pb_use_builder":"","_et_pb_old_content":"","_et_gb_content_width":"","footnotes":""},"class_list":["post-158","page","type-page","status-publish","hentry"],"acf":[],"yoast_head":"<!-- This site is optimized with the Yoast SEO plugin v27.4 - https:\/\/yoast.com\/product\/yoast-seo-wordpress\/ -->\n<title>Kogud - Vana-V\u00f5rumaa muuseumid<\/title>\n<meta name=\"robots\" content=\"index, follow, max-snippet:-1, max-image-preview:large, max-video-preview:-1\" \/>\n<link rel=\"canonical\" href=\"https:\/\/vanavorumaamuuseumid.ee\/vo\/vorumuuseum\/kogud\/\" \/>\n<meta property=\"og:locale\" content=\"en_US\" \/>\n<meta property=\"og:type\" content=\"article\" \/>\n<meta property=\"og:title\" content=\"Kogud - Vana-V\u00f5rumaa muuseumid\" \/>\n<meta property=\"og:description\" content=\"V\u00f5rumaa Muuseumi kogud Ajalooliste esemete kogu (Aj)Arheoloogiakogu (A)Arhiivmaterjalide kogu (Ar)Audio-video kogu (AV)Esemetekogu [&hellip;]\" \/>\n<meta property=\"og:url\" content=\"https:\/\/vanavorumaamuuseumid.ee\/vo\/vorumuuseum\/kogud\/\" \/>\n<meta property=\"og:site_name\" content=\"Vana-V\u00f5rumaa muuseumid\" \/>\n<meta property=\"article:modified_time\" content=\"2025-12-10T14:03:30+00:00\" \/>\n<meta property=\"og:image\" content=\"https:\/\/vanavorumaamuuseumid.ee\/wp-content\/uploads\/2025\/12\/20250513_103102.jpg\" \/>\n\t<meta property=\"og:image:width\" content=\"1920\" \/>\n\t<meta property=\"og:image:height\" content=\"1920\" \/>\n\t<meta property=\"og:image:type\" content=\"image\/jpeg\" \/>\n<meta name=\"twitter:card\" content=\"summary_large_image\" \/>\n<meta name=\"twitter:label1\" content=\"Est. reading time\" \/>\n\t<meta name=\"twitter:data1\" content=\"4 minutes\" \/>\n<script type=\"application\/ld+json\" class=\"yoast-schema-graph\">{\"@context\":\"https:\\\/\\\/schema.org\",\"@graph\":[{\"@type\":\"WebPage\",\"@id\":\"https:\\\/\\\/vanavorumaamuuseumid.ee\\\/vorumuuseum\\\/kogud\\\/\",\"url\":\"https:\\\/\\\/vanavorumaamuuseumid.ee\\\/vorumuuseum\\\/kogud\\\/\",\"name\":\"Kogud - Vana-V\u00f5rumaa muuseumid\",\"isPartOf\":{\"@id\":\"https:\\\/\\\/vanavorumaamuuseumid.ee\\\/#website\"},\"primaryImageOfPage\":{\"@id\":\"https:\\\/\\\/vanavorumaamuuseumid.ee\\\/vorumuuseum\\\/kogud\\\/#primaryimage\"},\"image\":{\"@id\":\"https:\\\/\\\/vanavorumaamuuseumid.ee\\\/vorumuuseum\\\/kogud\\\/#primaryimage\"},\"thumbnailUrl\":\"https:\\\/\\\/vanavorumaamuuseumid.ee\\\/wp-content\\\/uploads\\\/2025\\\/12\\\/20250513_103102-1024x1024.jpg\",\"datePublished\":\"2025-05-09T07:02:08+00:00\",\"dateModified\":\"2025-12-10T14:03:30+00:00\",\"breadcrumb\":{\"@id\":\"https:\\\/\\\/vanavorumaamuuseumid.ee\\\/vorumuuseum\\\/kogud\\\/#breadcrumb\"},\"inLanguage\":\"vo\",\"potentialAction\":[{\"@type\":\"ReadAction\",\"target\":[\"https:\\\/\\\/vanavorumaamuuseumid.ee\\\/vorumuuseum\\\/kogud\\\/\"]}]},{\"@type\":\"ImageObject\",\"inLanguage\":\"vo\",\"@id\":\"https:\\\/\\\/vanavorumaamuuseumid.ee\\\/vorumuuseum\\\/kogud\\\/#primaryimage\",\"url\":\"https:\\\/\\\/vanavorumaamuuseumid.ee\\\/wp-content\\\/uploads\\\/2025\\\/12\\\/20250513_103102-1024x1024.jpg\",\"contentUrl\":\"https:\\\/\\\/vanavorumaamuuseumid.ee\\\/wp-content\\\/uploads\\\/2025\\\/12\\\/20250513_103102-1024x1024.jpg\"},{\"@type\":\"BreadcrumbList\",\"@id\":\"https:\\\/\\\/vanavorumaamuuseumid.ee\\\/vorumuuseum\\\/kogud\\\/#breadcrumb\",\"itemListElement\":[{\"@type\":\"ListItem\",\"position\":1,\"name\":\"Home\",\"item\":\"https:\\\/\\\/vanavorumaamuuseumid.ee\\\/\"},{\"@type\":\"ListItem\",\"position\":2,\"name\":\"V\u00f5rumaa Muuseum\",\"item\":\"https:\\\/\\\/vanavorumaamuuseumid.ee\\\/vorumuuseum\\\/\"},{\"@type\":\"ListItem\",\"position\":3,\"name\":\"Kogud\"}]},{\"@type\":\"WebSite\",\"@id\":\"https:\\\/\\\/vanavorumaamuuseumid.ee\\\/#website\",\"url\":\"https:\\\/\\\/vanavorumaamuuseumid.ee\\\/\",\"name\":\"Vana-V\u00f5rumaa Muuseumid\",\"description\":\"V\u00f5rumaa Muuseum, Dr. Fr. R. Kreutzwaldi Memoriaalmuuseum, M\u00f5niste Talurahvamuuseum ja Karilatsi Vaba\u00f5humuuseum\",\"publisher\":{\"@id\":\"https:\\\/\\\/vanavorumaamuuseumid.ee\\\/#organization\"},\"potentialAction\":[{\"@type\":\"SearchAction\",\"target\":{\"@type\":\"EntryPoint\",\"urlTemplate\":\"https:\\\/\\\/vanavorumaamuuseumid.ee\\\/?s={search_term_string}\"},\"query-input\":{\"@type\":\"PropertyValueSpecification\",\"valueRequired\":true,\"valueName\":\"search_term_string\"}}],\"inLanguage\":\"vo\"},{\"@type\":\"Organization\",\"@id\":\"https:\\\/\\\/vanavorumaamuuseumid.ee\\\/#organization\",\"name\":\"V\u00f5ru Instituut\",\"url\":\"https:\\\/\\\/vanavorumaamuuseumid.ee\\\/\",\"logo\":{\"@type\":\"ImageObject\",\"inLanguage\":\"vo\",\"@id\":\"https:\\\/\\\/vanavorumaamuuseumid.ee\\\/#\\\/schema\\\/logo\\\/image\\\/\",\"url\":\"https:\\\/\\\/vanavorumaamuuseumid.ee\\\/wp-content\\\/uploads\\\/2025\\\/05\\\/vana-voromaa-muusoumi-250516.svg\",\"contentUrl\":\"https:\\\/\\\/vanavorumaamuuseumid.ee\\\/wp-content\\\/uploads\\\/2025\\\/05\\\/vana-voromaa-muusoumi-250516.svg\",\"width\":567,\"height\":80,\"caption\":\"V\u00f5ru Instituut\"},\"image\":{\"@id\":\"https:\\\/\\\/vanavorumaamuuseumid.ee\\\/#\\\/schema\\\/logo\\\/image\\\/\"}}]}<\/script>\n<!-- \/ Yoast SEO plugin. -->","yoast_head_json":{"title":"Kogud - Vana-V\u00f5rumaa muuseumid","robots":{"index":"index","follow":"follow","max-snippet":"max-snippet:-1","max-image-preview":"max-image-preview:large","max-video-preview":"max-video-preview:-1"},"canonical":"https:\/\/vanavorumaamuuseumid.ee\/vo\/vorumuuseum\/kogud\/","og_locale":"en_US","og_type":"article","og_title":"Kogud - Vana-V\u00f5rumaa muuseumid","og_description":"V\u00f5rumaa Muuseumi kogud Ajalooliste esemete kogu (Aj)Arheoloogiakogu (A)Arhiivmaterjalide kogu (Ar)Audio-video kogu (AV)Esemetekogu [&hellip;]","og_url":"https:\/\/vanavorumaamuuseumid.ee\/vo\/vorumuuseum\/kogud\/","og_site_name":"Vana-V\u00f5rumaa muuseumid","article_modified_time":"2025-12-10T14:03:30+00:00","og_image":[{"width":1920,"height":1920,"url":"https:\/\/vanavorumaamuuseumid.ee\/wp-content\/uploads\/2025\/12\/20250513_103102.jpg","type":"image\/jpeg"}],"twitter_card":"summary_large_image","twitter_misc":{"Est. reading time":"4 minutes"},"schema":{"@context":"https:\/\/schema.org","@graph":[{"@type":"WebPage","@id":"https:\/\/vanavorumaamuuseumid.ee\/vorumuuseum\/kogud\/","url":"https:\/\/vanavorumaamuuseumid.ee\/vorumuuseum\/kogud\/","name":"Kogud - Vana-V\u00f5rumaa muuseumid","isPartOf":{"@id":"https:\/\/vanavorumaamuuseumid.ee\/#website"},"primaryImageOfPage":{"@id":"https:\/\/vanavorumaamuuseumid.ee\/vorumuuseum\/kogud\/#primaryimage"},"image":{"@id":"https:\/\/vanavorumaamuuseumid.ee\/vorumuuseum\/kogud\/#primaryimage"},"thumbnailUrl":"https:\/\/vanavorumaamuuseumid.ee\/wp-content\/uploads\/2025\/12\/20250513_103102-1024x1024.jpg","datePublished":"2025-05-09T07:02:08+00:00","dateModified":"2025-12-10T14:03:30+00:00","breadcrumb":{"@id":"https:\/\/vanavorumaamuuseumid.ee\/vorumuuseum\/kogud\/#breadcrumb"},"inLanguage":"vo","potentialAction":[{"@type":"ReadAction","target":["https:\/\/vanavorumaamuuseumid.ee\/vorumuuseum\/kogud\/"]}]},{"@type":"ImageObject","inLanguage":"vo","@id":"https:\/\/vanavorumaamuuseumid.ee\/vorumuuseum\/kogud\/#primaryimage","url":"https:\/\/vanavorumaamuuseumid.ee\/wp-content\/uploads\/2025\/12\/20250513_103102-1024x1024.jpg","contentUrl":"https:\/\/vanavorumaamuuseumid.ee\/wp-content\/uploads\/2025\/12\/20250513_103102-1024x1024.jpg"},{"@type":"BreadcrumbList","@id":"https:\/\/vanavorumaamuuseumid.ee\/vorumuuseum\/kogud\/#breadcrumb","itemListElement":[{"@type":"ListItem","position":1,"name":"Home","item":"https:\/\/vanavorumaamuuseumid.ee\/"},{"@type":"ListItem","position":2,"name":"V\u00f5rumaa Muuseum","item":"https:\/\/vanavorumaamuuseumid.ee\/vorumuuseum\/"},{"@type":"ListItem","position":3,"name":"Kogud"}]},{"@type":"WebSite","@id":"https:\/\/vanavorumaamuuseumid.ee\/#website","url":"https:\/\/vanavorumaamuuseumid.ee\/","name":"Vana-V\u00f5rumaa Muuseumid","description":"V\u00f5rumaa Muuseum, Dr. Fr. R. Kreutzwaldi Memoriaalmuuseum, M\u00f5niste Talurahvamuuseum ja Karilatsi Vaba\u00f5humuuseum","publisher":{"@id":"https:\/\/vanavorumaamuuseumid.ee\/#organization"},"potentialAction":[{"@type":"SearchAction","target":{"@type":"EntryPoint","urlTemplate":"https:\/\/vanavorumaamuuseumid.ee\/?s={search_term_string}"},"query-input":{"@type":"PropertyValueSpecification","valueRequired":true,"valueName":"search_term_string"}}],"inLanguage":"vo"},{"@type":"Organization","@id":"https:\/\/vanavorumaamuuseumid.ee\/#organization","name":"V\u00f5ru Instituut","url":"https:\/\/vanavorumaamuuseumid.ee\/","logo":{"@type":"ImageObject","inLanguage":"vo","@id":"https:\/\/vanavorumaamuuseumid.ee\/#\/schema\/logo\/image\/","url":"https:\/\/vanavorumaamuuseumid.ee\/wp-content\/uploads\/2025\/05\/vana-voromaa-muusoumi-250516.svg","contentUrl":"https:\/\/vanavorumaamuuseumid.ee\/wp-content\/uploads\/2025\/05\/vana-voromaa-muusoumi-250516.svg","width":567,"height":80,"caption":"V\u00f5ru Instituut"},"image":{"@id":"https:\/\/vanavorumaamuuseumid.ee\/#\/schema\/logo\/image\/"}}]}},"_links":{"self":[{"href":"https:\/\/vanavorumaamuuseumid.ee\/vo\/wp-json\/wp\/v2\/pages\/158","targetHints":{"allow":["GET"]}}],"collection":[{"href":"https:\/\/vanavorumaamuuseumid.ee\/vo\/wp-json\/wp\/v2\/pages"}],"about":[{"href":"https:\/\/vanavorumaamuuseumid.ee\/vo\/wp-json\/wp\/v2\/types\/page"}],"author":[{"embeddable":true,"href":"https:\/\/vanavorumaamuuseumid.ee\/vo\/wp-json\/wp\/v2\/users\/1"}],"replies":[{"embeddable":true,"href":"https:\/\/vanavorumaamuuseumid.ee\/vo\/wp-json\/wp\/v2\/comments?post=158"}],"version-history":[{"count":12,"href":"https:\/\/vanavorumaamuuseumid.ee\/vo\/wp-json\/wp\/v2\/pages\/158\/revisions"}],"predecessor-version":[{"id":4842,"href":"https:\/\/vanavorumaamuuseumid.ee\/vo\/wp-json\/wp\/v2\/pages\/158\/revisions\/4842"}],"up":[{"embeddable":true,"href":"https:\/\/vanavorumaamuuseumid.ee\/vo\/wp-json\/wp\/v2\/pages\/143"}],"wp:attachment":[{"href":"https:\/\/vanavorumaamuuseumid.ee\/vo\/wp-json\/wp\/v2\/media?parent=158"}],"curies":[{"name":"wp","href":"https:\/\/api.w.org\/{rel}","templated":true}]}}