{"id":162,"date":"2025-05-09T10:02:49","date_gmt":"2025-05-09T07:02:49","guid":{"rendered":"https:\/\/vanavorumaamuuseumid.ee\/?page_id=162"},"modified":"2025-10-07T14:57:03","modified_gmt":"2025-10-07T11:57:03","slug":"haridus","status":"publish","type":"page","link":"https:\/\/vanavorumaamuuseumid.ee\/vo\/vorumuuseum\/haridus\/","title":{"rendered":"Oppus"},"content":{"rendered":"<div class=\"wp-block-columns is-layout-flex wp-container-core-columns-is-layout-9d6595d7 wp-block-columns-is-layout-flex\">\n<div class=\"wp-block-column is-layout-flow wp-block-column-is-layout-flow\">\n<h2 class=\"wp-block-heading intro\">Pakumi V\u00f5romaa aoluu ja kultuurieloga tutvassaamis\u00f5s koolitusprogramm\u00f5 nii latsil\u00f5,\nnooril\u00f5 ku ka suuril\u00f5 inemiisile.<\/h2>\n\n\n\n<p><strong>Muus\u00f5umitunni pikkus:<\/strong> 1,5 tunni<br><strong>Hind osav\u00f5tjal\u00f5:<\/strong> 3.-<\/p>\n\n\n\n<p>T\u00e4ps\u00e4mb teed\u00fcs ni kirjapandmin\u00f5 tunn\u00f5st osav\u00f5tmis\u00f5 jaos:<br>&#108;a&#x67;l&#x65;&#46;&#x6c;i&#x6e;d&#x65;n&#x62;&#101;&#x72;&#103;&#x40;&#119;&#x69;&#46;&#x65;&#101;<br>lag&#108;&#101;&#46;&#x6c;&#x69;&#x6e;&#x64;&#x65;&#x6e;ber&#103;&#64;&#103;&#109;&#x61;&#x69;&#x6c;&#x2e;&#x63;&#x6f;m<br>telefon: 5661 6862 (muus\u00f5umioppaja Lagle)<\/p>\n<\/div>\n\n\n\n<div class=\"wp-block-column is-vertically-aligned-center col-haridus-img d-none d-lg-block is-layout-flow wp-block-column-is-layout-flow\">\n<figure class=\"wp-block-image size-full\"><img decoding=\"async\" width=\"400\" height=\"400\" src=\"https:\/\/vanavorumaamuuseumid.ee\/wp-content\/uploads\/2025\/10\/vorumuuseum-haridus-taust-251003.jpg\" alt=\"V\u00f5rumaa Muuseumi hariduse taustapilt\" class=\"wp-image-3643\"\/><\/figure>\n\n\n\n<figure class=\"wp-block-image size-large symbol-bg\"><img decoding=\"async\" width=\"82\" height=\"82\" src=\"https:\/\/vanavorumaamuuseumid.ee\/wp-content\/uploads\/2025\/08\/rist-negatiiv-250822-02.svg\" alt=\"\" class=\"wp-image-2086\"\/><\/figure>\n<\/div>\n<\/div>\n\n\n\n<div style=\"height:40px\" aria-hidden=\"true\" class=\"wp-block-spacer\"><\/div>\n\n\n\n<div class=\"wp-block-columns is-layout-flex wp-container-core-columns-is-layout-9d6595d7 wp-block-columns-is-layout-flex\">\n<div class=\"wp-block-column is-layout-flow wp-block-column-is-layout-flow\">\n<h2 class=\"wp-block-heading intro\">Haridusprogrammid<\/h2>\n\n\n<ul class=\"wp-block-categories-list haridus-list wp-block-categories\">\t<li class=\"cat-item cat-item-42\"><a href=\"https:\/\/vanavorumaamuuseumid.ee\/vo\/vor-mu-cat\/lasteaed\/\">Lasteaed<\/a>\n<\/li>\n\t<li class=\"cat-item cat-item-67\"><a href=\"https:\/\/vanavorumaamuuseumid.ee\/vo\/vor-mu-cat\/pohikooli-1-aste\/\">P\u00f5hikooli 1. aste<\/a>\n<\/li>\n\t<li class=\"cat-item cat-item-68\"><a href=\"https:\/\/vanavorumaamuuseumid.ee\/vo\/vor-mu-cat\/pohikooli-2-aste\/\">P\u00f5hikooli 2. aste<\/a>\n<\/li>\n\t<li class=\"cat-item cat-item-69\"><a href=\"https:\/\/vanavorumaamuuseumid.ee\/vo\/vor-mu-cat\/pohikooli-3-aste\/\">P\u00f5hikooli 3. aste<\/a>\n<\/li>\n\t<li class=\"cat-item cat-item-71\"><a href=\"https:\/\/vanavorumaamuuseumid.ee\/vo\/vor-mu-cat\/gumnaasium\/\">G\u00fcmnaasium<\/a>\n<\/li>\n<\/ul><\/div>\n\n\n\n<div class=\"wp-block-column d-none d-lg-block is-layout-flow wp-block-column-is-layout-flow\"><\/div>\n<\/div>","protected":false},"excerpt":{"rendered":"<p>Pakume V\u00f5rumaa ajalugu ja kultuurielu tutvustavaid haridusprogramme nii lastele, noortele kui ka [&hellip;]<\/p>\n","protected":false},"author":1,"featured_media":0,"parent":143,"menu_order":0,"comment_status":"closed","ping_status":"closed","template":"","meta":{"_acf_changed":false,"_et_pb_use_builder":"","_et_pb_old_content":"","_et_gb_content_width":"","footnotes":""},"class_list":["post-162","page","type-page","status-publish","hentry"],"acf":[],"yoast_head":"<!-- This site is optimized with the Yoast SEO plugin v27.4 - https:\/\/yoast.com\/product\/yoast-seo-wordpress\/ -->\n<title>Haridus - Vana-V\u00f5rumaa muuseumid<\/title>\n<meta name=\"robots\" content=\"index, follow, max-snippet:-1, max-image-preview:large, max-video-preview:-1\" \/>\n<link rel=\"canonical\" href=\"https:\/\/vanavorumaamuuseumid.ee\/vo\/vorumuuseum\/haridus\/\" \/>\n<meta property=\"og:locale\" content=\"en_US\" \/>\n<meta property=\"og:type\" content=\"article\" \/>\n<meta property=\"og:title\" content=\"Haridus - Vana-V\u00f5rumaa muuseumid\" \/>\n<meta property=\"og:description\" content=\"Pakume V\u00f5rumaa ajalugu ja kultuurielu tutvustavaid haridusprogramme nii lastele, noortele kui ka [&hellip;]\" \/>\n<meta property=\"og:url\" content=\"https:\/\/vanavorumaamuuseumid.ee\/vo\/vorumuuseum\/haridus\/\" \/>\n<meta property=\"og:site_name\" content=\"Vana-V\u00f5rumaa muuseumid\" \/>\n<meta property=\"article:modified_time\" content=\"2025-10-07T11:57:03+00:00\" \/>\n<meta property=\"og:image\" content=\"https:\/\/vanavorumaamuuseumid.ee\/wp-content\/uploads\/2025\/10\/vorumuuseum-haridus-taust-251003.jpg\" \/>\n<meta name=\"twitter:card\" content=\"summary_large_image\" \/>\n<script type=\"application\/ld+json\" class=\"yoast-schema-graph\">{\"@context\":\"https:\\\/\\\/schema.org\",\"@graph\":[{\"@type\":\"WebPage\",\"@id\":\"https:\\\/\\\/vanavorumaamuuseumid.ee\\\/vorumuuseum\\\/haridus\\\/\",\"url\":\"https:\\\/\\\/vanavorumaamuuseumid.ee\\\/vorumuuseum\\\/haridus\\\/\",\"name\":\"Haridus - Vana-V\u00f5rumaa muuseumid\",\"isPartOf\":{\"@id\":\"https:\\\/\\\/vanavorumaamuuseumid.ee\\\/#website\"},\"primaryImageOfPage\":{\"@id\":\"https:\\\/\\\/vanavorumaamuuseumid.ee\\\/vorumuuseum\\\/haridus\\\/#primaryimage\"},\"image\":{\"@id\":\"https:\\\/\\\/vanavorumaamuuseumid.ee\\\/vorumuuseum\\\/haridus\\\/#primaryimage\"},\"thumbnailUrl\":\"https:\\\/\\\/vanavorumaamuuseumid.ee\\\/wp-content\\\/uploads\\\/2025\\\/10\\\/vorumuuseum-haridus-taust-251003.jpg\",\"datePublished\":\"2025-05-09T07:02:49+00:00\",\"dateModified\":\"2025-10-07T11:57:03+00:00\",\"breadcrumb\":{\"@id\":\"https:\\\/\\\/vanavorumaamuuseumid.ee\\\/vorumuuseum\\\/haridus\\\/#breadcrumb\"},\"inLanguage\":\"vo\",\"potentialAction\":[{\"@type\":\"ReadAction\",\"target\":[\"https:\\\/\\\/vanavorumaamuuseumid.ee\\\/vorumuuseum\\\/haridus\\\/\"]}]},{\"@type\":\"ImageObject\",\"inLanguage\":\"vo\",\"@id\":\"https:\\\/\\\/vanavorumaamuuseumid.ee\\\/vorumuuseum\\\/haridus\\\/#primaryimage\",\"url\":\"https:\\\/\\\/vanavorumaamuuseumid.ee\\\/wp-content\\\/uploads\\\/2025\\\/10\\\/vorumuuseum-haridus-taust-251003.jpg\",\"contentUrl\":\"https:\\\/\\\/vanavorumaamuuseumid.ee\\\/wp-content\\\/uploads\\\/2025\\\/10\\\/vorumuuseum-haridus-taust-251003.jpg\"},{\"@type\":\"BreadcrumbList\",\"@id\":\"https:\\\/\\\/vanavorumaamuuseumid.ee\\\/vorumuuseum\\\/haridus\\\/#breadcrumb\",\"itemListElement\":[{\"@type\":\"ListItem\",\"position\":1,\"name\":\"Home\",\"item\":\"https:\\\/\\\/vanavorumaamuuseumid.ee\\\/\"},{\"@type\":\"ListItem\",\"position\":2,\"name\":\"V\u00f5rumaa Muuseum\",\"item\":\"https:\\\/\\\/vanavorumaamuuseumid.ee\\\/vorumuuseum\\\/\"},{\"@type\":\"ListItem\",\"position\":3,\"name\":\"Haridus\"}]},{\"@type\":\"WebSite\",\"@id\":\"https:\\\/\\\/vanavorumaamuuseumid.ee\\\/#website\",\"url\":\"https:\\\/\\\/vanavorumaamuuseumid.ee\\\/\",\"name\":\"Vana-V\u00f5rumaa Muuseumid\",\"description\":\"V\u00f5rumaa Muuseum, Dr. Fr. R. Kreutzwaldi Memoriaalmuuseum, M\u00f5niste Talurahvamuuseum ja Karilatsi Vaba\u00f5humuuseum\",\"publisher\":{\"@id\":\"https:\\\/\\\/vanavorumaamuuseumid.ee\\\/#organization\"},\"potentialAction\":[{\"@type\":\"SearchAction\",\"target\":{\"@type\":\"EntryPoint\",\"urlTemplate\":\"https:\\\/\\\/vanavorumaamuuseumid.ee\\\/?s={search_term_string}\"},\"query-input\":{\"@type\":\"PropertyValueSpecification\",\"valueRequired\":true,\"valueName\":\"search_term_string\"}}],\"inLanguage\":\"vo\"},{\"@type\":\"Organization\",\"@id\":\"https:\\\/\\\/vanavorumaamuuseumid.ee\\\/#organization\",\"name\":\"V\u00f5ru Instituut\",\"url\":\"https:\\\/\\\/vanavorumaamuuseumid.ee\\\/\",\"logo\":{\"@type\":\"ImageObject\",\"inLanguage\":\"vo\",\"@id\":\"https:\\\/\\\/vanavorumaamuuseumid.ee\\\/#\\\/schema\\\/logo\\\/image\\\/\",\"url\":\"https:\\\/\\\/vanavorumaamuuseumid.ee\\\/wp-content\\\/uploads\\\/2025\\\/05\\\/vana-voromaa-muusoumi-250516.svg\",\"contentUrl\":\"https:\\\/\\\/vanavorumaamuuseumid.ee\\\/wp-content\\\/uploads\\\/2025\\\/05\\\/vana-voromaa-muusoumi-250516.svg\",\"width\":567,\"height\":80,\"caption\":\"V\u00f5ru Instituut\"},\"image\":{\"@id\":\"https:\\\/\\\/vanavorumaamuuseumid.ee\\\/#\\\/schema\\\/logo\\\/image\\\/\"}}]}<\/script>\n<!-- \/ Yoast SEO plugin. -->","yoast_head_json":{"title":"Haridus - Vana-V\u00f5rumaa muuseumid","robots":{"index":"index","follow":"follow","max-snippet":"max-snippet:-1","max-image-preview":"max-image-preview:large","max-video-preview":"max-video-preview:-1"},"canonical":"https:\/\/vanavorumaamuuseumid.ee\/vo\/vorumuuseum\/haridus\/","og_locale":"en_US","og_type":"article","og_title":"Haridus - Vana-V\u00f5rumaa muuseumid","og_description":"Pakume V\u00f5rumaa ajalugu ja kultuurielu tutvustavaid haridusprogramme nii lastele, noortele kui ka [&hellip;]","og_url":"https:\/\/vanavorumaamuuseumid.ee\/vo\/vorumuuseum\/haridus\/","og_site_name":"Vana-V\u00f5rumaa muuseumid","article_modified_time":"2025-10-07T11:57:03+00:00","og_image":[{"url":"https:\/\/vanavorumaamuuseumid.ee\/wp-content\/uploads\/2025\/10\/vorumuuseum-haridus-taust-251003.jpg","type":"","width":"","height":""}],"twitter_card":"summary_large_image","schema":{"@context":"https:\/\/schema.org","@graph":[{"@type":"WebPage","@id":"https:\/\/vanavorumaamuuseumid.ee\/vorumuuseum\/haridus\/","url":"https:\/\/vanavorumaamuuseumid.ee\/vorumuuseum\/haridus\/","name":"Haridus - Vana-V\u00f5rumaa muuseumid","isPartOf":{"@id":"https:\/\/vanavorumaamuuseumid.ee\/#website"},"primaryImageOfPage":{"@id":"https:\/\/vanavorumaamuuseumid.ee\/vorumuuseum\/haridus\/#primaryimage"},"image":{"@id":"https:\/\/vanavorumaamuuseumid.ee\/vorumuuseum\/haridus\/#primaryimage"},"thumbnailUrl":"https:\/\/vanavorumaamuuseumid.ee\/wp-content\/uploads\/2025\/10\/vorumuuseum-haridus-taust-251003.jpg","datePublished":"2025-05-09T07:02:49+00:00","dateModified":"2025-10-07T11:57:03+00:00","breadcrumb":{"@id":"https:\/\/vanavorumaamuuseumid.ee\/vorumuuseum\/haridus\/#breadcrumb"},"inLanguage":"vo","potentialAction":[{"@type":"ReadAction","target":["https:\/\/vanavorumaamuuseumid.ee\/vorumuuseum\/haridus\/"]}]},{"@type":"ImageObject","inLanguage":"vo","@id":"https:\/\/vanavorumaamuuseumid.ee\/vorumuuseum\/haridus\/#primaryimage","url":"https:\/\/vanavorumaamuuseumid.ee\/wp-content\/uploads\/2025\/10\/vorumuuseum-haridus-taust-251003.jpg","contentUrl":"https:\/\/vanavorumaamuuseumid.ee\/wp-content\/uploads\/2025\/10\/vorumuuseum-haridus-taust-251003.jpg"},{"@type":"BreadcrumbList","@id":"https:\/\/vanavorumaamuuseumid.ee\/vorumuuseum\/haridus\/#breadcrumb","itemListElement":[{"@type":"ListItem","position":1,"name":"Home","item":"https:\/\/vanavorumaamuuseumid.ee\/"},{"@type":"ListItem","position":2,"name":"V\u00f5rumaa Muuseum","item":"https:\/\/vanavorumaamuuseumid.ee\/vorumuuseum\/"},{"@type":"ListItem","position":3,"name":"Haridus"}]},{"@type":"WebSite","@id":"https:\/\/vanavorumaamuuseumid.ee\/#website","url":"https:\/\/vanavorumaamuuseumid.ee\/","name":"Vana-V\u00f5rumaa Muuseumid","description":"V\u00f5rumaa Muuseum, Dr. Fr. R. Kreutzwaldi Memoriaalmuuseum, M\u00f5niste Talurahvamuuseum ja Karilatsi Vaba\u00f5humuuseum","publisher":{"@id":"https:\/\/vanavorumaamuuseumid.ee\/#organization"},"potentialAction":[{"@type":"SearchAction","target":{"@type":"EntryPoint","urlTemplate":"https:\/\/vanavorumaamuuseumid.ee\/?s={search_term_string}"},"query-input":{"@type":"PropertyValueSpecification","valueRequired":true,"valueName":"search_term_string"}}],"inLanguage":"vo"},{"@type":"Organization","@id":"https:\/\/vanavorumaamuuseumid.ee\/#organization","name":"V\u00f5ru Instituut","url":"https:\/\/vanavorumaamuuseumid.ee\/","logo":{"@type":"ImageObject","inLanguage":"vo","@id":"https:\/\/vanavorumaamuuseumid.ee\/#\/schema\/logo\/image\/","url":"https:\/\/vanavorumaamuuseumid.ee\/wp-content\/uploads\/2025\/05\/vana-voromaa-muusoumi-250516.svg","contentUrl":"https:\/\/vanavorumaamuuseumid.ee\/wp-content\/uploads\/2025\/05\/vana-voromaa-muusoumi-250516.svg","width":567,"height":80,"caption":"V\u00f5ru Instituut"},"image":{"@id":"https:\/\/vanavorumaamuuseumid.ee\/#\/schema\/logo\/image\/"}}]}},"_links":{"self":[{"href":"https:\/\/vanavorumaamuuseumid.ee\/vo\/wp-json\/wp\/v2\/pages\/162","targetHints":{"allow":["GET"]}}],"collection":[{"href":"https:\/\/vanavorumaamuuseumid.ee\/vo\/wp-json\/wp\/v2\/pages"}],"about":[{"href":"https:\/\/vanavorumaamuuseumid.ee\/vo\/wp-json\/wp\/v2\/types\/page"}],"author":[{"embeddable":true,"href":"https:\/\/vanavorumaamuuseumid.ee\/vo\/wp-json\/wp\/v2\/users\/1"}],"replies":[{"embeddable":true,"href":"https:\/\/vanavorumaamuuseumid.ee\/vo\/wp-json\/wp\/v2\/comments?post=162"}],"version-history":[{"count":9,"href":"https:\/\/vanavorumaamuuseumid.ee\/vo\/wp-json\/wp\/v2\/pages\/162\/revisions"}],"predecessor-version":[{"id":3893,"href":"https:\/\/vanavorumaamuuseumid.ee\/vo\/wp-json\/wp\/v2\/pages\/162\/revisions\/3893"}],"up":[{"embeddable":true,"href":"https:\/\/vanavorumaamuuseumid.ee\/vo\/wp-json\/wp\/v2\/pages\/143"}],"wp:attachment":[{"href":"https:\/\/vanavorumaamuuseumid.ee\/vo\/wp-json\/wp\/v2\/media?parent=162"}],"curies":[{"name":"wp","href":"https:\/\/api.w.org\/{rel}","templated":true}]}}