{"id":1795,"date":"2025-08-13T11:39:15","date_gmt":"2025-08-13T08:39:15","guid":{"rendered":"https:\/\/vanavorumaamuuseumid.ee\/?page_id=1795"},"modified":"2025-09-01T10:39:52","modified_gmt":"2025-09-01T07:39:52","slug":"kogude-jaotus","status":"publish","type":"page","link":"https:\/\/vanavorumaamuuseumid.ee\/vo\/kogude-jaotus\/","title":{"rendered":"Kok\u00f5 jaotus"},"content":{"rendered":"<div class=\"wp-block-columns is-layout-flex wp-container-core-columns-is-layout-9d6595d7 wp-block-columns-is-layout-flex\">\n<div class=\"wp-block-column is-layout-flow wp-block-column-is-layout-flow\">\n<h2 class=\"wp-block-heading\">Dr. Fr. R. Kreutzwaldi Memoriaalmuus\u00f5umi kogo<\/h2>\n\n\n\n<p>Aoluuliidsi asjo kogo (Aj)<br>Arhiivimat\u00f5rjaal\u00f5 kogo (Ar)<br>Kunstikogo (K)<br>P\u00e4\u00e4v\u00e4pildikogo (F)<br>Hel\u00fc- ni filmikogo (Ff)<\/p>\n<\/div>\n\n\n\n<div class=\"wp-block-column is-layout-flow wp-block-column-is-layout-flow\">\n<h2 class=\"wp-block-heading\">Karilatsi Vaba\u00f5humuus\u00f5umi kogo<\/h2>\n\n\n\n<p>Aokir\u00e4nd\u00fcs (AJ)<br>Arhiiv (Arh) sh postkaardi (Pk)<br>Kaardikogo (sainakaardi) (Ka)<br>Arhiivraamadukogo (AR)<br>Opiraamatid\u00f5 kogo (opiraamadu, t\u00fc\u00fcvihu) (AR-\u00d5)<br>Audiovisuaaln\u00f5 (AV)<br>Asakogo (E) sh m\u00e4rgikogo (M)<br>Raudrahakogo (Num)<br>Kunstikogo (K)<br>P\u00e4\u00e4v\u00e4pildikogo (F)<\/p>\n<\/div>\n<\/div>\n\n\n\n<div style=\"height:30px\" aria-hidden=\"true\" class=\"wp-block-spacer\"><\/div>\n\n\n\n<div class=\"wp-block-columns is-layout-flex wp-container-core-columns-is-layout-9d6595d7 wp-block-columns-is-layout-flex\">\n<div class=\"wp-block-column is-layout-flow wp-block-column-is-layout-flow\">\n<h2 class=\"wp-block-heading\">M\u00f5nist\u00f5 Talorahvamuus\u00f5umi kogo<\/h2>\n\n\n\n<p>Aoluuliidsi asjo kogo (Aj)<br>V\u00e4ll\u00e4kaib\u00f5tuisi asjo kogo (Arh)<br>Arhiivimat\u00f5rjaal\u00f5 kogo (Ar)<br>Hel\u00fc- ni videokogo (AV)<br>Bioloogiakogo (B)<br>Rahvatiid\u00fcsliidsi asjo kogo (E)<br>P\u00e4\u00e4v\u00e4pildikogo (F)<br>Geoloogiakogo (G)<br>Kunstikogo (K)<br>Raudrahakogo (Num)<br>El\u00e4j\u00e4tiid\u00fcsekogo (Z)<\/p>\n<\/div>\n\n\n\n<div class=\"wp-block-column is-layout-flow wp-block-column-is-layout-flow\">\n<h2 class=\"wp-block-heading\">V\u00f5romaa Muus\u00f5umi kogo<\/h2>\n\n\n\n<p>Aoluuliidsi asjo kogo (Aj)<br>Arheoloogiakogu (A)<br>Arhiivimat\u00f5rjaal\u00f5 kogo (Ar)<br>Audio-video kogu (AV)<br>Asjokogo (Ek)<br>Rahvatiid\u00fcsliidsi asjo kogo (E)<br>Margikogo (Fi)<br>Fondiraamadukogo (R)<br>P\u00e4\u00e4v\u00e4pildikogo (F)<br>Kunstikogo (K)<br>Raudrahakogo (Num)<br>R\u00f5ivakraamikogo (T)<\/p>\n<\/div>\n<\/div>","protected":false},"excerpt":{"rendered":"<p>Dr. Fr. R. Kreutzwaldi Memoriaalmuuseumi kogud Ajalooliste esemete kogu (Aj)Arhiivmaterjalide kogu (Ar)Kunstikogu [&hellip;]<\/p>\n","protected":false},"author":1,"featured_media":0,"parent":0,"menu_order":0,"comment_status":"closed","ping_status":"closed","template":"","meta":{"_acf_changed":false,"_et_pb_use_builder":"","_et_pb_old_content":"","_et_gb_content_width":"","footnotes":""},"class_list":["post-1795","page","type-page","status-publish","hentry"],"acf":[],"yoast_head":"<!-- This site is optimized with the Yoast SEO plugin v27.4 - https:\/\/yoast.com\/product\/yoast-seo-wordpress\/ -->\n<title>Kogude jaotus - Vana-V\u00f5rumaa muuseumid<\/title>\n<meta name=\"robots\" content=\"index, follow, max-snippet:-1, max-image-preview:large, max-video-preview:-1\" \/>\n<link rel=\"canonical\" href=\"https:\/\/vanavorumaamuuseumid.ee\/vo\/kogude-jaotus\/\" \/>\n<meta property=\"og:locale\" content=\"en_US\" \/>\n<meta property=\"og:type\" content=\"article\" \/>\n<meta property=\"og:title\" content=\"Kogude jaotus - Vana-V\u00f5rumaa muuseumid\" \/>\n<meta property=\"og:description\" content=\"Dr. Fr. R. Kreutzwaldi Memoriaalmuuseumi kogud Ajalooliste esemete kogu (Aj)Arhiivmaterjalide kogu (Ar)Kunstikogu [&hellip;]\" \/>\n<meta property=\"og:url\" content=\"https:\/\/vanavorumaamuuseumid.ee\/vo\/kogude-jaotus\/\" \/>\n<meta property=\"og:site_name\" content=\"Vana-V\u00f5rumaa muuseumid\" \/>\n<meta property=\"article:modified_time\" content=\"2025-09-01T07:39:52+00:00\" \/>\n<meta name=\"twitter:card\" content=\"summary_large_image\" \/>\n<meta name=\"twitter:label1\" content=\"Est. reading time\" \/>\n\t<meta name=\"twitter:data1\" content=\"1 minute\" \/>\n<script type=\"application\/ld+json\" class=\"yoast-schema-graph\">{\"@context\":\"https:\\\/\\\/schema.org\",\"@graph\":[{\"@type\":\"WebPage\",\"@id\":\"https:\\\/\\\/vanavorumaamuuseumid.ee\\\/kogude-jaotus\\\/\",\"url\":\"https:\\\/\\\/vanavorumaamuuseumid.ee\\\/kogude-jaotus\\\/\",\"name\":\"Kogude jaotus - Vana-V\u00f5rumaa muuseumid\",\"isPartOf\":{\"@id\":\"https:\\\/\\\/vanavorumaamuuseumid.ee\\\/#website\"},\"datePublished\":\"2025-08-13T08:39:15+00:00\",\"dateModified\":\"2025-09-01T07:39:52+00:00\",\"breadcrumb\":{\"@id\":\"https:\\\/\\\/vanavorumaamuuseumid.ee\\\/kogude-jaotus\\\/#breadcrumb\"},\"inLanguage\":\"vo\",\"potentialAction\":[{\"@type\":\"ReadAction\",\"target\":[\"https:\\\/\\\/vanavorumaamuuseumid.ee\\\/kogude-jaotus\\\/\"]}]},{\"@type\":\"BreadcrumbList\",\"@id\":\"https:\\\/\\\/vanavorumaamuuseumid.ee\\\/kogude-jaotus\\\/#breadcrumb\",\"itemListElement\":[{\"@type\":\"ListItem\",\"position\":1,\"name\":\"Home\",\"item\":\"https:\\\/\\\/vanavorumaamuuseumid.ee\\\/\"},{\"@type\":\"ListItem\",\"position\":2,\"name\":\"Kogude jaotus\"}]},{\"@type\":\"WebSite\",\"@id\":\"https:\\\/\\\/vanavorumaamuuseumid.ee\\\/#website\",\"url\":\"https:\\\/\\\/vanavorumaamuuseumid.ee\\\/\",\"name\":\"Vana-V\u00f5rumaa Muuseumid\",\"description\":\"V\u00f5rumaa Muuseum, Dr. Fr. R. Kreutzwaldi Memoriaalmuuseum, M\u00f5niste Talurahvamuuseum ja Karilatsi Vaba\u00f5humuuseum\",\"publisher\":{\"@id\":\"https:\\\/\\\/vanavorumaamuuseumid.ee\\\/#organization\"},\"potentialAction\":[{\"@type\":\"SearchAction\",\"target\":{\"@type\":\"EntryPoint\",\"urlTemplate\":\"https:\\\/\\\/vanavorumaamuuseumid.ee\\\/?s={search_term_string}\"},\"query-input\":{\"@type\":\"PropertyValueSpecification\",\"valueRequired\":true,\"valueName\":\"search_term_string\"}}],\"inLanguage\":\"vo\"},{\"@type\":\"Organization\",\"@id\":\"https:\\\/\\\/vanavorumaamuuseumid.ee\\\/#organization\",\"name\":\"V\u00f5ru Instituut\",\"url\":\"https:\\\/\\\/vanavorumaamuuseumid.ee\\\/\",\"logo\":{\"@type\":\"ImageObject\",\"inLanguage\":\"vo\",\"@id\":\"https:\\\/\\\/vanavorumaamuuseumid.ee\\\/#\\\/schema\\\/logo\\\/image\\\/\",\"url\":\"https:\\\/\\\/vanavorumaamuuseumid.ee\\\/wp-content\\\/uploads\\\/2025\\\/05\\\/vana-voromaa-muusoumi-250516.svg\",\"contentUrl\":\"https:\\\/\\\/vanavorumaamuuseumid.ee\\\/wp-content\\\/uploads\\\/2025\\\/05\\\/vana-voromaa-muusoumi-250516.svg\",\"width\":567,\"height\":80,\"caption\":\"V\u00f5ru Instituut\"},\"image\":{\"@id\":\"https:\\\/\\\/vanavorumaamuuseumid.ee\\\/#\\\/schema\\\/logo\\\/image\\\/\"}}]}<\/script>\n<!-- \/ Yoast SEO plugin. -->","yoast_head_json":{"title":"Kogude jaotus - Vana-V\u00f5rumaa muuseumid","robots":{"index":"index","follow":"follow","max-snippet":"max-snippet:-1","max-image-preview":"max-image-preview:large","max-video-preview":"max-video-preview:-1"},"canonical":"https:\/\/vanavorumaamuuseumid.ee\/vo\/kogude-jaotus\/","og_locale":"en_US","og_type":"article","og_title":"Kogude jaotus - Vana-V\u00f5rumaa muuseumid","og_description":"Dr. Fr. R. Kreutzwaldi Memoriaalmuuseumi kogud Ajalooliste esemete kogu (Aj)Arhiivmaterjalide kogu (Ar)Kunstikogu [&hellip;]","og_url":"https:\/\/vanavorumaamuuseumid.ee\/vo\/kogude-jaotus\/","og_site_name":"Vana-V\u00f5rumaa muuseumid","article_modified_time":"2025-09-01T07:39:52+00:00","twitter_card":"summary_large_image","twitter_misc":{"Est. reading time":"1 minute"},"schema":{"@context":"https:\/\/schema.org","@graph":[{"@type":"WebPage","@id":"https:\/\/vanavorumaamuuseumid.ee\/kogude-jaotus\/","url":"https:\/\/vanavorumaamuuseumid.ee\/kogude-jaotus\/","name":"Kogude jaotus - Vana-V\u00f5rumaa muuseumid","isPartOf":{"@id":"https:\/\/vanavorumaamuuseumid.ee\/#website"},"datePublished":"2025-08-13T08:39:15+00:00","dateModified":"2025-09-01T07:39:52+00:00","breadcrumb":{"@id":"https:\/\/vanavorumaamuuseumid.ee\/kogude-jaotus\/#breadcrumb"},"inLanguage":"vo","potentialAction":[{"@type":"ReadAction","target":["https:\/\/vanavorumaamuuseumid.ee\/kogude-jaotus\/"]}]},{"@type":"BreadcrumbList","@id":"https:\/\/vanavorumaamuuseumid.ee\/kogude-jaotus\/#breadcrumb","itemListElement":[{"@type":"ListItem","position":1,"name":"Home","item":"https:\/\/vanavorumaamuuseumid.ee\/"},{"@type":"ListItem","position":2,"name":"Kogude jaotus"}]},{"@type":"WebSite","@id":"https:\/\/vanavorumaamuuseumid.ee\/#website","url":"https:\/\/vanavorumaamuuseumid.ee\/","name":"Vana-V\u00f5rumaa Muuseumid","description":"V\u00f5rumaa Muuseum, Dr. Fr. R. Kreutzwaldi Memoriaalmuuseum, M\u00f5niste Talurahvamuuseum ja Karilatsi Vaba\u00f5humuuseum","publisher":{"@id":"https:\/\/vanavorumaamuuseumid.ee\/#organization"},"potentialAction":[{"@type":"SearchAction","target":{"@type":"EntryPoint","urlTemplate":"https:\/\/vanavorumaamuuseumid.ee\/?s={search_term_string}"},"query-input":{"@type":"PropertyValueSpecification","valueRequired":true,"valueName":"search_term_string"}}],"inLanguage":"vo"},{"@type":"Organization","@id":"https:\/\/vanavorumaamuuseumid.ee\/#organization","name":"V\u00f5ru Instituut","url":"https:\/\/vanavorumaamuuseumid.ee\/","logo":{"@type":"ImageObject","inLanguage":"vo","@id":"https:\/\/vanavorumaamuuseumid.ee\/#\/schema\/logo\/image\/","url":"https:\/\/vanavorumaamuuseumid.ee\/wp-content\/uploads\/2025\/05\/vana-voromaa-muusoumi-250516.svg","contentUrl":"https:\/\/vanavorumaamuuseumid.ee\/wp-content\/uploads\/2025\/05\/vana-voromaa-muusoumi-250516.svg","width":567,"height":80,"caption":"V\u00f5ru Instituut"},"image":{"@id":"https:\/\/vanavorumaamuuseumid.ee\/#\/schema\/logo\/image\/"}}]}},"_links":{"self":[{"href":"https:\/\/vanavorumaamuuseumid.ee\/vo\/wp-json\/wp\/v2\/pages\/1795","targetHints":{"allow":["GET"]}}],"collection":[{"href":"https:\/\/vanavorumaamuuseumid.ee\/vo\/wp-json\/wp\/v2\/pages"}],"about":[{"href":"https:\/\/vanavorumaamuuseumid.ee\/vo\/wp-json\/wp\/v2\/types\/page"}],"author":[{"embeddable":true,"href":"https:\/\/vanavorumaamuuseumid.ee\/vo\/wp-json\/wp\/v2\/users\/1"}],"replies":[{"embeddable":true,"href":"https:\/\/vanavorumaamuuseumid.ee\/vo\/wp-json\/wp\/v2\/comments?post=1795"}],"version-history":[{"count":3,"href":"https:\/\/vanavorumaamuuseumid.ee\/vo\/wp-json\/wp\/v2\/pages\/1795\/revisions"}],"predecessor-version":[{"id":1864,"href":"https:\/\/vanavorumaamuuseumid.ee\/vo\/wp-json\/wp\/v2\/pages\/1795\/revisions\/1864"}],"wp:attachment":[{"href":"https:\/\/vanavorumaamuuseumid.ee\/vo\/wp-json\/wp\/v2\/media?parent=1795"}],"curies":[{"name":"wp","href":"https:\/\/api.w.org\/{rel}","templated":true}]}}