{"id":274,"date":"2025-05-09T11:53:06","date_gmt":"2025-05-09T08:53:06","guid":{"rendered":"https:\/\/vanavorumaamuuseumid.ee\/?page_id=274"},"modified":"2025-09-17T13:53:11","modified_gmt":"2025-09-17T10:53:11","slug":"haridus","status":"publish","type":"page","link":"https:\/\/vanavorumaamuuseumid.ee\/vo\/monistemuuseum\/haridus\/","title":{"rendered":"Oppus"},"content":{"rendered":"<div class=\"wp-block-columns is-layout-flex wp-container-core-columns-is-layout-9d6595d7 wp-block-columns-is-layout-flex\">\n<div class=\"wp-block-column is-layout-flow wp-block-column-is-layout-flow\">\n<h2 class=\"wp-block-heading intro\">Pakumi V\u00f5romaa aoluu ja kultuurieloga tutvassaamis\u00f5s koolitusprogramm\u00f5 nii latsil\u00f5,\nnooril\u00f5 ku ka suuril\u00f5 inemiisile.<\/h2>\n\n\n\n<p><strong>Maksumus<\/strong> (v.a j\u00f5ulud ja pulmapaaride vastuv\u00f5tt): laps\/(\u00fcli)\u00f5pilane 3 eurot, t\u00e4iskasvanu 5 eurot.&nbsp;\u00d5petaja\/tugiisik TASUTA.<\/p>\n\n\n\n<p><strong>Kestus<\/strong>: Haridusprogramm: 1 kuni 1,5 tundi, teemap\u00e4ev: kuni 4 tundi, muuseum kohvris: 45 minutit<\/p>\n\n\n\n<p><strong>NB! Meil on vaba\u00f5humuuseum, seep\u00e4rast riietu alati vastavalt ilmale!<\/strong><\/p>\n<\/div>\n\n\n\n<div class=\"wp-block-column is-vertically-aligned-center col-haridus-img d-none d-lg-block is-layout-flow wp-block-column-is-layout-flow\">\n<figure class=\"wp-block-image size-full\"><img decoding=\"async\" width=\"720\" height=\"720\" src=\"https:\/\/vanavorumaamuuseumid.ee\/wp-content\/uploads\/2025\/09\/71474397_2139722959466678_5842995563859017728_n-1.jpg\" alt=\"\" class=\"wp-image-2733\" srcset=\"https:\/\/vanavorumaamuuseumid.ee\/wp-content\/uploads\/2025\/09\/71474397_2139722959466678_5842995563859017728_n-1.jpg 720w, https:\/\/vanavorumaamuuseumid.ee\/wp-content\/uploads\/2025\/09\/71474397_2139722959466678_5842995563859017728_n-1-480x480.jpg 480w\" sizes=\"(min-width: 0px) and (max-width: 480px) 480px, (min-width: 481px) 720px, 100vw\" \/><\/figure>\n\n\n\n<figure class=\"wp-block-image size-large symbol-bg\"><img decoding=\"async\" width=\"82\" height=\"82\" src=\"https:\/\/vanavorumaamuuseumid.ee\/wp-content\/uploads\/2025\/08\/rist-negatiiv-250822-02.svg\" alt=\"\" class=\"wp-image-2086\"\/><\/figure>\n<\/div>\n<\/div>\n\n\n\n<div style=\"height:40px\" aria-hidden=\"true\" class=\"wp-block-spacer\"><\/div>\n\n\n\n<div class=\"wp-block-columns is-layout-flex wp-container-core-columns-is-layout-9d6595d7 wp-block-columns-is-layout-flex\">\n<div class=\"wp-block-column is-layout-flow wp-block-column-is-layout-flow\">\n<h2 class=\"wp-block-heading intro\">Haridusprogrammid<\/h2>\n\n\n<ul class=\"wp-block-categories-list haridus-list wp-block-categories\">\t<li class=\"cat-item cat-item-35\"><a href=\"https:\/\/vanavorumaamuuseumid.ee\/vo\/mon-mu-cat\/lasteaed\/\">Lasteaed<\/a>\n<\/li>\n\t<li class=\"cat-item cat-item-45\"><a href=\"https:\/\/vanavorumaamuuseumid.ee\/vo\/mon-mu-cat\/pohikooli-1aste\/\">P\u00f5hikooli 1. aste<\/a>\n<\/li>\n\t<li class=\"cat-item cat-item-46\"><a href=\"https:\/\/vanavorumaamuuseumid.ee\/vo\/mon-mu-cat\/pohikooli-2aste\/\">P\u00f5hikooli 2. aste<\/a>\n<\/li>\n\t<li class=\"cat-item cat-item-47\"><a href=\"https:\/\/vanavorumaamuuseumid.ee\/vo\/mon-mu-cat\/pohikooli-3aste\/\">P\u00f5hikooli 3. aste<\/a>\n<\/li>\n\t<li class=\"cat-item cat-item-48\"><a href=\"https:\/\/vanavorumaamuuseumid.ee\/vo\/mon-mu-cat\/gumnaasium\/\">G\u00fcmnaasium<\/a>\n<\/li>\n<\/ul><\/div>\n\n\n\n<div class=\"wp-block-column is-layout-flow wp-block-column-is-layout-flow\"><\/div>\n<\/div>\n\n\n\n<div style=\"height:40px\" aria-hidden=\"true\" class=\"wp-block-spacer\"><\/div>\n\n\n\n<div class=\"wp-block-columns is-layout-flex wp-container-core-columns-is-layout-9d6595d7 wp-block-columns-is-layout-flex\">\n<div class=\"wp-block-column is-layout-flow wp-block-column-is-layout-flow\">\n<h2 class=\"wp-block-heading intro\">Teemap\u00e4evad<\/h2>\n\n\n<ul class=\"wp-block-categories-list haridus-list wp-block-categories\">\t<li class=\"cat-item cat-item-53\"><a href=\"https:\/\/vanavorumaamuuseumid.ee\/vo\/moniste-teemapaevad\/gumnaasium\/\">G\u00fcmnaasium<\/a>\n<\/li>\n\t<li class=\"cat-item cat-item-55\"><a href=\"https:\/\/vanavorumaamuuseumid.ee\/vo\/moniste-teemapaevad\/lasteaed\/\">Lasteaed<\/a>\n<\/li>\n\t<li class=\"cat-item cat-item-56\"><a href=\"https:\/\/vanavorumaamuuseumid.ee\/vo\/moniste-teemapaevad\/pohikooli-1aste\/\">P\u00f5hikooli 1. aste<\/a>\n<\/li>\n\t<li class=\"cat-item cat-item-57\"><a href=\"https:\/\/vanavorumaamuuseumid.ee\/vo\/moniste-teemapaevad\/pohikooli-2aste\/\">P\u00f5hikooli 2. aste<\/a>\n<\/li>\n\t<li class=\"cat-item cat-item-58\"><a href=\"https:\/\/vanavorumaamuuseumid.ee\/vo\/moniste-teemapaevad\/pohikooli-3aste\/\">P\u00f5hikooli 3. aste<\/a>\n<\/li>\n<\/ul><\/div>\n\n\n\n<div class=\"wp-block-column is-layout-flow wp-block-column-is-layout-flow\"><\/div>\n<\/div>\n\n\n\n<div style=\"height:40px\" aria-hidden=\"true\" class=\"wp-block-spacer\"><\/div>\n\n\n\n<div class=\"wp-block-columns is-layout-flex wp-container-core-columns-is-layout-9d6595d7 wp-block-columns-is-layout-flex\">\n<div class=\"wp-block-column is-layout-flow wp-block-column-is-layout-flow\">\n<h2 class=\"wp-block-heading intro\">Muuseum kohvris<\/h2>\n\n\n<ul class=\"wp-block-categories-list haridus-list wp-block-categories\">\t<li class=\"cat-item cat-item-66\"><a href=\"https:\/\/vanavorumaamuuseumid.ee\/vo\/moniste-muuseumkohvris\/gumnaasium\/\">G\u00fcmnaasium<\/a>\n<\/li>\n\t<li class=\"cat-item cat-item-54\"><a href=\"https:\/\/vanavorumaamuuseumid.ee\/vo\/moniste-muuseumkohvris\/lasteaed\/\">Lasteaed<\/a>\n<\/li>\n\t<li class=\"cat-item cat-item-62\"><a href=\"https:\/\/vanavorumaamuuseumid.ee\/vo\/moniste-muuseumkohvris\/pohikool-1aste\/\">P\u00f5hikooli 1. aste<\/a>\n<\/li>\n\t<li class=\"cat-item cat-item-63\"><a href=\"https:\/\/vanavorumaamuuseumid.ee\/vo\/moniste-muuseumkohvris\/pohikooli-2aste\/\">P\u00f5hikooli 2. aste<\/a>\n<\/li>\n\t<li class=\"cat-item cat-item-65\"><a href=\"https:\/\/vanavorumaamuuseumid.ee\/vo\/moniste-muuseumkohvris\/pohikooli-3aste\/\">P\u00f5hikooli 3. aste<\/a>\n<\/li>\n<\/ul><\/div>\n\n\n\n<div class=\"wp-block-column is-layout-flow wp-block-column-is-layout-flow\"><\/div>\n<\/div>","protected":false},"excerpt":{"rendered":"<p>Pakume V\u00f5rumaa ajalugu ja kultuurielu tutvustavaid haridusprogramme nii lastele, noortele kui ka [&hellip;]<\/p>\n","protected":false},"author":1,"featured_media":0,"parent":262,"menu_order":0,"comment_status":"closed","ping_status":"closed","template":"","meta":{"_acf_changed":false,"_et_pb_use_builder":"","_et_pb_old_content":"","_et_gb_content_width":"","footnotes":""},"class_list":["post-274","page","type-page","status-publish","hentry"],"acf":[],"yoast_head":"<!-- This site is optimized with the Yoast SEO plugin v27.4 - https:\/\/yoast.com\/product\/yoast-seo-wordpress\/ -->\n<title>Haridus - Vana-V\u00f5rumaa muuseumid<\/title>\n<meta name=\"robots\" content=\"index, follow, max-snippet:-1, max-image-preview:large, max-video-preview:-1\" \/>\n<link rel=\"canonical\" href=\"https:\/\/vanavorumaamuuseumid.ee\/vo\/monistemuuseum\/haridus\/\" \/>\n<meta property=\"og:locale\" content=\"en_US\" \/>\n<meta property=\"og:type\" content=\"article\" \/>\n<meta property=\"og:title\" content=\"Haridus - Vana-V\u00f5rumaa muuseumid\" \/>\n<meta property=\"og:description\" content=\"Pakume V\u00f5rumaa ajalugu ja kultuurielu tutvustavaid haridusprogramme nii lastele, noortele kui ka [&hellip;]\" \/>\n<meta property=\"og:url\" content=\"https:\/\/vanavorumaamuuseumid.ee\/vo\/monistemuuseum\/haridus\/\" \/>\n<meta property=\"og:site_name\" content=\"Vana-V\u00f5rumaa muuseumid\" \/>\n<meta property=\"article:modified_time\" content=\"2025-09-17T10:53:11+00:00\" \/>\n<meta property=\"og:image\" content=\"https:\/\/vanavorumaamuuseumid.ee\/wp-content\/uploads\/2025\/09\/71474397_2139722959466678_5842995563859017728_n-1.jpg\" \/>\n<meta name=\"twitter:card\" content=\"summary_large_image\" \/>\n<script type=\"application\/ld+json\" class=\"yoast-schema-graph\">{\"@context\":\"https:\\\/\\\/schema.org\",\"@graph\":[{\"@type\":\"WebPage\",\"@id\":\"https:\\\/\\\/vanavorumaamuuseumid.ee\\\/monistemuuseum\\\/haridus\\\/\",\"url\":\"https:\\\/\\\/vanavorumaamuuseumid.ee\\\/monistemuuseum\\\/haridus\\\/\",\"name\":\"Haridus - Vana-V\u00f5rumaa muuseumid\",\"isPartOf\":{\"@id\":\"https:\\\/\\\/vanavorumaamuuseumid.ee\\\/#website\"},\"primaryImageOfPage\":{\"@id\":\"https:\\\/\\\/vanavorumaamuuseumid.ee\\\/monistemuuseum\\\/haridus\\\/#primaryimage\"},\"image\":{\"@id\":\"https:\\\/\\\/vanavorumaamuuseumid.ee\\\/monistemuuseum\\\/haridus\\\/#primaryimage\"},\"thumbnailUrl\":\"https:\\\/\\\/vanavorumaamuuseumid.ee\\\/wp-content\\\/uploads\\\/2025\\\/09\\\/71474397_2139722959466678_5842995563859017728_n-1.jpg\",\"datePublished\":\"2025-05-09T08:53:06+00:00\",\"dateModified\":\"2025-09-17T10:53:11+00:00\",\"breadcrumb\":{\"@id\":\"https:\\\/\\\/vanavorumaamuuseumid.ee\\\/monistemuuseum\\\/haridus\\\/#breadcrumb\"},\"inLanguage\":\"vo\",\"potentialAction\":[{\"@type\":\"ReadAction\",\"target\":[\"https:\\\/\\\/vanavorumaamuuseumid.ee\\\/monistemuuseum\\\/haridus\\\/\"]}]},{\"@type\":\"ImageObject\",\"inLanguage\":\"vo\",\"@id\":\"https:\\\/\\\/vanavorumaamuuseumid.ee\\\/monistemuuseum\\\/haridus\\\/#primaryimage\",\"url\":\"https:\\\/\\\/vanavorumaamuuseumid.ee\\\/wp-content\\\/uploads\\\/2025\\\/09\\\/71474397_2139722959466678_5842995563859017728_n-1.jpg\",\"contentUrl\":\"https:\\\/\\\/vanavorumaamuuseumid.ee\\\/wp-content\\\/uploads\\\/2025\\\/09\\\/71474397_2139722959466678_5842995563859017728_n-1.jpg\"},{\"@type\":\"BreadcrumbList\",\"@id\":\"https:\\\/\\\/vanavorumaamuuseumid.ee\\\/monistemuuseum\\\/haridus\\\/#breadcrumb\",\"itemListElement\":[{\"@type\":\"ListItem\",\"position\":1,\"name\":\"Home\",\"item\":\"https:\\\/\\\/vanavorumaamuuseumid.ee\\\/\"},{\"@type\":\"ListItem\",\"position\":2,\"name\":\"M\u00f5niste Talurahvamuuseum\",\"item\":\"https:\\\/\\\/vanavorumaamuuseumid.ee\\\/monistemuuseum\\\/\"},{\"@type\":\"ListItem\",\"position\":3,\"name\":\"Haridus\"}]},{\"@type\":\"WebSite\",\"@id\":\"https:\\\/\\\/vanavorumaamuuseumid.ee\\\/#website\",\"url\":\"https:\\\/\\\/vanavorumaamuuseumid.ee\\\/\",\"name\":\"Vana-V\u00f5rumaa Muuseumid\",\"description\":\"V\u00f5rumaa Muuseum, Dr. Fr. R. Kreutzwaldi Memoriaalmuuseum, M\u00f5niste Talurahvamuuseum ja Karilatsi Vaba\u00f5humuuseum\",\"publisher\":{\"@id\":\"https:\\\/\\\/vanavorumaamuuseumid.ee\\\/#organization\"},\"potentialAction\":[{\"@type\":\"SearchAction\",\"target\":{\"@type\":\"EntryPoint\",\"urlTemplate\":\"https:\\\/\\\/vanavorumaamuuseumid.ee\\\/?s={search_term_string}\"},\"query-input\":{\"@type\":\"PropertyValueSpecification\",\"valueRequired\":true,\"valueName\":\"search_term_string\"}}],\"inLanguage\":\"vo\"},{\"@type\":\"Organization\",\"@id\":\"https:\\\/\\\/vanavorumaamuuseumid.ee\\\/#organization\",\"name\":\"V\u00f5ru Instituut\",\"url\":\"https:\\\/\\\/vanavorumaamuuseumid.ee\\\/\",\"logo\":{\"@type\":\"ImageObject\",\"inLanguage\":\"vo\",\"@id\":\"https:\\\/\\\/vanavorumaamuuseumid.ee\\\/#\\\/schema\\\/logo\\\/image\\\/\",\"url\":\"https:\\\/\\\/vanavorumaamuuseumid.ee\\\/wp-content\\\/uploads\\\/2025\\\/05\\\/vana-voromaa-muusoumi-250516.svg\",\"contentUrl\":\"https:\\\/\\\/vanavorumaamuuseumid.ee\\\/wp-content\\\/uploads\\\/2025\\\/05\\\/vana-voromaa-muusoumi-250516.svg\",\"width\":567,\"height\":80,\"caption\":\"V\u00f5ru Instituut\"},\"image\":{\"@id\":\"https:\\\/\\\/vanavorumaamuuseumid.ee\\\/#\\\/schema\\\/logo\\\/image\\\/\"}}]}<\/script>\n<!-- \/ Yoast SEO plugin. -->","yoast_head_json":{"title":"Haridus - Vana-V\u00f5rumaa muuseumid","robots":{"index":"index","follow":"follow","max-snippet":"max-snippet:-1","max-image-preview":"max-image-preview:large","max-video-preview":"max-video-preview:-1"},"canonical":"https:\/\/vanavorumaamuuseumid.ee\/vo\/monistemuuseum\/haridus\/","og_locale":"en_US","og_type":"article","og_title":"Haridus - Vana-V\u00f5rumaa muuseumid","og_description":"Pakume V\u00f5rumaa ajalugu ja kultuurielu tutvustavaid haridusprogramme nii lastele, noortele kui ka [&hellip;]","og_url":"https:\/\/vanavorumaamuuseumid.ee\/vo\/monistemuuseum\/haridus\/","og_site_name":"Vana-V\u00f5rumaa muuseumid","article_modified_time":"2025-09-17T10:53:11+00:00","og_image":[{"url":"https:\/\/vanavorumaamuuseumid.ee\/wp-content\/uploads\/2025\/09\/71474397_2139722959466678_5842995563859017728_n-1.jpg","type":"","width":"","height":""}],"twitter_card":"summary_large_image","schema":{"@context":"https:\/\/schema.org","@graph":[{"@type":"WebPage","@id":"https:\/\/vanavorumaamuuseumid.ee\/monistemuuseum\/haridus\/","url":"https:\/\/vanavorumaamuuseumid.ee\/monistemuuseum\/haridus\/","name":"Haridus - Vana-V\u00f5rumaa muuseumid","isPartOf":{"@id":"https:\/\/vanavorumaamuuseumid.ee\/#website"},"primaryImageOfPage":{"@id":"https:\/\/vanavorumaamuuseumid.ee\/monistemuuseum\/haridus\/#primaryimage"},"image":{"@id":"https:\/\/vanavorumaamuuseumid.ee\/monistemuuseum\/haridus\/#primaryimage"},"thumbnailUrl":"https:\/\/vanavorumaamuuseumid.ee\/wp-content\/uploads\/2025\/09\/71474397_2139722959466678_5842995563859017728_n-1.jpg","datePublished":"2025-05-09T08:53:06+00:00","dateModified":"2025-09-17T10:53:11+00:00","breadcrumb":{"@id":"https:\/\/vanavorumaamuuseumid.ee\/monistemuuseum\/haridus\/#breadcrumb"},"inLanguage":"vo","potentialAction":[{"@type":"ReadAction","target":["https:\/\/vanavorumaamuuseumid.ee\/monistemuuseum\/haridus\/"]}]},{"@type":"ImageObject","inLanguage":"vo","@id":"https:\/\/vanavorumaamuuseumid.ee\/monistemuuseum\/haridus\/#primaryimage","url":"https:\/\/vanavorumaamuuseumid.ee\/wp-content\/uploads\/2025\/09\/71474397_2139722959466678_5842995563859017728_n-1.jpg","contentUrl":"https:\/\/vanavorumaamuuseumid.ee\/wp-content\/uploads\/2025\/09\/71474397_2139722959466678_5842995563859017728_n-1.jpg"},{"@type":"BreadcrumbList","@id":"https:\/\/vanavorumaamuuseumid.ee\/monistemuuseum\/haridus\/#breadcrumb","itemListElement":[{"@type":"ListItem","position":1,"name":"Home","item":"https:\/\/vanavorumaamuuseumid.ee\/"},{"@type":"ListItem","position":2,"name":"M\u00f5niste Talurahvamuuseum","item":"https:\/\/vanavorumaamuuseumid.ee\/monistemuuseum\/"},{"@type":"ListItem","position":3,"name":"Haridus"}]},{"@type":"WebSite","@id":"https:\/\/vanavorumaamuuseumid.ee\/#website","url":"https:\/\/vanavorumaamuuseumid.ee\/","name":"Vana-V\u00f5rumaa Muuseumid","description":"V\u00f5rumaa Muuseum, Dr. Fr. R. Kreutzwaldi Memoriaalmuuseum, M\u00f5niste Talurahvamuuseum ja Karilatsi Vaba\u00f5humuuseum","publisher":{"@id":"https:\/\/vanavorumaamuuseumid.ee\/#organization"},"potentialAction":[{"@type":"SearchAction","target":{"@type":"EntryPoint","urlTemplate":"https:\/\/vanavorumaamuuseumid.ee\/?s={search_term_string}"},"query-input":{"@type":"PropertyValueSpecification","valueRequired":true,"valueName":"search_term_string"}}],"inLanguage":"vo"},{"@type":"Organization","@id":"https:\/\/vanavorumaamuuseumid.ee\/#organization","name":"V\u00f5ru Instituut","url":"https:\/\/vanavorumaamuuseumid.ee\/","logo":{"@type":"ImageObject","inLanguage":"vo","@id":"https:\/\/vanavorumaamuuseumid.ee\/#\/schema\/logo\/image\/","url":"https:\/\/vanavorumaamuuseumid.ee\/wp-content\/uploads\/2025\/05\/vana-voromaa-muusoumi-250516.svg","contentUrl":"https:\/\/vanavorumaamuuseumid.ee\/wp-content\/uploads\/2025\/05\/vana-voromaa-muusoumi-250516.svg","width":567,"height":80,"caption":"V\u00f5ru Instituut"},"image":{"@id":"https:\/\/vanavorumaamuuseumid.ee\/#\/schema\/logo\/image\/"}}]}},"_links":{"self":[{"href":"https:\/\/vanavorumaamuuseumid.ee\/vo\/wp-json\/wp\/v2\/pages\/274","targetHints":{"allow":["GET"]}}],"collection":[{"href":"https:\/\/vanavorumaamuuseumid.ee\/vo\/wp-json\/wp\/v2\/pages"}],"about":[{"href":"https:\/\/vanavorumaamuuseumid.ee\/vo\/wp-json\/wp\/v2\/types\/page"}],"author":[{"embeddable":true,"href":"https:\/\/vanavorumaamuuseumid.ee\/vo\/wp-json\/wp\/v2\/users\/1"}],"replies":[{"embeddable":true,"href":"https:\/\/vanavorumaamuuseumid.ee\/vo\/wp-json\/wp\/v2\/comments?post=274"}],"version-history":[{"count":24,"href":"https:\/\/vanavorumaamuuseumid.ee\/vo\/wp-json\/wp\/v2\/pages\/274\/revisions"}],"predecessor-version":[{"id":3056,"href":"https:\/\/vanavorumaamuuseumid.ee\/vo\/wp-json\/wp\/v2\/pages\/274\/revisions\/3056"}],"up":[{"embeddable":true,"href":"https:\/\/vanavorumaamuuseumid.ee\/vo\/wp-json\/wp\/v2\/pages\/262"}],"wp:attachment":[{"href":"https:\/\/vanavorumaamuuseumid.ee\/vo\/wp-json\/wp\/v2\/media?parent=274"}],"curies":[{"name":"wp","href":"https:\/\/api.w.org\/{rel}","templated":true}]}}