{"id":2820,"date":"2025-09-15T12:15:19","date_gmt":"2025-09-15T09:15:19","guid":{"rendered":"https:\/\/vanavorumaamuuseumid.ee\/?page_id=2820"},"modified":"2026-03-09T13:22:06","modified_gmt":"2026-03-09T11:22:06","slug":"teenused","status":"publish","type":"page","link":"https:\/\/vanavorumaamuuseumid.ee\/vo\/monistemuuseum\/teenused\/","title":{"rendered":"Teenused"},"content":{"rendered":"<h1 class=\"wp-block-heading has-text-align-left\" style=\"font-size:30px\">V\u00e4ljas\u00f5idu programmid<\/h1>\n\n\n\n<div style=\"height:30px\" aria-hidden=\"true\" class=\"wp-block-spacer\"><\/div>\n\n\n\n<ul class=\"wp-block-list\">\n<li>Tegevusi juhendavad korraga 2-4 juhendajat erinevates tegevuspaikades.<\/li>\n\n\n\n<li>Programmi kestvus 3-4 tundi.<\/li>\n<\/ul>\n\n\n\n<details class=\"wp-block-details is-layout-flow wp-block-details-is-layout-flow\"><summary><strong>Programmide loend<\/strong><\/summary>\n<div style=\"height:15px\" aria-hidden=\"true\" class=\"wp-block-spacer\"><\/div>\n\n\n\n<details class=\"wp-block-details is-layout-flow wp-block-details-is-layout-flow\"><summary><strong>Kiviaja tegevused<\/strong><\/summary>\n<p>Kiviaja p\u00fcstkoda, tule tegemise erinevad v\u00f5imalused, jahi- ja kalap\u00fc\u00fcgiriistad, savin\u00f5ude valmistamine, jahu jahvatamine ja kakkude k\u00fcpsetamine.<\/p>\n<\/details>\n\n\n\n<div style=\"height:15px\" aria-hidden=\"true\" class=\"wp-block-spacer\"><\/div>\n\n\n\n<details class=\"wp-block-details is-layout-flow wp-block-details-is-layout-flow\"><summary><strong><strong>Talulaste m\u00e4ngup\u00e4ev<\/strong><\/strong><\/summary>\n<p>Puust ja looduslikest materjalidest valmistatud loomade, karjaaedade, taluhoonetega m\u00e4ngutalude ehitamine, oma m\u00e4nguloomade valmistamine, ehete ja tootemite meisterdamine.<\/p>\n<\/details>\n\n\n\n<div style=\"height:15px\" aria-hidden=\"true\" class=\"wp-block-spacer\"><\/div>\n\n\n\n<details class=\"wp-block-details is-layout-flow wp-block-details-is-layout-flow\"><summary><strong><strong><strong>Leivap\u00e4ev<\/strong><\/strong><\/strong><\/summary>\n<p>Rukki rabamine, terade s\u00f5elumine ja tuulamine, terade jahvatamine k\u00e4sikivil, leiva k\u00fcpsetamine.<\/p>\n<\/details>\n\n\n\n<div style=\"height:15px\" aria-hidden=\"true\" class=\"wp-block-spacer\"><\/div>\n\n\n\n<details class=\"wp-block-details is-layout-flow wp-block-details-is-layout-flow\"><summary><strong><strong><strong><strong><strong>P\u00e4randtegevused<\/strong><\/strong><\/strong><\/strong><\/strong><\/summary>\n<p>Vastavalt soovile ja osalejate vanusele \u00f5petame kergemaid v\u00f5i rohkem t\u00e4helepanu n\u00f5udvaid p\u00e4randtegevusi: kraasimine, vokiga ketramine, kedervarrega ketramine, kanga kudumine, p\u00e4rja punumine, pilli tegemine, paelte punumine jne.<\/p>\n<\/details>\n\n\n\n<div style=\"height:15px\" aria-hidden=\"true\" class=\"wp-block-spacer\"><\/div>\n\n\n\n<details class=\"wp-block-details is-layout-flow wp-block-details-is-layout-flow\"><summary><strong><strong><strong><strong><strong><strong>Mi uma savvusann<\/strong><\/strong><\/strong><\/strong><\/strong><\/strong><\/summary>\n<p>Tutvustame suitsusaunakombestikku, saunavihtade tegemine, k\u00fctmispuidu valimine,&nbsp;kerisekivide ladumine, v\u00f5rukeelne saunam\u00e4ng ja virtuaalne saunak\u00fclastus.<\/p>\n<\/details>\n\n\n\n<div style=\"height:15px\" aria-hidden=\"true\" class=\"wp-block-spacer\"><\/div>\n\n\n\n<details class=\"wp-block-details is-layout-flow wp-block-details-is-layout-flow\"><summary><strong><strong><strong><strong><strong><strong><strong>Mesindus. Linda linda mehilane!<\/strong>&nbsp;<\/strong><\/strong><\/strong><\/strong><\/strong><\/strong><\/summary>\n<p>Teeme juttu mesilastest, nende t\u00f6\u00f6jaotusest ja tegemistest vastvalminud mesinduse ajaloon\u00e4ituse ja magnetm\u00e4ngu abil. Saame teada, mis on peale mee veel mesilaste toodang. Arutame, mida saame ise teha selle heaks, et need kasulikud putukad ikka meie aedades askeldaksid.<\/p>\n<\/details>\n<\/details>\n\n\n\n<div style=\"height:30px\" aria-hidden=\"true\" class=\"wp-block-spacer\"><\/div>\n\n\n\n<h1 class=\"wp-block-heading has-text-align-left\" style=\"font-size:30px\">Suitsusauna kasutamine<\/h1>\n\n\n\n<div style=\"height:15px\" aria-hidden=\"true\" class=\"wp-block-spacer\"><\/div>\n\n\n\n<p>Koge unikaalset saunakogemust Eesti vanimas vaba\u00f5humuuseumis!<\/p>\n\n\n\n<p>Juurde on v\u00f5imalik tellida saunakombestiku tutvustamine.<\/p>\n\n\n\n<p>Sauna mahub korraga kuni 8 inimest.<\/p>\n\n\n\n<div style=\"height:30px\" aria-hidden=\"true\" class=\"wp-block-spacer\"><\/div>\n\n\n\n<h1 class=\"wp-block-heading\" style=\"font-size:30px\">Ruumide ja territooriumi kasutamine<\/h1>\n\n\n\n<div style=\"height:15px\" aria-hidden=\"true\" class=\"wp-block-spacer\"><\/div>\n\n\n\n<ul class=\"wp-block-list\">\n<li>\u00d5ppehoone kasutamine<\/li>\n\n\n\n<li>\u00d5ueala kasutamine<\/li>\n<\/ul>\n\n\n\n<div style=\"height:30px\" aria-hidden=\"true\" class=\"wp-block-spacer\"><\/div>\n\n\n\n<h1 class=\"wp-block-heading\" style=\"font-size:30px\"><strong>Museaalide kasutamine<\/strong><\/h1>\n\n\n\n<p>Museaalide digitaalsete kujutiste ja fotode kasutamine:<\/p>\n\n\n\n<ul class=\"wp-block-list\">\n<li>ajakirjanduses, turismiv\u00e4ljaandes, tr\u00fckises<\/li>\n\n\n\n<li>teadus-ja pedagoogilises v\u00e4ljaandes<\/li>\n\n\n\n<li>pakendil, kaanekujunduses, reklaamis, sisekujunduses<\/li>\n<\/ul>\n\n\n\n<div style=\"height:30px\" aria-hidden=\"true\" class=\"wp-block-spacer\"><\/div>\n\n\n\n<h1 class=\"wp-block-heading\" style=\"font-size:30px\"><strong>Muud teenused<\/strong><\/h1>\n\n\n\n<ul class=\"wp-block-list\">\n<li>Karavani parkimine<\/li>\n\n\n\n<li>Pesumasina-kiirkuivati teenus<\/li>\n<\/ul>\n\n\n\n<div style=\"height:15px\" aria-hidden=\"true\" class=\"wp-block-spacer\"><\/div>\n\n\n\n<div class=\"wp-block-buttons is-layout-flex wp-block-buttons-is-layout-flex\">\n<div class=\"wp-block-button\"><a class=\"wp-block-button__link wp-element-button\" href=\"https:\/\/vanavorumaamuuseumid.ee\/wp-content\/uploads\/2026\/03\/Hinnakiri-Moniste-2026.pdf\" target=\"_blank\" rel=\"noreferrer noopener\">Hinnakiri<\/a><\/div>\n<\/div>","protected":false},"excerpt":{"rendered":"<p>V\u00e4ljas\u00f5idu programmid Suitsusauna kasutamine Koge unikaalset saunakogemust Eesti vanimas vaba\u00f5humuuseumis! Juurde on [&hellip;]<\/p>\n","protected":false},"author":1,"featured_media":0,"parent":262,"menu_order":0,"comment_status":"closed","ping_status":"closed","template":"","meta":{"_acf_changed":false,"_et_pb_use_builder":"","_et_pb_old_content":"","_et_gb_content_width":"","footnotes":""},"class_list":["post-2820","page","type-page","status-publish","hentry"],"acf":[],"yoast_head":"<!-- This site is optimized with the Yoast SEO plugin v27.4 - https:\/\/yoast.com\/product\/yoast-seo-wordpress\/ -->\n<title>Teenused - Vana-V\u00f5rumaa muuseumid<\/title>\n<meta name=\"robots\" content=\"index, follow, max-snippet:-1, max-image-preview:large, max-video-preview:-1\" \/>\n<link rel=\"canonical\" href=\"https:\/\/vanavorumaamuuseumid.ee\/vo\/monistemuuseum\/teenused\/\" \/>\n<meta property=\"og:locale\" content=\"en_US\" \/>\n<meta property=\"og:type\" content=\"article\" \/>\n<meta property=\"og:title\" content=\"Teenused - Vana-V\u00f5rumaa muuseumid\" \/>\n<meta property=\"og:description\" content=\"V\u00e4ljas\u00f5idu programmid Suitsusauna kasutamine Koge unikaalset saunakogemust Eesti vanimas vaba\u00f5humuuseumis! Juurde on [&hellip;]\" \/>\n<meta property=\"og:url\" content=\"https:\/\/vanavorumaamuuseumid.ee\/vo\/monistemuuseum\/teenused\/\" \/>\n<meta property=\"og:site_name\" content=\"Vana-V\u00f5rumaa muuseumid\" \/>\n<meta property=\"article:modified_time\" content=\"2026-03-09T11:22:06+00:00\" \/>\n<meta name=\"twitter:card\" content=\"summary_large_image\" \/>\n<meta name=\"twitter:label1\" content=\"Est. reading time\" \/>\n\t<meta name=\"twitter:data1\" content=\"2 minutes\" \/>\n<script type=\"application\/ld+json\" class=\"yoast-schema-graph\">{\"@context\":\"https:\\\/\\\/schema.org\",\"@graph\":[{\"@type\":\"WebPage\",\"@id\":\"https:\\\/\\\/vanavorumaamuuseumid.ee\\\/monistemuuseum\\\/teenused\\\/\",\"url\":\"https:\\\/\\\/vanavorumaamuuseumid.ee\\\/monistemuuseum\\\/teenused\\\/\",\"name\":\"Teenused - Vana-V\u00f5rumaa muuseumid\",\"isPartOf\":{\"@id\":\"https:\\\/\\\/vanavorumaamuuseumid.ee\\\/#website\"},\"datePublished\":\"2025-09-15T09:15:19+00:00\",\"dateModified\":\"2026-03-09T11:22:06+00:00\",\"breadcrumb\":{\"@id\":\"https:\\\/\\\/vanavorumaamuuseumid.ee\\\/monistemuuseum\\\/teenused\\\/#breadcrumb\"},\"inLanguage\":\"vo\",\"potentialAction\":[{\"@type\":\"ReadAction\",\"target\":[\"https:\\\/\\\/vanavorumaamuuseumid.ee\\\/monistemuuseum\\\/teenused\\\/\"]}]},{\"@type\":\"BreadcrumbList\",\"@id\":\"https:\\\/\\\/vanavorumaamuuseumid.ee\\\/monistemuuseum\\\/teenused\\\/#breadcrumb\",\"itemListElement\":[{\"@type\":\"ListItem\",\"position\":1,\"name\":\"Home\",\"item\":\"https:\\\/\\\/vanavorumaamuuseumid.ee\\\/\"},{\"@type\":\"ListItem\",\"position\":2,\"name\":\"M\u00f5niste Talurahvamuuseum\",\"item\":\"https:\\\/\\\/vanavorumaamuuseumid.ee\\\/monistemuuseum\\\/\"},{\"@type\":\"ListItem\",\"position\":3,\"name\":\"Teenused\"}]},{\"@type\":\"WebSite\",\"@id\":\"https:\\\/\\\/vanavorumaamuuseumid.ee\\\/#website\",\"url\":\"https:\\\/\\\/vanavorumaamuuseumid.ee\\\/\",\"name\":\"Vana-V\u00f5rumaa Muuseumid\",\"description\":\"V\u00f5rumaa Muuseum, Dr. Fr. R. Kreutzwaldi Memoriaalmuuseum, M\u00f5niste Talurahvamuuseum ja Karilatsi Vaba\u00f5humuuseum\",\"publisher\":{\"@id\":\"https:\\\/\\\/vanavorumaamuuseumid.ee\\\/#organization\"},\"potentialAction\":[{\"@type\":\"SearchAction\",\"target\":{\"@type\":\"EntryPoint\",\"urlTemplate\":\"https:\\\/\\\/vanavorumaamuuseumid.ee\\\/?s={search_term_string}\"},\"query-input\":{\"@type\":\"PropertyValueSpecification\",\"valueRequired\":true,\"valueName\":\"search_term_string\"}}],\"inLanguage\":\"vo\"},{\"@type\":\"Organization\",\"@id\":\"https:\\\/\\\/vanavorumaamuuseumid.ee\\\/#organization\",\"name\":\"V\u00f5ru Instituut\",\"url\":\"https:\\\/\\\/vanavorumaamuuseumid.ee\\\/\",\"logo\":{\"@type\":\"ImageObject\",\"inLanguage\":\"vo\",\"@id\":\"https:\\\/\\\/vanavorumaamuuseumid.ee\\\/#\\\/schema\\\/logo\\\/image\\\/\",\"url\":\"https:\\\/\\\/vanavorumaamuuseumid.ee\\\/wp-content\\\/uploads\\\/2025\\\/05\\\/vana-voromaa-muusoumi-250516.svg\",\"contentUrl\":\"https:\\\/\\\/vanavorumaamuuseumid.ee\\\/wp-content\\\/uploads\\\/2025\\\/05\\\/vana-voromaa-muusoumi-250516.svg\",\"width\":567,\"height\":80,\"caption\":\"V\u00f5ru Instituut\"},\"image\":{\"@id\":\"https:\\\/\\\/vanavorumaamuuseumid.ee\\\/#\\\/schema\\\/logo\\\/image\\\/\"}}]}<\/script>\n<!-- \/ Yoast SEO plugin. -->","yoast_head_json":{"title":"Teenused - Vana-V\u00f5rumaa muuseumid","robots":{"index":"index","follow":"follow","max-snippet":"max-snippet:-1","max-image-preview":"max-image-preview:large","max-video-preview":"max-video-preview:-1"},"canonical":"https:\/\/vanavorumaamuuseumid.ee\/vo\/monistemuuseum\/teenused\/","og_locale":"en_US","og_type":"article","og_title":"Teenused - Vana-V\u00f5rumaa muuseumid","og_description":"V\u00e4ljas\u00f5idu programmid Suitsusauna kasutamine Koge unikaalset saunakogemust Eesti vanimas vaba\u00f5humuuseumis! Juurde on [&hellip;]","og_url":"https:\/\/vanavorumaamuuseumid.ee\/vo\/monistemuuseum\/teenused\/","og_site_name":"Vana-V\u00f5rumaa muuseumid","article_modified_time":"2026-03-09T11:22:06+00:00","twitter_card":"summary_large_image","twitter_misc":{"Est. reading time":"2 minutes"},"schema":{"@context":"https:\/\/schema.org","@graph":[{"@type":"WebPage","@id":"https:\/\/vanavorumaamuuseumid.ee\/monistemuuseum\/teenused\/","url":"https:\/\/vanavorumaamuuseumid.ee\/monistemuuseum\/teenused\/","name":"Teenused - Vana-V\u00f5rumaa muuseumid","isPartOf":{"@id":"https:\/\/vanavorumaamuuseumid.ee\/#website"},"datePublished":"2025-09-15T09:15:19+00:00","dateModified":"2026-03-09T11:22:06+00:00","breadcrumb":{"@id":"https:\/\/vanavorumaamuuseumid.ee\/monistemuuseum\/teenused\/#breadcrumb"},"inLanguage":"vo","potentialAction":[{"@type":"ReadAction","target":["https:\/\/vanavorumaamuuseumid.ee\/monistemuuseum\/teenused\/"]}]},{"@type":"BreadcrumbList","@id":"https:\/\/vanavorumaamuuseumid.ee\/monistemuuseum\/teenused\/#breadcrumb","itemListElement":[{"@type":"ListItem","position":1,"name":"Home","item":"https:\/\/vanavorumaamuuseumid.ee\/"},{"@type":"ListItem","position":2,"name":"M\u00f5niste Talurahvamuuseum","item":"https:\/\/vanavorumaamuuseumid.ee\/monistemuuseum\/"},{"@type":"ListItem","position":3,"name":"Teenused"}]},{"@type":"WebSite","@id":"https:\/\/vanavorumaamuuseumid.ee\/#website","url":"https:\/\/vanavorumaamuuseumid.ee\/","name":"Vana-V\u00f5rumaa Muuseumid","description":"V\u00f5rumaa Muuseum, Dr. Fr. R. Kreutzwaldi Memoriaalmuuseum, M\u00f5niste Talurahvamuuseum ja Karilatsi Vaba\u00f5humuuseum","publisher":{"@id":"https:\/\/vanavorumaamuuseumid.ee\/#organization"},"potentialAction":[{"@type":"SearchAction","target":{"@type":"EntryPoint","urlTemplate":"https:\/\/vanavorumaamuuseumid.ee\/?s={search_term_string}"},"query-input":{"@type":"PropertyValueSpecification","valueRequired":true,"valueName":"search_term_string"}}],"inLanguage":"vo"},{"@type":"Organization","@id":"https:\/\/vanavorumaamuuseumid.ee\/#organization","name":"V\u00f5ru Instituut","url":"https:\/\/vanavorumaamuuseumid.ee\/","logo":{"@type":"ImageObject","inLanguage":"vo","@id":"https:\/\/vanavorumaamuuseumid.ee\/#\/schema\/logo\/image\/","url":"https:\/\/vanavorumaamuuseumid.ee\/wp-content\/uploads\/2025\/05\/vana-voromaa-muusoumi-250516.svg","contentUrl":"https:\/\/vanavorumaamuuseumid.ee\/wp-content\/uploads\/2025\/05\/vana-voromaa-muusoumi-250516.svg","width":567,"height":80,"caption":"V\u00f5ru Instituut"},"image":{"@id":"https:\/\/vanavorumaamuuseumid.ee\/#\/schema\/logo\/image\/"}}]}},"_links":{"self":[{"href":"https:\/\/vanavorumaamuuseumid.ee\/vo\/wp-json\/wp\/v2\/pages\/2820","targetHints":{"allow":["GET"]}}],"collection":[{"href":"https:\/\/vanavorumaamuuseumid.ee\/vo\/wp-json\/wp\/v2\/pages"}],"about":[{"href":"https:\/\/vanavorumaamuuseumid.ee\/vo\/wp-json\/wp\/v2\/types\/page"}],"author":[{"embeddable":true,"href":"https:\/\/vanavorumaamuuseumid.ee\/vo\/wp-json\/wp\/v2\/users\/1"}],"replies":[{"embeddable":true,"href":"https:\/\/vanavorumaamuuseumid.ee\/vo\/wp-json\/wp\/v2\/comments?post=2820"}],"version-history":[{"count":11,"href":"https:\/\/vanavorumaamuuseumid.ee\/vo\/wp-json\/wp\/v2\/pages\/2820\/revisions"}],"predecessor-version":[{"id":5359,"href":"https:\/\/vanavorumaamuuseumid.ee\/vo\/wp-json\/wp\/v2\/pages\/2820\/revisions\/5359"}],"up":[{"embeddable":true,"href":"https:\/\/vanavorumaamuuseumid.ee\/vo\/wp-json\/wp\/v2\/pages\/262"}],"wp:attachment":[{"href":"https:\/\/vanavorumaamuuseumid.ee\/vo\/wp-json\/wp\/v2\/media?parent=2820"}],"curies":[{"name":"wp","href":"https:\/\/api.w.org\/{rel}","templated":true}]}}