{"id":2822,"date":"2025-09-15T12:15:55","date_gmt":"2025-09-15T09:15:55","guid":{"rendered":"https:\/\/vanavorumaamuuseumid.ee\/?page_id=2822"},"modified":"2025-11-13T13:40:55","modified_gmt":"2025-11-13T11:40:55","slug":"teenused","status":"publish","type":"page","link":"https:\/\/vanavorumaamuuseumid.ee\/vo\/karilatsimuuseum\/teenused\/","title":{"rendered":"Teenused"},"content":{"rendered":"<h1 class=\"wp-block-heading\"><strong>T\u00e4htp\u00e4ev muuseumis \u2013 peopaik looduse ja p\u00e4randi keskel<\/strong><\/h1>\n\n\n\n<p>Otsid erilist paika, kus t\u00e4histada klassi- v\u00f5i lasteaia\u00fcritust, s\u00fcnnip\u00e4eva v\u00f5i perepidu?<br>Karilatsi Vaba\u00f5humuuseum pakub selleks ainulaadset keskkonda, kus <strong>loodus, ajalugu ja r\u00f5\u00f5mus koosolemine<\/strong> p\u00f5imuvad meeldej\u00e4\u00e4vaks elamuseks.<\/p>\n\n\n\n<!--more-->\n\n\n\n<p><strong>Vali oma peokoht<\/strong><\/p>\n\n\n\n<p>Muuseumi avar ja kaunis territoorium ootab k\u00fclalisi looduskaunitel pikniku- ja peoplatsidel \u2013 ideaalne paik, et veeta p\u00e4ev v\u00e4rskes \u00f5hus ning t\u00e4histada t\u00e4htp\u00e4eva omas r\u00fctmis.<\/p>\n\n\n\n<div class=\"wp-block-group is-layout-grid wp-container-core-group-is-layout-6be84c55 wp-block-group-is-layout-grid\">\n<figure class=\"wp-block-gallery has-nested-images columns-default is-cropped wp-block-gallery-1 is-layout-flex wp-block-gallery-is-layout-flex\">\n<figure class=\"wp-block-image size-large\"><img decoding=\"async\" width=\"1024\" height=\"626\" data-id=\"4573\" src=\"https:\/\/vanavorumaamuuseumid.ee\/wp-content\/uploads\/2025\/11\/Tsooriplats-1024x626.jpg\" alt=\"\" class=\"wp-image-4573\" srcset=\"https:\/\/vanavorumaamuuseumid.ee\/wp-content\/uploads\/2025\/11\/Tsooriplats-1024x626.jpg 1024w, https:\/\/vanavorumaamuuseumid.ee\/wp-content\/uploads\/2025\/11\/Tsooriplats-980x599.jpg 980w, https:\/\/vanavorumaamuuseumid.ee\/wp-content\/uploads\/2025\/11\/Tsooriplats-480x294.jpg 480w\" sizes=\"(min-width: 0px) and (max-width: 480px) 480px, (min-width: 481px) and (max-width: 980px) 980px, (min-width: 981px) 1024px, 100vw\" \/><\/figure>\n<\/figure>\n\n\n\n<figure class=\"wp-block-image size-large\"><img decoding=\"async\" width=\"1024\" height=\"683\" src=\"https:\/\/vanavorumaamuuseumid.ee\/wp-content\/uploads\/2025\/11\/99D_3828-5-1024x683.jpg\" alt=\"\" class=\"wp-image-4394\" srcset=\"https:\/\/vanavorumaamuuseumid.ee\/wp-content\/uploads\/2025\/11\/99D_3828-5-980x653.jpg 980w, https:\/\/vanavorumaamuuseumid.ee\/wp-content\/uploads\/2025\/11\/99D_3828-5-480x320.jpg 480w\" sizes=\"(min-width: 0px) and (max-width: 480px) 480px, (min-width: 481px) and (max-width: 980px) 980px, (min-width: 981px) 1024px, 100vw\" \/><\/figure>\n\n\n\n<figure class=\"wp-block-image size-large\"><img decoding=\"async\" width=\"1024\" height=\"683\" src=\"https:\/\/vanavorumaamuuseumid.ee\/wp-content\/uploads\/2025\/11\/0E3A0570-scaled-6-1024x683.jpg\" alt=\"\" class=\"wp-image-4411\" srcset=\"https:\/\/vanavorumaamuuseumid.ee\/wp-content\/uploads\/2025\/11\/0E3A0570-scaled-6-980x653.jpg 980w, https:\/\/vanavorumaamuuseumid.ee\/wp-content\/uploads\/2025\/11\/0E3A0570-scaled-6-480x320.jpg 480w\" sizes=\"(min-width: 0px) and (max-width: 480px) 480px, (min-width: 481px) and (max-width: 980px) 980px, (min-width: 981px) 1024px, 100vw\" \/><\/figure>\n<\/div>\n\n\n\n<p><strong>Muuseumitunnid ja t\u00f6\u00f6toad<\/strong><br>Et t\u00e4htp\u00e4ev oleks t\u00f5eliselt meeldej\u00e4\u00e4v, vali juurde \u00fcks meie p\u00f5nevatest muuseumitundidest.<\/p>\n\n\n\n<p>Tutvu v\u00f5imalustega: <a href=\"https:\/\/vanavorumaamuuseumid.ee\/vo\/karilatsimuuseum\/haridus\/\">https:\/\/vanavorumaamuuseumid.ee\/karilatsimuuseum\/haridus\/<\/a><\/p>\n\n\n\n<figure class=\"wp-block-gallery has-nested-images columns-default is-cropped wp-block-gallery-2 is-layout-flex wp-block-gallery-is-layout-flex\">\n<figure class=\"wp-block-image size-large\"><img decoding=\"async\" width=\"1024\" height=\"680\" data-id=\"4581\" src=\"https:\/\/vanavorumaamuuseumid.ee\/wp-content\/uploads\/2025\/11\/DSC_1094-1024x680.jpg\" alt=\"\" class=\"wp-image-4581\" srcset=\"https:\/\/vanavorumaamuuseumid.ee\/wp-content\/uploads\/2025\/11\/DSC_1094-980x651.jpg 980w, https:\/\/vanavorumaamuuseumid.ee\/wp-content\/uploads\/2025\/11\/DSC_1094-480x319.jpg 480w\" sizes=\"(min-width: 0px) and (max-width: 480px) 480px, (min-width: 481px) and (max-width: 980px) 980px, (min-width: 981px) 1024px, 100vw\" \/><\/figure>\n\n\n\n<figure class=\"wp-block-image size-large\"><img decoding=\"async\" width=\"1024\" height=\"683\" data-id=\"4580\" src=\"https:\/\/vanavorumaamuuseumid.ee\/wp-content\/uploads\/2025\/11\/DSC07637-1-1024x683.jpg\" alt=\"\" class=\"wp-image-4580\" srcset=\"https:\/\/vanavorumaamuuseumid.ee\/wp-content\/uploads\/2025\/11\/DSC07637-1-980x653.jpg 980w, https:\/\/vanavorumaamuuseumid.ee\/wp-content\/uploads\/2025\/11\/DSC07637-1-480x320.jpg 480w\" sizes=\"(min-width: 0px) and (max-width: 480px) 480px, (min-width: 481px) and (max-width: 980px) 980px, (min-width: 981px) 1024px, 100vw\" \/><\/figure>\n\n\n\n<figure class=\"wp-block-image size-large\"><img decoding=\"async\" width=\"1024\" height=\"683\" data-id=\"4579\" src=\"https:\/\/vanavorumaamuuseumid.ee\/wp-content\/uploads\/2025\/11\/zf_SvenZacek_211228_083-3-1024x683.jpg\" alt=\"\" class=\"wp-image-4579\" srcset=\"https:\/\/vanavorumaamuuseumid.ee\/wp-content\/uploads\/2025\/11\/zf_SvenZacek_211228_083-3-1024x683.jpg 1024w, https:\/\/vanavorumaamuuseumid.ee\/wp-content\/uploads\/2025\/11\/zf_SvenZacek_211228_083-3-980x653.jpg 980w, https:\/\/vanavorumaamuuseumid.ee\/wp-content\/uploads\/2025\/11\/zf_SvenZacek_211228_083-3-480x320.jpg 480w\" sizes=\"(min-width: 0px) and (max-width: 480px) 480px, (min-width: 481px) and (max-width: 980px) 980px, (min-width: 981px) 1024px, 100vw\" \/><\/figure>\n<\/figure>\n\n\n\n<p><strong>Lisav\u00f5imalused kokkuleppel:<\/strong><\/p>\n\n\n\n<ul class=\"wp-block-list\">\n<li><strong>Suitsusauna kasutamine.<\/strong> Muuseumis on suitsusaun, kus koolmeister endistel aegadel oma ihu ja hinge eest hoolt kandis. Kui soovid isegi kogeda ehtsat suitsusauna m\u00f5nu, anna meile teada \u2013 k\u00fctame sauna just teile ja loome elamuse, mis \u00fchendab p\u00e4randi, vaikuse ja t\u00f5elise l\u00f5\u00f5gastuse.<\/li>\n\n\n\n<li><strong>Rahvamaja saal<\/strong> kuni 60 inimesele (muuseum ei paku toitlustust)<\/li>\n\n\n\n<li><strong>K\u00e4sit\u00f6\u00f6toad<\/strong>: l\u00f5ngast, puidust, n\u00f6\u00f6rist, kangast v\u00f5i paberist<\/li>\n<\/ul>\n\n\n\n<figure class=\"wp-block-gallery has-nested-images columns-default is-cropped wp-block-gallery-3 is-layout-flex wp-block-gallery-is-layout-flex\">\n<figure class=\"wp-block-image size-large\"><img decoding=\"async\" width=\"1024\" height=\"714\" data-id=\"4583\" src=\"https:\/\/vanavorumaamuuseumid.ee\/wp-content\/uploads\/2025\/11\/DSC_1679-1024x714.jpg\" alt=\"\" class=\"wp-image-4583\" srcset=\"https:\/\/vanavorumaamuuseumid.ee\/wp-content\/uploads\/2025\/11\/DSC_1679-980x683.jpg 980w, https:\/\/vanavorumaamuuseumid.ee\/wp-content\/uploads\/2025\/11\/DSC_1679-480x335.jpg 480w\" sizes=\"(min-width: 0px) and (max-width: 480px) 480px, (min-width: 481px) and (max-width: 980px) 980px, (min-width: 981px) 1024px, 100vw\" \/><\/figure>\n\n\n\n<figure class=\"wp-block-image size-large\"><img decoding=\"async\" width=\"1024\" height=\"680\" data-id=\"4584\" src=\"https:\/\/vanavorumaamuuseumid.ee\/wp-content\/uploads\/2025\/11\/DSC_0736-2-1024x680.jpg\" alt=\"\" class=\"wp-image-4584\" srcset=\"https:\/\/vanavorumaamuuseumid.ee\/wp-content\/uploads\/2025\/11\/DSC_0736-2-980x651.jpg 980w, https:\/\/vanavorumaamuuseumid.ee\/wp-content\/uploads\/2025\/11\/DSC_0736-2-480x319.jpg 480w\" sizes=\"(min-width: 0px) and (max-width: 480px) 480px, (min-width: 481px) and (max-width: 980px) 980px, (min-width: 981px) 1024px, 100vw\" \/><\/figure>\n\n\n\n<figure class=\"wp-block-image size-large\"><img decoding=\"async\" width=\"1024\" height=\"683\" data-id=\"4582\" src=\"https:\/\/vanavorumaamuuseumid.ee\/wp-content\/uploads\/2025\/11\/DSC07618-1024x683.jpg\" alt=\"\" class=\"wp-image-4582\" srcset=\"https:\/\/vanavorumaamuuseumid.ee\/wp-content\/uploads\/2025\/11\/DSC07618-980x653.jpg 980w, https:\/\/vanavorumaamuuseumid.ee\/wp-content\/uploads\/2025\/11\/DSC07618-480x320.jpg 480w\" sizes=\"(min-width: 0px) and (max-width: 480px) 480px, (min-width: 481px) and (max-width: 980px) 980px, (min-width: 981px) 1024px, 100vw\" \/><\/figure>\n<\/figure>\n\n\n\n<p><strong>L\u00f5bus meeleolu ja p\u00e4randim\u00e4ngud<\/strong><br>Soovi korral korraldame p\u00e4randim\u00e4nge ja ts\u00f5\u00f5ritantse, mis toovad naeru ja liikumislusti nii v\u00e4ikestele kui suurtele.<\/p>\n\n\n\n<figure class=\"wp-block-gallery has-nested-images columns-default is-cropped wp-block-gallery-4 is-layout-flex wp-block-gallery-is-layout-flex\">\n<figure class=\"wp-block-image size-large\"><img decoding=\"async\" width=\"1024\" height=\"683\" data-id=\"4588\" src=\"https:\/\/vanavorumaamuuseumid.ee\/wp-content\/uploads\/2025\/11\/0E3A2048-scaled-1-1024x683.jpg\" alt=\"\" class=\"wp-image-4588\" srcset=\"https:\/\/vanavorumaamuuseumid.ee\/wp-content\/uploads\/2025\/11\/0E3A2048-scaled-1-980x653.jpg 980w, https:\/\/vanavorumaamuuseumid.ee\/wp-content\/uploads\/2025\/11\/0E3A2048-scaled-1-480x320.jpg 480w\" sizes=\"(min-width: 0px) and (max-width: 480px) 480px, (min-width: 481px) and (max-width: 980px) 980px, (min-width: 981px) 1024px, 100vw\" \/><\/figure>\n\n\n\n<figure class=\"wp-block-image size-large\"><img decoding=\"async\" width=\"1024\" height=\"768\" data-id=\"4587\" src=\"https:\/\/vanavorumaamuuseumid.ee\/wp-content\/uploads\/2025\/11\/jaanid-III-3-1024x768.jpg\" alt=\"\" class=\"wp-image-4587\" srcset=\"https:\/\/vanavorumaamuuseumid.ee\/wp-content\/uploads\/2025\/11\/jaanid-III-3-980x735.jpg 980w, https:\/\/vanavorumaamuuseumid.ee\/wp-content\/uploads\/2025\/11\/jaanid-III-3-480x360.jpg 480w\" sizes=\"(min-width: 0px) and (max-width: 480px) 480px, (min-width: 481px) and (max-width: 980px) 980px, (min-width: 981px) 1024px, 100vw\" \/><\/figure>\n\n\n\n<figure class=\"wp-block-image size-large\"><img decoding=\"async\" width=\"1024\" height=\"683\" data-id=\"4586\" src=\"https:\/\/vanavorumaamuuseumid.ee\/wp-content\/uploads\/2025\/11\/zf_SvenZacek_211228_086-2-1024x683.jpg\" alt=\"\" class=\"wp-image-4586\" srcset=\"https:\/\/vanavorumaamuuseumid.ee\/wp-content\/uploads\/2025\/11\/zf_SvenZacek_211228_086-2-1024x683.jpg 1024w, https:\/\/vanavorumaamuuseumid.ee\/wp-content\/uploads\/2025\/11\/zf_SvenZacek_211228_086-2-980x653.jpg 980w, https:\/\/vanavorumaamuuseumid.ee\/wp-content\/uploads\/2025\/11\/zf_SvenZacek_211228_086-2-480x320.jpg 480w\" sizes=\"(min-width: 0px) and (max-width: 480px) 480px, (min-width: 481px) and (max-width: 980px) 980px, (min-width: 981px) 1024px, 100vw\" \/><\/figure>\n<\/figure>\n\n\n\n<p><strong>Avasta ja seikle<\/strong><br>Tuurita ringi rohkem kui k\u00fcmnes ajaloolises hoones, kuula lugusid ja avasta Vana-V\u00f5rumaa p\u00e4randit.<\/p>\n\n\n\n<figure class=\"wp-block-gallery has-nested-images columns-default is-cropped wp-block-gallery-5 is-layout-flex wp-block-gallery-is-layout-flex\">\n<figure class=\"wp-block-image size-large\"><img decoding=\"async\" width=\"1024\" height=\"683\" data-id=\"4591\" src=\"https:\/\/vanavorumaamuuseumid.ee\/wp-content\/uploads\/2025\/11\/50372303643_9032164e6c_k-1-1024x683.jpg\" alt=\"\" class=\"wp-image-4591\" srcset=\"https:\/\/vanavorumaamuuseumid.ee\/wp-content\/uploads\/2025\/11\/50372303643_9032164e6c_k-1-980x653.jpg 980w, https:\/\/vanavorumaamuuseumid.ee\/wp-content\/uploads\/2025\/11\/50372303643_9032164e6c_k-1-480x320.jpg 480w\" sizes=\"(min-width: 0px) and (max-width: 480px) 480px, (min-width: 481px) and (max-width: 980px) 980px, (min-width: 981px) 1024px, 100vw\" \/><\/figure>\n\n\n\n<figure class=\"wp-block-image size-large\"><img decoding=\"async\" width=\"1024\" height=\"683\" data-id=\"4590\" src=\"https:\/\/vanavorumaamuuseumid.ee\/wp-content\/uploads\/2025\/11\/50373015176_f1c814232c_k-1024x683.jpg\" alt=\"\" class=\"wp-image-4590\" srcset=\"https:\/\/vanavorumaamuuseumid.ee\/wp-content\/uploads\/2025\/11\/50373015176_f1c814232c_k-980x653.jpg 980w, https:\/\/vanavorumaamuuseumid.ee\/wp-content\/uploads\/2025\/11\/50373015176_f1c814232c_k-480x320.jpg 480w\" sizes=\"(min-width: 0px) and (max-width: 480px) 480px, (min-width: 481px) and (max-width: 980px) 980px, (min-width: 981px) 1024px, 100vw\" \/><\/figure>\n\n\n\n<figure class=\"wp-block-image size-large\"><img decoding=\"async\" width=\"1024\" height=\"452\" data-id=\"4589\" src=\"https:\/\/vanavorumaamuuseumid.ee\/wp-content\/uploads\/2025\/11\/DSC_0154-1024x452.jpg\" alt=\"\" class=\"wp-image-4589\" srcset=\"https:\/\/vanavorumaamuuseumid.ee\/wp-content\/uploads\/2025\/11\/DSC_0154-980x432.jpg 980w, https:\/\/vanavorumaamuuseumid.ee\/wp-content\/uploads\/2025\/11\/DSC_0154-480x212.jpg 480w\" sizes=\"(min-width: 0px) and (max-width: 480px) 480px, (min-width: 481px) and (max-width: 980px) 980px, (min-width: 981px) 1024px, 100vw\" \/><\/figure>\n<\/figure>\n\n\n\n<p> <\/p>\n\n\n\n<p><blockquote class=\"wp-embedded-content\" data-secret=\"VH6i252QWP\"><a href=\"https:\/\/vanavorumaamuuseumid.ee\/vo\/karilatsimuuseum\/broneeri-kulastus\/\">Broneeri k\u00fclastus<\/a><\/blockquote><iframe loading=\"lazy\" class=\"wp-embedded-content\" sandbox=\"allow-scripts\" security=\"restricted\" style=\"position: absolute; visibility: hidden;\" title=\"&#8220;Broneeri k\u00fclastus&#8221; &#8212; Vana-V\u00f5rumaa muuseumid\" src=\"https:\/\/vanavorumaamuuseumid.ee\/karilatsimuuseum\/broneeri-kulastus\/embed\/#?secret=0xT4owtC77#?secret=VH6i252QWP\" data-secret=\"VH6i252QWP\" width=\"600\" height=\"338\" frameborder=\"0\" marginwidth=\"0\" marginheight=\"0\" scrolling=\"no\"><\/iframe><\/p>\n\n\n\n<p><\/p>\n\n\n\n<div style=\"height:30px\" aria-hidden=\"true\" class=\"wp-block-spacer\"><\/div>\n\n\n\n<div class=\"wp-block-buttons is-layout-flex wp-block-buttons-is-layout-flex\">\n<div class=\"wp-block-button\"><a class=\"wp-block-button__link wp-element-button\" href=\"\/vo\/karilatsimuuseum\/hinnakiri\/\" target=\"_blank\" rel=\"noreferrer noopener\">Teenuste hinnakiri<\/a><\/div>\n<\/div>","protected":false},"excerpt":{"rendered":"<p>T\u00e4htp\u00e4ev muuseumis \u2013 peopaik looduse ja p\u00e4randi keskel Otsid erilist paika, kus [&hellip;]<\/p>\n","protected":false},"author":1,"featured_media":4350,"parent":299,"menu_order":0,"comment_status":"closed","ping_status":"closed","template":"","meta":{"_acf_changed":false,"_et_pb_use_builder":"","_et_pb_old_content":"","_et_gb_content_width":"","footnotes":""},"class_list":["post-2822","page","type-page","status-publish","has-post-thumbnail","hentry"],"acf":[],"yoast_head":"<!-- This site is optimized with the Yoast SEO plugin v27.4 - https:\/\/yoast.com\/product\/yoast-seo-wordpress\/ -->\n<title>Teenused - Vana-V\u00f5rumaa muuseumid<\/title>\n<meta name=\"robots\" content=\"index, follow, max-snippet:-1, max-image-preview:large, max-video-preview:-1\" \/>\n<link rel=\"canonical\" href=\"https:\/\/vanavorumaamuuseumid.ee\/vo\/karilatsimuuseum\/teenused\/\" \/>\n<meta property=\"og:locale\" content=\"en_US\" \/>\n<meta property=\"og:type\" content=\"article\" \/>\n<meta property=\"og:title\" content=\"Teenused - Vana-V\u00f5rumaa muuseumid\" \/>\n<meta property=\"og:description\" content=\"T\u00e4htp\u00e4ev muuseumis \u2013 peopaik looduse ja p\u00e4randi keskel Otsid erilist paika, kus [&hellip;]\" \/>\n<meta property=\"og:url\" content=\"https:\/\/vanavorumaamuuseumid.ee\/vo\/karilatsimuuseum\/teenused\/\" \/>\n<meta property=\"og:site_name\" content=\"Vana-V\u00f5rumaa muuseumid\" \/>\n<meta property=\"article:modified_time\" content=\"2025-11-13T11:40:55+00:00\" \/>\n<meta property=\"og:image\" content=\"https:\/\/vanavorumaamuuseumid.ee\/wp-content\/uploads\/2025\/11\/Foto0795.jpg\" \/>\n\t<meta property=\"og:image:width\" content=\"1440\" \/>\n\t<meta property=\"og:image:height\" content=\"1920\" \/>\n\t<meta property=\"og:image:type\" content=\"image\/jpeg\" \/>\n<meta name=\"twitter:card\" content=\"summary_large_image\" \/>\n<meta name=\"twitter:label1\" content=\"Est. reading time\" \/>\n\t<meta name=\"twitter:data1\" content=\"5 minutes\" \/>\n<script type=\"application\/ld+json\" class=\"yoast-schema-graph\">{\"@context\":\"https:\\\/\\\/schema.org\",\"@graph\":[{\"@type\":\"WebPage\",\"@id\":\"https:\\\/\\\/vanavorumaamuuseumid.ee\\\/karilatsimuuseum\\\/teenused\\\/\",\"url\":\"https:\\\/\\\/vanavorumaamuuseumid.ee\\\/karilatsimuuseum\\\/teenused\\\/\",\"name\":\"Teenused - Vana-V\u00f5rumaa muuseumid\",\"isPartOf\":{\"@id\":\"https:\\\/\\\/vanavorumaamuuseumid.ee\\\/#website\"},\"primaryImageOfPage\":{\"@id\":\"https:\\\/\\\/vanavorumaamuuseumid.ee\\\/karilatsimuuseum\\\/teenused\\\/#primaryimage\"},\"image\":{\"@id\":\"https:\\\/\\\/vanavorumaamuuseumid.ee\\\/karilatsimuuseum\\\/teenused\\\/#primaryimage\"},\"thumbnailUrl\":\"https:\\\/\\\/vanavorumaamuuseumid.ee\\\/wp-content\\\/uploads\\\/2025\\\/11\\\/Foto0795.jpg\",\"datePublished\":\"2025-09-15T09:15:55+00:00\",\"dateModified\":\"2025-11-13T11:40:55+00:00\",\"breadcrumb\":{\"@id\":\"https:\\\/\\\/vanavorumaamuuseumid.ee\\\/karilatsimuuseum\\\/teenused\\\/#breadcrumb\"},\"inLanguage\":\"vo\",\"potentialAction\":[{\"@type\":\"ReadAction\",\"target\":[\"https:\\\/\\\/vanavorumaamuuseumid.ee\\\/karilatsimuuseum\\\/teenused\\\/\"]}]},{\"@type\":\"ImageObject\",\"inLanguage\":\"vo\",\"@id\":\"https:\\\/\\\/vanavorumaamuuseumid.ee\\\/karilatsimuuseum\\\/teenused\\\/#primaryimage\",\"url\":\"https:\\\/\\\/vanavorumaamuuseumid.ee\\\/wp-content\\\/uploads\\\/2025\\\/11\\\/Foto0795.jpg\",\"contentUrl\":\"https:\\\/\\\/vanavorumaamuuseumid.ee\\\/wp-content\\\/uploads\\\/2025\\\/11\\\/Foto0795.jpg\",\"width\":1440,\"height\":1920},{\"@type\":\"BreadcrumbList\",\"@id\":\"https:\\\/\\\/vanavorumaamuuseumid.ee\\\/karilatsimuuseum\\\/teenused\\\/#breadcrumb\",\"itemListElement\":[{\"@type\":\"ListItem\",\"position\":1,\"name\":\"Home\",\"item\":\"https:\\\/\\\/vanavorumaamuuseumid.ee\\\/\"},{\"@type\":\"ListItem\",\"position\":2,\"name\":\"Karilatsi Vaba\u00f5humuuseum\",\"item\":\"https:\\\/\\\/vanavorumaamuuseumid.ee\\\/karilatsimuuseum\\\/\"},{\"@type\":\"ListItem\",\"position\":3,\"name\":\"Teenused\"}]},{\"@type\":\"WebSite\",\"@id\":\"https:\\\/\\\/vanavorumaamuuseumid.ee\\\/#website\",\"url\":\"https:\\\/\\\/vanavorumaamuuseumid.ee\\\/\",\"name\":\"Vana-V\u00f5rumaa Muuseumid\",\"description\":\"V\u00f5rumaa Muuseum, Dr. Fr. R. Kreutzwaldi Memoriaalmuuseum, M\u00f5niste Talurahvamuuseum ja Karilatsi Vaba\u00f5humuuseum\",\"publisher\":{\"@id\":\"https:\\\/\\\/vanavorumaamuuseumid.ee\\\/#organization\"},\"potentialAction\":[{\"@type\":\"SearchAction\",\"target\":{\"@type\":\"EntryPoint\",\"urlTemplate\":\"https:\\\/\\\/vanavorumaamuuseumid.ee\\\/?s={search_term_string}\"},\"query-input\":{\"@type\":\"PropertyValueSpecification\",\"valueRequired\":true,\"valueName\":\"search_term_string\"}}],\"inLanguage\":\"vo\"},{\"@type\":\"Organization\",\"@id\":\"https:\\\/\\\/vanavorumaamuuseumid.ee\\\/#organization\",\"name\":\"V\u00f5ru Instituut\",\"url\":\"https:\\\/\\\/vanavorumaamuuseumid.ee\\\/\",\"logo\":{\"@type\":\"ImageObject\",\"inLanguage\":\"vo\",\"@id\":\"https:\\\/\\\/vanavorumaamuuseumid.ee\\\/#\\\/schema\\\/logo\\\/image\\\/\",\"url\":\"https:\\\/\\\/vanavorumaamuuseumid.ee\\\/wp-content\\\/uploads\\\/2025\\\/05\\\/vana-voromaa-muusoumi-250516.svg\",\"contentUrl\":\"https:\\\/\\\/vanavorumaamuuseumid.ee\\\/wp-content\\\/uploads\\\/2025\\\/05\\\/vana-voromaa-muusoumi-250516.svg\",\"width\":567,\"height\":80,\"caption\":\"V\u00f5ru Instituut\"},\"image\":{\"@id\":\"https:\\\/\\\/vanavorumaamuuseumid.ee\\\/#\\\/schema\\\/logo\\\/image\\\/\"}}]}<\/script>\n<!-- \/ Yoast SEO plugin. -->","yoast_head_json":{"title":"Teenused - Vana-V\u00f5rumaa muuseumid","robots":{"index":"index","follow":"follow","max-snippet":"max-snippet:-1","max-image-preview":"max-image-preview:large","max-video-preview":"max-video-preview:-1"},"canonical":"https:\/\/vanavorumaamuuseumid.ee\/vo\/karilatsimuuseum\/teenused\/","og_locale":"en_US","og_type":"article","og_title":"Teenused - Vana-V\u00f5rumaa muuseumid","og_description":"T\u00e4htp\u00e4ev muuseumis \u2013 peopaik looduse ja p\u00e4randi keskel Otsid erilist paika, kus [&hellip;]","og_url":"https:\/\/vanavorumaamuuseumid.ee\/vo\/karilatsimuuseum\/teenused\/","og_site_name":"Vana-V\u00f5rumaa muuseumid","article_modified_time":"2025-11-13T11:40:55+00:00","og_image":[{"width":1440,"height":1920,"url":"https:\/\/vanavorumaamuuseumid.ee\/wp-content\/uploads\/2025\/11\/Foto0795.jpg","type":"image\/jpeg"}],"twitter_card":"summary_large_image","twitter_misc":{"Est. reading time":"5 minutes"},"schema":{"@context":"https:\/\/schema.org","@graph":[{"@type":"WebPage","@id":"https:\/\/vanavorumaamuuseumid.ee\/karilatsimuuseum\/teenused\/","url":"https:\/\/vanavorumaamuuseumid.ee\/karilatsimuuseum\/teenused\/","name":"Teenused - Vana-V\u00f5rumaa muuseumid","isPartOf":{"@id":"https:\/\/vanavorumaamuuseumid.ee\/#website"},"primaryImageOfPage":{"@id":"https:\/\/vanavorumaamuuseumid.ee\/karilatsimuuseum\/teenused\/#primaryimage"},"image":{"@id":"https:\/\/vanavorumaamuuseumid.ee\/karilatsimuuseum\/teenused\/#primaryimage"},"thumbnailUrl":"https:\/\/vanavorumaamuuseumid.ee\/wp-content\/uploads\/2025\/11\/Foto0795.jpg","datePublished":"2025-09-15T09:15:55+00:00","dateModified":"2025-11-13T11:40:55+00:00","breadcrumb":{"@id":"https:\/\/vanavorumaamuuseumid.ee\/karilatsimuuseum\/teenused\/#breadcrumb"},"inLanguage":"vo","potentialAction":[{"@type":"ReadAction","target":["https:\/\/vanavorumaamuuseumid.ee\/karilatsimuuseum\/teenused\/"]}]},{"@type":"ImageObject","inLanguage":"vo","@id":"https:\/\/vanavorumaamuuseumid.ee\/karilatsimuuseum\/teenused\/#primaryimage","url":"https:\/\/vanavorumaamuuseumid.ee\/wp-content\/uploads\/2025\/11\/Foto0795.jpg","contentUrl":"https:\/\/vanavorumaamuuseumid.ee\/wp-content\/uploads\/2025\/11\/Foto0795.jpg","width":1440,"height":1920},{"@type":"BreadcrumbList","@id":"https:\/\/vanavorumaamuuseumid.ee\/karilatsimuuseum\/teenused\/#breadcrumb","itemListElement":[{"@type":"ListItem","position":1,"name":"Home","item":"https:\/\/vanavorumaamuuseumid.ee\/"},{"@type":"ListItem","position":2,"name":"Karilatsi Vaba\u00f5humuuseum","item":"https:\/\/vanavorumaamuuseumid.ee\/karilatsimuuseum\/"},{"@type":"ListItem","position":3,"name":"Teenused"}]},{"@type":"WebSite","@id":"https:\/\/vanavorumaamuuseumid.ee\/#website","url":"https:\/\/vanavorumaamuuseumid.ee\/","name":"Vana-V\u00f5rumaa Muuseumid","description":"V\u00f5rumaa Muuseum, Dr. Fr. R. Kreutzwaldi Memoriaalmuuseum, M\u00f5niste Talurahvamuuseum ja Karilatsi Vaba\u00f5humuuseum","publisher":{"@id":"https:\/\/vanavorumaamuuseumid.ee\/#organization"},"potentialAction":[{"@type":"SearchAction","target":{"@type":"EntryPoint","urlTemplate":"https:\/\/vanavorumaamuuseumid.ee\/?s={search_term_string}"},"query-input":{"@type":"PropertyValueSpecification","valueRequired":true,"valueName":"search_term_string"}}],"inLanguage":"vo"},{"@type":"Organization","@id":"https:\/\/vanavorumaamuuseumid.ee\/#organization","name":"V\u00f5ru Instituut","url":"https:\/\/vanavorumaamuuseumid.ee\/","logo":{"@type":"ImageObject","inLanguage":"vo","@id":"https:\/\/vanavorumaamuuseumid.ee\/#\/schema\/logo\/image\/","url":"https:\/\/vanavorumaamuuseumid.ee\/wp-content\/uploads\/2025\/05\/vana-voromaa-muusoumi-250516.svg","contentUrl":"https:\/\/vanavorumaamuuseumid.ee\/wp-content\/uploads\/2025\/05\/vana-voromaa-muusoumi-250516.svg","width":567,"height":80,"caption":"V\u00f5ru Instituut"},"image":{"@id":"https:\/\/vanavorumaamuuseumid.ee\/#\/schema\/logo\/image\/"}}]}},"_links":{"self":[{"href":"https:\/\/vanavorumaamuuseumid.ee\/vo\/wp-json\/wp\/v2\/pages\/2822","targetHints":{"allow":["GET"]}}],"collection":[{"href":"https:\/\/vanavorumaamuuseumid.ee\/vo\/wp-json\/wp\/v2\/pages"}],"about":[{"href":"https:\/\/vanavorumaamuuseumid.ee\/vo\/wp-json\/wp\/v2\/types\/page"}],"author":[{"embeddable":true,"href":"https:\/\/vanavorumaamuuseumid.ee\/vo\/wp-json\/wp\/v2\/users\/1"}],"replies":[{"embeddable":true,"href":"https:\/\/vanavorumaamuuseumid.ee\/vo\/wp-json\/wp\/v2\/comments?post=2822"}],"version-history":[{"count":40,"href":"https:\/\/vanavorumaamuuseumid.ee\/vo\/wp-json\/wp\/v2\/pages\/2822\/revisions"}],"predecessor-version":[{"id":4598,"href":"https:\/\/vanavorumaamuuseumid.ee\/vo\/wp-json\/wp\/v2\/pages\/2822\/revisions\/4598"}],"up":[{"embeddable":true,"href":"https:\/\/vanavorumaamuuseumid.ee\/vo\/wp-json\/wp\/v2\/pages\/299"}],"wp:featuredmedia":[{"embeddable":true,"href":"https:\/\/vanavorumaamuuseumid.ee\/vo\/wp-json\/wp\/v2\/media\/4350"}],"wp:attachment":[{"href":"https:\/\/vanavorumaamuuseumid.ee\/vo\/wp-json\/wp\/v2\/media?parent=2822"}],"curies":[{"name":"wp","href":"https:\/\/api.w.org\/{rel}","templated":true}]}}