{"id":2917,"date":"2025-09-15T13:36:49","date_gmt":"2025-09-15T10:36:49","guid":{"rendered":"https:\/\/vanavorumaamuuseumid.ee\/?page_id=2917"},"modified":"2025-09-15T13:36:50","modified_gmt":"2025-09-15T10:36:50","slug":"ligipaasetavus","status":"publish","type":"page","link":"https:\/\/vanavorumaamuuseumid.ee\/vo\/monistemuuseum\/ligipaasetavus\/","title":{"rendered":"Ligip\u00e4\u00e4setavus"},"content":{"rendered":"<ul class=\"wp-block-list\">\n<li>Massulda parkmin\u00f5 muus\u00f5umi saisotus\u00f5 p\u00e4\u00e4l.<\/li>\n\n\n\n<li>Muus\u00f5umi moro p\u00e4\u00e4l ni avafondin saa liiku ts\u00f5\u00f5rtooliga.<\/li>\n\n\n\n<li>Terv\u00fcseviaga kooni 16-aastagan\u00f5 inemine ni tim\u00e4 saatja, niisamat\u00f5 s\u00fcv\u00e4 terv\u00fcseviaga\n16-aastagan\u00f5 ja van\u00f5mb inemine ni tim\u00e4 saatja p\u00e4sese muus\u00f5ummi massulda, ku om\nette n\u00e4\u00fcd\u00e4d\u00e4 terv\u00fcseviaga inemise kaart.<\/li>\n\n\n\n<li>Muus\u00f5ummi tohis tulla juhikpiniga.\u00a0<\/li>\n\n\n\n<li>H\u00e4\u00e4 viiega lemmikel\u00e4jit tohis muus\u00f5ummi \u00fcten v\u00f5tta.<\/li>\n\n\n\n<li>Muus\u00f5umi poodihuun\u00f5st saa osta meel\u00fcssit, k\u00e4sit\u00fc\u00fcd, v\u00f5rokiilset kir\u00e4nd\u00fcst, kohvi,\nmanohaukamist ni ij\u00e4t\u00fcst.<\/li>\n\n\n\n<li>Hind\u00e4 tarbis pildist\u00e4mine ni filmmine om muus\u00f5umin lubat massulda.<\/li>\n\n\n\n<li>\u00c4ritsihiga pildist\u00e4mine ni filmmine om lubat \u00f5nn\u00f5 kokkolepmise p\u00e4\u00e4le ja hinnakir\u00e4\nperr\u00e4. <a href=\"\/vo\/monistemuuseum\/piletid\/\">hinnakirja\u00a0alusel<\/a>.<\/li>\n\n\n\n<li>Nutikriistaga and kull\u00f5lda hel\u00fcgiidi eesti, v\u00f5ro ni ingl\u00fcskeelen.<\/li>\n<\/ul>","protected":false},"excerpt":{"rendered":"","protected":false},"author":1,"featured_media":0,"parent":262,"menu_order":0,"comment_status":"closed","ping_status":"closed","template":"","meta":{"_acf_changed":false,"_et_pb_use_builder":"","_et_pb_old_content":"","_et_gb_content_width":"","footnotes":""},"class_list":["post-2917","page","type-page","status-publish","hentry"],"acf":[],"yoast_head":"<!-- This site is optimized with the Yoast SEO plugin v27.4 - https:\/\/yoast.com\/product\/yoast-seo-wordpress\/ -->\n<title>Ligip\u00e4\u00e4setavus - Vana-V\u00f5rumaa muuseumid<\/title>\n<meta name=\"robots\" content=\"index, follow, max-snippet:-1, max-image-preview:large, max-video-preview:-1\" \/>\n<link rel=\"canonical\" href=\"https:\/\/vanavorumaamuuseumid.ee\/vo\/monistemuuseum\/ligipaasetavus\/\" \/>\n<meta property=\"og:locale\" content=\"en_US\" \/>\n<meta property=\"og:type\" content=\"article\" \/>\n<meta property=\"og:title\" content=\"Ligip\u00e4\u00e4setavus - Vana-V\u00f5rumaa muuseumid\" \/>\n<meta property=\"og:url\" content=\"https:\/\/vanavorumaamuuseumid.ee\/vo\/monistemuuseum\/ligipaasetavus\/\" \/>\n<meta property=\"og:site_name\" content=\"Vana-V\u00f5rumaa muuseumid\" \/>\n<meta property=\"article:modified_time\" content=\"2025-09-15T10:36:50+00:00\" \/>\n<meta name=\"twitter:card\" content=\"summary_large_image\" \/>\n<meta name=\"twitter:label1\" content=\"Est. reading time\" \/>\n\t<meta name=\"twitter:data1\" content=\"1 minute\" \/>\n<script type=\"application\/ld+json\" class=\"yoast-schema-graph\">{\"@context\":\"https:\\\/\\\/schema.org\",\"@graph\":[{\"@type\":\"WebPage\",\"@id\":\"https:\\\/\\\/vanavorumaamuuseumid.ee\\\/monistemuuseum\\\/ligipaasetavus\\\/\",\"url\":\"https:\\\/\\\/vanavorumaamuuseumid.ee\\\/monistemuuseum\\\/ligipaasetavus\\\/\",\"name\":\"Ligip\u00e4\u00e4setavus - Vana-V\u00f5rumaa muuseumid\",\"isPartOf\":{\"@id\":\"https:\\\/\\\/vanavorumaamuuseumid.ee\\\/#website\"},\"datePublished\":\"2025-09-15T10:36:49+00:00\",\"dateModified\":\"2025-09-15T10:36:50+00:00\",\"breadcrumb\":{\"@id\":\"https:\\\/\\\/vanavorumaamuuseumid.ee\\\/monistemuuseum\\\/ligipaasetavus\\\/#breadcrumb\"},\"inLanguage\":\"vo\",\"potentialAction\":[{\"@type\":\"ReadAction\",\"target\":[\"https:\\\/\\\/vanavorumaamuuseumid.ee\\\/monistemuuseum\\\/ligipaasetavus\\\/\"]}]},{\"@type\":\"BreadcrumbList\",\"@id\":\"https:\\\/\\\/vanavorumaamuuseumid.ee\\\/monistemuuseum\\\/ligipaasetavus\\\/#breadcrumb\",\"itemListElement\":[{\"@type\":\"ListItem\",\"position\":1,\"name\":\"Home\",\"item\":\"https:\\\/\\\/vanavorumaamuuseumid.ee\\\/\"},{\"@type\":\"ListItem\",\"position\":2,\"name\":\"M\u00f5niste Talurahvamuuseum\",\"item\":\"https:\\\/\\\/vanavorumaamuuseumid.ee\\\/monistemuuseum\\\/\"},{\"@type\":\"ListItem\",\"position\":3,\"name\":\"Ligip\u00e4\u00e4setavus\"}]},{\"@type\":\"WebSite\",\"@id\":\"https:\\\/\\\/vanavorumaamuuseumid.ee\\\/#website\",\"url\":\"https:\\\/\\\/vanavorumaamuuseumid.ee\\\/\",\"name\":\"Vana-V\u00f5rumaa Muuseumid\",\"description\":\"V\u00f5rumaa Muuseum, Dr. Fr. R. Kreutzwaldi Memoriaalmuuseum, M\u00f5niste Talurahvamuuseum ja Karilatsi Vaba\u00f5humuuseum\",\"publisher\":{\"@id\":\"https:\\\/\\\/vanavorumaamuuseumid.ee\\\/#organization\"},\"potentialAction\":[{\"@type\":\"SearchAction\",\"target\":{\"@type\":\"EntryPoint\",\"urlTemplate\":\"https:\\\/\\\/vanavorumaamuuseumid.ee\\\/?s={search_term_string}\"},\"query-input\":{\"@type\":\"PropertyValueSpecification\",\"valueRequired\":true,\"valueName\":\"search_term_string\"}}],\"inLanguage\":\"vo\"},{\"@type\":\"Organization\",\"@id\":\"https:\\\/\\\/vanavorumaamuuseumid.ee\\\/#organization\",\"name\":\"V\u00f5ru Instituut\",\"url\":\"https:\\\/\\\/vanavorumaamuuseumid.ee\\\/\",\"logo\":{\"@type\":\"ImageObject\",\"inLanguage\":\"vo\",\"@id\":\"https:\\\/\\\/vanavorumaamuuseumid.ee\\\/#\\\/schema\\\/logo\\\/image\\\/\",\"url\":\"https:\\\/\\\/vanavorumaamuuseumid.ee\\\/wp-content\\\/uploads\\\/2025\\\/05\\\/vana-voromaa-muusoumi-250516.svg\",\"contentUrl\":\"https:\\\/\\\/vanavorumaamuuseumid.ee\\\/wp-content\\\/uploads\\\/2025\\\/05\\\/vana-voromaa-muusoumi-250516.svg\",\"width\":567,\"height\":80,\"caption\":\"V\u00f5ru Instituut\"},\"image\":{\"@id\":\"https:\\\/\\\/vanavorumaamuuseumid.ee\\\/#\\\/schema\\\/logo\\\/image\\\/\"}}]}<\/script>\n<!-- \/ Yoast SEO plugin. -->","yoast_head_json":{"title":"Ligip\u00e4\u00e4setavus - Vana-V\u00f5rumaa muuseumid","robots":{"index":"index","follow":"follow","max-snippet":"max-snippet:-1","max-image-preview":"max-image-preview:large","max-video-preview":"max-video-preview:-1"},"canonical":"https:\/\/vanavorumaamuuseumid.ee\/vo\/monistemuuseum\/ligipaasetavus\/","og_locale":"en_US","og_type":"article","og_title":"Ligip\u00e4\u00e4setavus - Vana-V\u00f5rumaa muuseumid","og_url":"https:\/\/vanavorumaamuuseumid.ee\/vo\/monistemuuseum\/ligipaasetavus\/","og_site_name":"Vana-V\u00f5rumaa muuseumid","article_modified_time":"2025-09-15T10:36:50+00:00","twitter_card":"summary_large_image","twitter_misc":{"Est. reading time":"1 minute"},"schema":{"@context":"https:\/\/schema.org","@graph":[{"@type":"WebPage","@id":"https:\/\/vanavorumaamuuseumid.ee\/monistemuuseum\/ligipaasetavus\/","url":"https:\/\/vanavorumaamuuseumid.ee\/monistemuuseum\/ligipaasetavus\/","name":"Ligip\u00e4\u00e4setavus - Vana-V\u00f5rumaa muuseumid","isPartOf":{"@id":"https:\/\/vanavorumaamuuseumid.ee\/#website"},"datePublished":"2025-09-15T10:36:49+00:00","dateModified":"2025-09-15T10:36:50+00:00","breadcrumb":{"@id":"https:\/\/vanavorumaamuuseumid.ee\/monistemuuseum\/ligipaasetavus\/#breadcrumb"},"inLanguage":"vo","potentialAction":[{"@type":"ReadAction","target":["https:\/\/vanavorumaamuuseumid.ee\/monistemuuseum\/ligipaasetavus\/"]}]},{"@type":"BreadcrumbList","@id":"https:\/\/vanavorumaamuuseumid.ee\/monistemuuseum\/ligipaasetavus\/#breadcrumb","itemListElement":[{"@type":"ListItem","position":1,"name":"Home","item":"https:\/\/vanavorumaamuuseumid.ee\/"},{"@type":"ListItem","position":2,"name":"M\u00f5niste Talurahvamuuseum","item":"https:\/\/vanavorumaamuuseumid.ee\/monistemuuseum\/"},{"@type":"ListItem","position":3,"name":"Ligip\u00e4\u00e4setavus"}]},{"@type":"WebSite","@id":"https:\/\/vanavorumaamuuseumid.ee\/#website","url":"https:\/\/vanavorumaamuuseumid.ee\/","name":"Vana-V\u00f5rumaa Muuseumid","description":"V\u00f5rumaa Muuseum, Dr. Fr. R. Kreutzwaldi Memoriaalmuuseum, M\u00f5niste Talurahvamuuseum ja Karilatsi Vaba\u00f5humuuseum","publisher":{"@id":"https:\/\/vanavorumaamuuseumid.ee\/#organization"},"potentialAction":[{"@type":"SearchAction","target":{"@type":"EntryPoint","urlTemplate":"https:\/\/vanavorumaamuuseumid.ee\/?s={search_term_string}"},"query-input":{"@type":"PropertyValueSpecification","valueRequired":true,"valueName":"search_term_string"}}],"inLanguage":"vo"},{"@type":"Organization","@id":"https:\/\/vanavorumaamuuseumid.ee\/#organization","name":"V\u00f5ru Instituut","url":"https:\/\/vanavorumaamuuseumid.ee\/","logo":{"@type":"ImageObject","inLanguage":"vo","@id":"https:\/\/vanavorumaamuuseumid.ee\/#\/schema\/logo\/image\/","url":"https:\/\/vanavorumaamuuseumid.ee\/wp-content\/uploads\/2025\/05\/vana-voromaa-muusoumi-250516.svg","contentUrl":"https:\/\/vanavorumaamuuseumid.ee\/wp-content\/uploads\/2025\/05\/vana-voromaa-muusoumi-250516.svg","width":567,"height":80,"caption":"V\u00f5ru Instituut"},"image":{"@id":"https:\/\/vanavorumaamuuseumid.ee\/#\/schema\/logo\/image\/"}}]}},"_links":{"self":[{"href":"https:\/\/vanavorumaamuuseumid.ee\/vo\/wp-json\/wp\/v2\/pages\/2917","targetHints":{"allow":["GET"]}}],"collection":[{"href":"https:\/\/vanavorumaamuuseumid.ee\/vo\/wp-json\/wp\/v2\/pages"}],"about":[{"href":"https:\/\/vanavorumaamuuseumid.ee\/vo\/wp-json\/wp\/v2\/types\/page"}],"author":[{"embeddable":true,"href":"https:\/\/vanavorumaamuuseumid.ee\/vo\/wp-json\/wp\/v2\/users\/1"}],"replies":[{"embeddable":true,"href":"https:\/\/vanavorumaamuuseumid.ee\/vo\/wp-json\/wp\/v2\/comments?post=2917"}],"version-history":[{"count":1,"href":"https:\/\/vanavorumaamuuseumid.ee\/vo\/wp-json\/wp\/v2\/pages\/2917\/revisions"}],"predecessor-version":[{"id":2918,"href":"https:\/\/vanavorumaamuuseumid.ee\/vo\/wp-json\/wp\/v2\/pages\/2917\/revisions\/2918"}],"up":[{"embeddable":true,"href":"https:\/\/vanavorumaamuuseumid.ee\/vo\/wp-json\/wp\/v2\/pages\/262"}],"wp:attachment":[{"href":"https:\/\/vanavorumaamuuseumid.ee\/vo\/wp-json\/wp\/v2\/media?parent=2917"}],"curies":[{"name":"wp","href":"https:\/\/api.w.org\/{rel}","templated":true}]}}