{"id":3,"date":"2025-05-03T16:34:38","date_gmt":"2025-05-03T16:34:38","guid":{"rendered":"https:\/\/vanavorumaamuuseumid.ee\/?page_id=3"},"modified":"2025-09-09T10:43:42","modified_gmt":"2025-09-09T07:43:42","slug":"privaatsustingimused","status":"publish","type":"page","link":"https:\/\/vanavorumaamuuseumid.ee\/vo\/privaatsustingimused\/","title":{"rendered":"Privaatsustingimused"},"content":{"rendered":"<p>Privaatsustingimused reguleerivad isikuandmete t\u00f6\u00f6tlemist ja k\u00fcpsiste kasutamist V\u00f5ru Instituudi veebilehel <a href=\"https:\/\/vanavorumaamuuseumid.ee\/vo\/\" target=\"_blank\" rel=\"noreferrer noopener\">vanavorumaamuuseumid.ee<\/a> (edaspidi veebileht). Privaatsustingimused on koosk\u00f5las andmekaitse \u00fcldregulatsiooniga (GDPR \u2013 General Data Protection Regulation).<\/p>\n\n\n\n<p>Privaatsustingimuste eesm\u00e4rk on kaitsta klientide privaatsust koosk\u00f5las Eesti Vabariigi seaduste ning Euroopa Liidu \u00f5igusaktidega.<\/p>\n\n\n\n<p><strong>Kasutades veebilehte, n\u00f5ustute k\u00fcpsiste kasutamisega ja isikuandmete t\u00f6\u00f6tlemise tingimustega nagu on kirjeldatud veebilehe privaatsustingimustes.<\/strong><\/p>\n\n\n\n<h3 class=\"wp-block-heading\">M\u00f5isted<\/h3>\n\n\n\n<p>Kasutajad on k\u00f5ik isikud, kes k\u00fclastavad veebilehte v\u00f5i edastavad V\u00f5ru Instituudile omalt poolt infot. N\u00e4iteks andmete edastamine uudiskirjaga liitumisel.<\/p>\n\n\n\n<h3 class=\"wp-block-heading\">Isikuandmete t\u00f6\u00f6tlemine<\/h3>\n\n\n\n<p>V\u00f5ru Instituut kogub veebilehe kaudu allj\u00e4rgnevaid kasutajate isikuandmeid j\u00e4rgnevalt kirjeldatud viisidel:<\/p>\n\n\n\n<p>kasutaja nimi ja e-posti aadress \u2013 broneeringu tegemisel v\u00f5i uudiskirjaga liitumisel;<br>veebilehe k\u00fclastatavuse statistika \u2013 Google Analyticsi abil.<\/p>\n\n\n\n<h3 class=\"wp-block-heading\">Isikuandmete kasutamine<\/h3>\n\n\n\n<p>V\u00f5ru Instituut kasutab isikuandmeid:<\/p>\n\n\n\n<p>kasutajale teenuse osutamiseks;<br>kasutajale uudiste ja info edastamiseks;<br>kasutajaga suhtlemiseks;<\/p>\n\n\n\n<p>V\u00f5ru Instituut kasutab veebilehe k\u00fclastatavuse statistikat veebilehe kasutajakogemuse parendamiseks ja efektiivsemaks turundamiseks.<\/p>\n\n\n\n<p>Kasutajal on igal ajal \u00f5igus keelata oma isikuandmete t\u00f6\u00f6tlemine, v\u00e4lja arvatud juhul, kui see on vajalik lepingust tuleneva n\u00f5ude t\u00e4itmiseks, sh teenuse osutamiseks.<\/p>\n\n\n\n<h3 class=\"wp-block-heading\">Isikuandmete edastamine kolmandatele isikutele<\/h3>\n\n\n\n<p>Kolmas isik on V\u00f5ru Instituudi koost\u00f6\u00f6partner, kes t\u00f6\u00f6tleb isikuandmeid ja kelle toote v\u00f5i teenuse abil pakub V\u00f5ru Instituut kasutajale teenuseid.<\/p>\n\n\n\n<p>V\u00f5ru Instituut kasutab igap\u00e4evaseks tegevuseks kolmandaid isikuid, kes pakuvad uudiskirjade edastamise ja haldamise s\u00fcsteemi.<\/p>\n\n\n\n<p>V\u00f5ru Instituut edastab vaid isikuandmeid, mis on vajalik kasutajale teenuse osutamiseks.<\/p>\n\n\n\n<h3 class=\"wp-block-heading\">Isikuandmete s\u00e4ilitamine ja turvalisus<\/h3>\n\n\n\n<p>V\u00f5ru Instituut s\u00e4ilitab isikuandmeid nii kaua, kuni see on eesm\u00e4rgi t\u00e4itmiseks v\u00f5i seadusest tulenevalt vajalik.<\/p>\n\n\n\n<p>V\u00f5ru Instituut rakendab k\u00f5iki m\u00f5istlikke meetmeid t\u00f6\u00f6deldavate isikuandmete kaitseks. Juurdep\u00e4\u00e4s isikuandmete muutmiseks ja t\u00f6\u00f6tlemiseks on ainult selleks volitatud isikutel ning k\u00f5ikide kasutajate isikuandmeid k\u00e4sitletakse kui konfidentsiaalset informatsiooni.<\/p>\n\n\n\n<h3 class=\"wp-block-heading\">Kasutaja \u00f5igused<\/h3>\n\n\n\n<p>Kasutajal on \u00f5igus igal ajal:<\/p>\n\n\n\n<p>avaldada soovi juurdep\u00e4\u00e4suks enda andmetele;<br>n\u00f5uda isikuandmete parandamist, t\u00e4iendamist v\u00f5i seaduses etten\u00e4htud tingimustel kustutamist;<br>n\u00f5uda isikuandmete t\u00f6\u00f6tlemise piiramist;<br>n\u00f5uda isikuandmete \u00fclekandmist.<\/p>\n\n\n\n<p>Oma \u00f5iguste kasutamiseks tuleb kasutajal saata e-posti aadressile wi&#64;w&#105;&#46;&#101;&#101; vastavasisuline sooviavaldus.<\/p>\n\n\n\n<p>Kui kasutaja kuulub V\u00f5ru Instituudi meililisti, on tal v\u00f5imalik kustutada end meililisti nimekirjast ja loobuda edasistest kirjadest e-kirja l\u00f5pus oleva lingi kaudu.<\/p>\n\n\n\n<p>K\u00fcpsiste kasutamise piiramiseks saab kasutaja teha vastavad valikud oma veebilehitseja seadete alt.<\/p>\n\n\n\n<p>Kui Kasutaja usub, et tema \u00f5igusi on isikuandmete t\u00f6\u00f6tlemisel rikutud, on tal \u00f5igus p\u00f6\u00f6rduda Andmekaitse Inspektsiooni poole.<\/p>\n\n\n\n<h3 class=\"wp-block-heading\">Privaatsustingimuste muutmine<\/h3>\n\n\n\n<p>V\u00f5ru Instituut j\u00e4tab endale \u00f5iguse muuta privaatsustingimusi \u00fchepoolselt ja ette teatamata, eesm\u00e4rgiga kindlustada nende vastavus seadustele. Privaatsustingimused on oma uusimas versioonis alati veebilehel saadaval.<\/p>\n\n\n\n<p>K\u00f5igi privaatsustingimuste ja andmet\u00f6\u00f6tluse kohta tekkivate k\u00fcsimustega palume v\u00f5tta \u00fchendust aadressil &#x77;i&#x40;w&#x69;&#46;&#x65;&#101;.<\/p>\n\n\n\n<p>Jagamine<\/p>","protected":false},"excerpt":{"rendered":"<p>Privaatsustingimused reguleerivad isikuandmete t\u00f6\u00f6tlemist ja k\u00fcpsiste kasutamist V\u00f5ru Instituudi veebilehel vanavorumaamuuseumid.ee (edaspidi [&hellip;]<\/p>\n","protected":false},"author":1,"featured_media":0,"parent":0,"menu_order":0,"comment_status":"closed","ping_status":"open","template":"","meta":{"_acf_changed":false,"_et_pb_use_builder":"","_et_pb_old_content":"","_et_gb_content_width":"","footnotes":""},"class_list":["post-3","page","type-page","status-publish","hentry"],"acf":[],"yoast_head":"<!-- This site is optimized with the Yoast SEO plugin v27.4 - https:\/\/yoast.com\/product\/yoast-seo-wordpress\/ -->\n<title>Privaatsustingimused - Vana-V\u00f5rumaa muuseumid<\/title>\n<meta name=\"robots\" content=\"index, follow, max-snippet:-1, max-image-preview:large, max-video-preview:-1\" \/>\n<link rel=\"canonical\" href=\"https:\/\/vanavorumaamuuseumid.ee\/vo\/privaatsustingimused\/\" \/>\n<meta property=\"og:locale\" content=\"en_US\" \/>\n<meta property=\"og:type\" content=\"article\" \/>\n<meta property=\"og:title\" content=\"Privaatsustingimused - Vana-V\u00f5rumaa muuseumid\" \/>\n<meta property=\"og:description\" content=\"Privaatsustingimused reguleerivad isikuandmete t\u00f6\u00f6tlemist ja k\u00fcpsiste kasutamist V\u00f5ru Instituudi veebilehel vanavorumaamuuseumid.ee (edaspidi [&hellip;]\" \/>\n<meta property=\"og:url\" content=\"https:\/\/vanavorumaamuuseumid.ee\/vo\/privaatsustingimused\/\" \/>\n<meta property=\"og:site_name\" content=\"Vana-V\u00f5rumaa muuseumid\" \/>\n<meta property=\"article:modified_time\" content=\"2025-09-09T07:43:42+00:00\" \/>\n<meta name=\"twitter:card\" content=\"summary_large_image\" \/>\n<meta name=\"twitter:label1\" content=\"Est. reading time\" \/>\n\t<meta name=\"twitter:data1\" content=\"2 minutes\" \/>\n<script type=\"application\/ld+json\" class=\"yoast-schema-graph\">{\"@context\":\"https:\\\/\\\/schema.org\",\"@graph\":[{\"@type\":\"WebPage\",\"@id\":\"https:\\\/\\\/vanavorumaamuuseumid.ee\\\/privaatsustingimused\\\/\",\"url\":\"https:\\\/\\\/vanavorumaamuuseumid.ee\\\/privaatsustingimused\\\/\",\"name\":\"Privaatsustingimused - Vana-V\u00f5rumaa muuseumid\",\"isPartOf\":{\"@id\":\"https:\\\/\\\/vanavorumaamuuseumid.ee\\\/#website\"},\"datePublished\":\"2025-05-03T16:34:38+00:00\",\"dateModified\":\"2025-09-09T07:43:42+00:00\",\"breadcrumb\":{\"@id\":\"https:\\\/\\\/vanavorumaamuuseumid.ee\\\/privaatsustingimused\\\/#breadcrumb\"},\"inLanguage\":\"vo\",\"potentialAction\":[{\"@type\":\"ReadAction\",\"target\":[\"https:\\\/\\\/vanavorumaamuuseumid.ee\\\/privaatsustingimused\\\/\"]}]},{\"@type\":\"BreadcrumbList\",\"@id\":\"https:\\\/\\\/vanavorumaamuuseumid.ee\\\/privaatsustingimused\\\/#breadcrumb\",\"itemListElement\":[{\"@type\":\"ListItem\",\"position\":1,\"name\":\"Home\",\"item\":\"https:\\\/\\\/vanavorumaamuuseumid.ee\\\/\"},{\"@type\":\"ListItem\",\"position\":2,\"name\":\"Privaatsustingimused\"}]},{\"@type\":\"WebSite\",\"@id\":\"https:\\\/\\\/vanavorumaamuuseumid.ee\\\/#website\",\"url\":\"https:\\\/\\\/vanavorumaamuuseumid.ee\\\/\",\"name\":\"Vana-V\u00f5rumaa Muuseumid\",\"description\":\"V\u00f5rumaa Muuseum, Dr. Fr. R. Kreutzwaldi Memoriaalmuuseum, M\u00f5niste Talurahvamuuseum ja Karilatsi Vaba\u00f5humuuseum\",\"publisher\":{\"@id\":\"https:\\\/\\\/vanavorumaamuuseumid.ee\\\/#organization\"},\"potentialAction\":[{\"@type\":\"SearchAction\",\"target\":{\"@type\":\"EntryPoint\",\"urlTemplate\":\"https:\\\/\\\/vanavorumaamuuseumid.ee\\\/?s={search_term_string}\"},\"query-input\":{\"@type\":\"PropertyValueSpecification\",\"valueRequired\":true,\"valueName\":\"search_term_string\"}}],\"inLanguage\":\"vo\"},{\"@type\":\"Organization\",\"@id\":\"https:\\\/\\\/vanavorumaamuuseumid.ee\\\/#organization\",\"name\":\"V\u00f5ru Instituut\",\"url\":\"https:\\\/\\\/vanavorumaamuuseumid.ee\\\/\",\"logo\":{\"@type\":\"ImageObject\",\"inLanguage\":\"vo\",\"@id\":\"https:\\\/\\\/vanavorumaamuuseumid.ee\\\/#\\\/schema\\\/logo\\\/image\\\/\",\"url\":\"https:\\\/\\\/vanavorumaamuuseumid.ee\\\/wp-content\\\/uploads\\\/2025\\\/05\\\/vana-voromaa-muusoumi-250516.svg\",\"contentUrl\":\"https:\\\/\\\/vanavorumaamuuseumid.ee\\\/wp-content\\\/uploads\\\/2025\\\/05\\\/vana-voromaa-muusoumi-250516.svg\",\"width\":567,\"height\":80,\"caption\":\"V\u00f5ru Instituut\"},\"image\":{\"@id\":\"https:\\\/\\\/vanavorumaamuuseumid.ee\\\/#\\\/schema\\\/logo\\\/image\\\/\"}}]}<\/script>\n<!-- \/ Yoast SEO plugin. -->","yoast_head_json":{"title":"Privaatsustingimused - Vana-V\u00f5rumaa muuseumid","robots":{"index":"index","follow":"follow","max-snippet":"max-snippet:-1","max-image-preview":"max-image-preview:large","max-video-preview":"max-video-preview:-1"},"canonical":"https:\/\/vanavorumaamuuseumid.ee\/vo\/privaatsustingimused\/","og_locale":"en_US","og_type":"article","og_title":"Privaatsustingimused - Vana-V\u00f5rumaa muuseumid","og_description":"Privaatsustingimused reguleerivad isikuandmete t\u00f6\u00f6tlemist ja k\u00fcpsiste kasutamist V\u00f5ru Instituudi veebilehel vanavorumaamuuseumid.ee (edaspidi [&hellip;]","og_url":"https:\/\/vanavorumaamuuseumid.ee\/vo\/privaatsustingimused\/","og_site_name":"Vana-V\u00f5rumaa muuseumid","article_modified_time":"2025-09-09T07:43:42+00:00","twitter_card":"summary_large_image","twitter_misc":{"Est. reading time":"2 minutes"},"schema":{"@context":"https:\/\/schema.org","@graph":[{"@type":"WebPage","@id":"https:\/\/vanavorumaamuuseumid.ee\/privaatsustingimused\/","url":"https:\/\/vanavorumaamuuseumid.ee\/privaatsustingimused\/","name":"Privaatsustingimused - Vana-V\u00f5rumaa muuseumid","isPartOf":{"@id":"https:\/\/vanavorumaamuuseumid.ee\/#website"},"datePublished":"2025-05-03T16:34:38+00:00","dateModified":"2025-09-09T07:43:42+00:00","breadcrumb":{"@id":"https:\/\/vanavorumaamuuseumid.ee\/privaatsustingimused\/#breadcrumb"},"inLanguage":"vo","potentialAction":[{"@type":"ReadAction","target":["https:\/\/vanavorumaamuuseumid.ee\/privaatsustingimused\/"]}]},{"@type":"BreadcrumbList","@id":"https:\/\/vanavorumaamuuseumid.ee\/privaatsustingimused\/#breadcrumb","itemListElement":[{"@type":"ListItem","position":1,"name":"Home","item":"https:\/\/vanavorumaamuuseumid.ee\/"},{"@type":"ListItem","position":2,"name":"Privaatsustingimused"}]},{"@type":"WebSite","@id":"https:\/\/vanavorumaamuuseumid.ee\/#website","url":"https:\/\/vanavorumaamuuseumid.ee\/","name":"Vana-V\u00f5rumaa Muuseumid","description":"V\u00f5rumaa Muuseum, Dr. Fr. R. Kreutzwaldi Memoriaalmuuseum, M\u00f5niste Talurahvamuuseum ja Karilatsi Vaba\u00f5humuuseum","publisher":{"@id":"https:\/\/vanavorumaamuuseumid.ee\/#organization"},"potentialAction":[{"@type":"SearchAction","target":{"@type":"EntryPoint","urlTemplate":"https:\/\/vanavorumaamuuseumid.ee\/?s={search_term_string}"},"query-input":{"@type":"PropertyValueSpecification","valueRequired":true,"valueName":"search_term_string"}}],"inLanguage":"vo"},{"@type":"Organization","@id":"https:\/\/vanavorumaamuuseumid.ee\/#organization","name":"V\u00f5ru Instituut","url":"https:\/\/vanavorumaamuuseumid.ee\/","logo":{"@type":"ImageObject","inLanguage":"vo","@id":"https:\/\/vanavorumaamuuseumid.ee\/#\/schema\/logo\/image\/","url":"https:\/\/vanavorumaamuuseumid.ee\/wp-content\/uploads\/2025\/05\/vana-voromaa-muusoumi-250516.svg","contentUrl":"https:\/\/vanavorumaamuuseumid.ee\/wp-content\/uploads\/2025\/05\/vana-voromaa-muusoumi-250516.svg","width":567,"height":80,"caption":"V\u00f5ru Instituut"},"image":{"@id":"https:\/\/vanavorumaamuuseumid.ee\/#\/schema\/logo\/image\/"}}]}},"_links":{"self":[{"href":"https:\/\/vanavorumaamuuseumid.ee\/vo\/wp-json\/wp\/v2\/pages\/3","targetHints":{"allow":["GET"]}}],"collection":[{"href":"https:\/\/vanavorumaamuuseumid.ee\/vo\/wp-json\/wp\/v2\/pages"}],"about":[{"href":"https:\/\/vanavorumaamuuseumid.ee\/vo\/wp-json\/wp\/v2\/types\/page"}],"author":[{"embeddable":true,"href":"https:\/\/vanavorumaamuuseumid.ee\/vo\/wp-json\/wp\/v2\/users\/1"}],"replies":[{"embeddable":true,"href":"https:\/\/vanavorumaamuuseumid.ee\/vo\/wp-json\/wp\/v2\/comments?post=3"}],"version-history":[{"count":2,"href":"https:\/\/vanavorumaamuuseumid.ee\/vo\/wp-json\/wp\/v2\/pages\/3\/revisions"}],"predecessor-version":[{"id":2547,"href":"https:\/\/vanavorumaamuuseumid.ee\/vo\/wp-json\/wp\/v2\/pages\/3\/revisions\/2547"}],"wp:attachment":[{"href":"https:\/\/vanavorumaamuuseumid.ee\/vo\/wp-json\/wp\/v2\/media?parent=3"}],"curies":[{"name":"wp","href":"https:\/\/api.w.org\/{rel}","templated":true}]}}