{"id":3105,"date":"2025-09-22T13:01:21","date_gmt":"2025-09-22T10:01:21","guid":{"rendered":"https:\/\/vanavorumaamuuseumid.ee\/?page_id=3105"},"modified":"2025-11-14T13:42:59","modified_gmt":"2025-11-14T11:42:59","slug":"diginaitused","status":"publish","type":"page","link":"https:\/\/vanavorumaamuuseumid.ee\/vo\/lauluisa\/diginaitused\/","title":{"rendered":"Digin\u00e4\u00fct\u00fcs"},"content":{"rendered":"<div class=\"events-posts diginaitused-posts\"><div class=\"owl-carousel owl-theme sundmused-items\"><div class=\"item\">\r\n    <div class=\"thumb\">\r\n        <a href=\"https:\/\/vanavorumaamuuseumid.ee\/vo\/lauluisa-diginaitus\/muuseum-muutuvas-ajas-i-osa\/\"><img decoding=\"async\" width=\"480\" height=\"270\" src=\"https:\/\/vanavorumaamuuseumid.ee\/wp-content\/uploads\/2025\/09\/2019-07.-august-480x270.jpg\" class=\"attachment-thumbnail size-thumbnail wp-post-image\" alt=\"\" \/><\/a>\r\n    <\/div>    <h3><a href=\"https:\/\/vanavorumaamuuseumid.ee\/vo\/lauluisa-diginaitus\/muuseum-muutuvas-ajas-i-osa\/\">MUUS\u00d5UM MUUTUVAN AON I osa<\/a><\/h3>\r\n    \r\n<\/div><div class=\"item\">\r\n    <div class=\"thumb\">\r\n        <a href=\"https:\/\/vanavorumaamuuseumid.ee\/vo\/lauluisa-diginaitus\/muuseum-muutuvas-ajas-ii-osa\/\"><img decoding=\"async\" width=\"480\" height=\"270\" src=\"https:\/\/vanavorumaamuuseumid.ee\/wp-content\/uploads\/2025\/09\/1998-DrKM-F-344-9-s-480x270.jpg\" class=\"attachment-thumbnail size-thumbnail wp-post-image\" alt=\"\" \/><\/a>\r\n    <\/div>    <h3><a href=\"https:\/\/vanavorumaamuuseumid.ee\/vo\/lauluisa-diginaitus\/muuseum-muutuvas-ajas-ii-osa\/\">MUUS\u00d5UM MUUTUVAN AON II osa<\/a><\/h3>\r\n    \r\n<\/div><div class=\"item\">\r\n    <div class=\"thumb\">\r\n        <a href=\"https:\/\/vanavorumaamuuseumid.ee\/vo\/lauluisa-diginaitus\/muuseum-muutuvas-ajas-iii-osa\/\"><img decoding=\"async\" width=\"480\" height=\"270\" src=\"https:\/\/vanavorumaamuuseumid.ee\/wp-content\/uploads\/2025\/09\/2020-Kreutzwaldi-muuseumi-aed-480x270.jpg\" class=\"attachment-thumbnail size-thumbnail wp-post-image\" alt=\"\" \/><\/a>\r\n    <\/div>    <h3><a href=\"https:\/\/vanavorumaamuuseumid.ee\/vo\/lauluisa-diginaitus\/muuseum-muutuvas-ajas-iii-osa\/\">MUUS\u00d5UM MUUTUVAN AON III osa<\/a><\/h3>\r\n    \r\n<\/div><div class=\"item\">\r\n    <div class=\"thumb\">\r\n        <a href=\"https:\/\/vanavorumaamuuseumid.ee\/vo\/lauluisa-diginaitus\/muuseum-muutuvas-ajas-iv-osa\/\"><img decoding=\"async\" width=\"480\" height=\"270\" src=\"https:\/\/vanavorumaamuuseumid.ee\/wp-content\/uploads\/2025\/09\/MG_8343-1-480x270.jpg\" class=\"attachment-thumbnail size-thumbnail wp-post-image\" alt=\"\" \/><\/a>\r\n    <\/div>    <h3><a href=\"https:\/\/vanavorumaamuuseumid.ee\/vo\/lauluisa-diginaitus\/muuseum-muutuvas-ajas-iv-osa\/\">MUUS\u00d5UM MUUTUVAN AON IV osa<\/a><\/h3>\r\n    \r\n<\/div><div class=\"item\">\r\n    <div class=\"thumb\">\r\n        <a href=\"https:\/\/vanavorumaamuuseumid.ee\/vo\/lauluisa-diginaitus\/muuseum-muutuvas-ajas-v-osa\/\"><img decoding=\"async\" width=\"480\" height=\"270\" src=\"https:\/\/vanavorumaamuuseumid.ee\/wp-content\/uploads\/2025\/09\/MG_0338-480x270.jpg\" class=\"attachment-thumbnail size-thumbnail wp-post-image\" alt=\"\" \/><\/a>\r\n    <\/div>    <h3><a href=\"https:\/\/vanavorumaamuuseumid.ee\/vo\/lauluisa-diginaitus\/muuseum-muutuvas-ajas-v-osa\/\">MUUS\u00d5UM MUUTUVAN AON V osa<\/a><\/h3>\r\n    \r\n<\/div><div class=\"item\">\r\n    <div class=\"thumb\">\r\n        <a href=\"https:\/\/vanavorumaamuuseumid.ee\/vo\/lauluisa-diginaitus\/dr-fr-r-kreutzwaldi-malestussammas-vorus\/\"><img decoding=\"async\" width=\"480\" height=\"270\" src=\"https:\/\/vanavorumaamuuseumid.ee\/wp-content\/uploads\/2025\/09\/Picture1-4-480x270.jpg\" class=\"attachment-thumbnail size-thumbnail wp-post-image\" alt=\"\" \/><\/a>\r\n    <\/div>    <h3><a href=\"https:\/\/vanavorumaamuuseumid.ee\/vo\/lauluisa-diginaitus\/dr-fr-r-kreutzwaldi-malestussammas-vorus\/\">Dr. Fr. R. KREUTZWALDI M\u00c4LESTUSSAMMAS V\u00d5RUS<\/a><\/h3>\r\n    \r\n<\/div><div class=\"item\">\r\n    <div class=\"thumb\">\r\n        <a href=\"https:\/\/vanavorumaamuuseumid.ee\/vo\/lauluisa-diginaitus\/fr-r-kreutzwaldi-malestuse-jaadvustamisega-seotud-ausambad-ja-malestusmargid\/\"><img decoding=\"async\" width=\"480\" height=\"270\" src=\"https:\/\/vanavorumaamuuseumid.ee\/wp-content\/uploads\/2025\/09\/Picture1-3-480x270.jpg\" class=\"attachment-thumbnail size-thumbnail wp-post-image\" alt=\"\" \/><\/a>\r\n    <\/div>    <h3><a href=\"https:\/\/vanavorumaamuuseumid.ee\/vo\/lauluisa-diginaitus\/fr-r-kreutzwaldi-malestuse-jaadvustamisega-seotud-ausambad-ja-malestusmargid\/\">Fr. R. KREUTZWALDI M\u00c4LESTUSE J\u00c4\u00c4DVUSTAMISEGA SEOTUD AUSAMBAD JA M\u00c4LESTUSM\u00c4RGID<\/a><\/h3>\r\n    \r\n<\/div><div class=\"item\">\r\n    <div class=\"thumb\">\r\n        <a href=\"https:\/\/vanavorumaamuuseumid.ee\/vo\/lauluisa-diginaitus\/kreutzwaldi-malestusmedali-laureaadid\/\"><img decoding=\"async\" width=\"480\" height=\"270\" src=\"https:\/\/vanavorumaamuuseumid.ee\/wp-content\/uploads\/2025\/10\/Kreutzwaldi-malestusmedal-480x270.jpg\" class=\"attachment-thumbnail size-thumbnail wp-post-image\" alt=\"\" \/><\/a>\r\n    <\/div>    <h3><a href=\"https:\/\/vanavorumaamuuseumid.ee\/vo\/lauluisa-diginaitus\/kreutzwaldi-malestusmedali-laureaadid\/\">Kreutzwaldi m\u00e4lestusmedali laureaadid<\/a><\/h3>\r\n    \r\n<\/div><div class=\"item\">\r\n    <div class=\"thumb\">\r\n        <a href=\"https:\/\/vanavorumaamuuseumid.ee\/vo\/lauluisa-diginaitus\/kreutzwaldi-stipendiaadid\/\"><img decoding=\"async\" width=\"480\" height=\"270\" src=\"https:\/\/vanavorumaamuuseumid.ee\/wp-content\/uploads\/2025\/10\/Picture1-480x270.jpg\" class=\"attachment-thumbnail size-thumbnail wp-post-image\" alt=\"\" \/><\/a>\r\n    <\/div>    <h3><a href=\"https:\/\/vanavorumaamuuseumid.ee\/vo\/lauluisa-diginaitus\/kreutzwaldi-stipendiaadid\/\">Kreutzwaldi stipendiaadid<\/a><\/h3>\r\n    \r\n<\/div><div class=\"item\">\r\n    <div class=\"thumb\">\r\n        <a href=\"https:\/\/vanavorumaamuuseumid.ee\/vo\/lauluisa-diginaitus\/fr-r-kreutzwaldi-kalevipoja-tolked\/\"><img decoding=\"async\" width=\"480\" height=\"270\" src=\"https:\/\/vanavorumaamuuseumid.ee\/wp-content\/uploads\/2025\/09\/Picture1-2-480x270.jpg\" class=\"attachment-thumbnail size-thumbnail wp-post-image\" alt=\"\" \/><\/a>\r\n    <\/div>    <h3><a href=\"https:\/\/vanavorumaamuuseumid.ee\/vo\/lauluisa-diginaitus\/fr-r-kreutzwaldi-kalevipoja-tolked\/\">Fr. R. KREUTZWALDI &#8220;KALEVIPOJA&#8221; T\u00d5LKED<\/a><\/h3>\r\n    \r\n<\/div><div class=\"item\">\r\n    <div class=\"thumb\">\r\n        <a href=\"https:\/\/vanavorumaamuuseumid.ee\/vo\/lauluisa-diginaitus\/fr-r-kreutzwald-220\/\"><img decoding=\"async\" width=\"255\" height=\"270\" src=\"https:\/\/vanavorumaamuuseumid.ee\/wp-content\/uploads\/2025\/09\/Picture2-1-255x270.jpg\" class=\"attachment-thumbnail size-thumbnail wp-post-image\" alt=\"\" \/><\/a>\r\n    <\/div>    <h3><a href=\"https:\/\/vanavorumaamuuseumid.ee\/vo\/lauluisa-diginaitus\/fr-r-kreutzwald-220\/\">Fr. R. KREUTZWALD 220<\/a><\/h3>\r\n    \r\n<\/div><div class=\"item\">\r\n    <div class=\"thumb\">\r\n        <a href=\"https:\/\/vanavorumaamuuseumid.ee\/vo\/lauluisa-diginaitus\/meeleolukaid-hetki-muuseumis-i-osa\/\"><img decoding=\"async\" width=\"480\" height=\"270\" src=\"https:\/\/vanavorumaamuuseumid.ee\/wp-content\/uploads\/2025\/09\/20230818_185328-480x270.jpg\" class=\"attachment-thumbnail size-thumbnail wp-post-image\" alt=\"\" \/><\/a>\r\n    <\/div>    <h3><a href=\"https:\/\/vanavorumaamuuseumid.ee\/vo\/lauluisa-diginaitus\/meeleolukaid-hetki-muuseumis-i-osa\/\">MEELEOLUKAID HETKI MUUSEUMIS I osa<\/a><\/h3>\r\n    \r\n<\/div><div class=\"item\">\r\n    <div class=\"thumb\">\r\n        <a href=\"https:\/\/vanavorumaamuuseumid.ee\/vo\/lauluisa-diginaitus\/meeleolukaid-hetki-muuseumis-ii-osa\/\"><img decoding=\"async\" width=\"480\" height=\"270\" src=\"https:\/\/vanavorumaamuuseumid.ee\/wp-content\/uploads\/2025\/09\/20250910_095132-p-480x270.jpg\" class=\"attachment-thumbnail size-thumbnail wp-post-image\" alt=\"\" \/><\/a>\r\n    <\/div>    <h3><a href=\"https:\/\/vanavorumaamuuseumid.ee\/vo\/lauluisa-diginaitus\/meeleolukaid-hetki-muuseumis-ii-osa\/\">MEELEOLUKAID HETKI MUUSEUMIS II osa<\/a><\/h3>\r\n    \r\n<\/div><div class=\"item\">\r\n    <div class=\"thumb\">\r\n        <a href=\"https:\/\/vanavorumaamuuseumid.ee\/vo\/lauluisa-diginaitus\/meeleolukaid-hetki-muuseumis-iii-osa\/\"><img decoding=\"async\" width=\"480\" height=\"270\" src=\"https:\/\/vanavorumaamuuseumid.ee\/wp-content\/uploads\/2025\/09\/Picture1-1-480x270.jpg\" class=\"attachment-thumbnail size-thumbnail wp-post-image\" alt=\"\" \/><\/a>\r\n    <\/div>    <h3><a href=\"https:\/\/vanavorumaamuuseumid.ee\/vo\/lauluisa-diginaitus\/meeleolukaid-hetki-muuseumis-iii-osa\/\">MEELEOLUKAID HETKI MUUSEUMIS III osa<\/a><\/h3>\r\n    \r\n<\/div><div class=\"item\">\r\n    <div class=\"thumb\">\r\n        <a href=\"https:\/\/vanavorumaamuuseumid.ee\/vo\/lauluisa-diginaitus\/valik-kreutzwaldi-muuseumi-poolt-saadetud-onnitluskaarte\/\"><img decoding=\"async\" width=\"480\" height=\"270\" src=\"https:\/\/vanavorumaamuuseumid.ee\/wp-content\/uploads\/2025\/09\/Picture2-480x270.jpg\" class=\"attachment-thumbnail size-thumbnail wp-post-image\" alt=\"\" \/><\/a>\r\n    <\/div>    <h3><a href=\"https:\/\/vanavorumaamuuseumid.ee\/vo\/lauluisa-diginaitus\/valik-kreutzwaldi-muuseumi-poolt-saadetud-onnitluskaarte\/\">VALIK KREUTZWALDI MUUSEUMI POOLT SAADETUD \u00d5NNITLUSKAARTE<\/a><\/h3>\r\n    \r\n<\/div><div class=\"item\">\r\n    <div class=\"thumb\">\r\n        <a href=\"https:\/\/vanavorumaamuuseumid.ee\/vo\/lauluisa-diginaitus\/valik-kreutzwaldi-muuseumile-saadetud-onnitluskaarte\/\"><img decoding=\"async\" width=\"480\" height=\"270\" src=\"https:\/\/vanavorumaamuuseumid.ee\/wp-content\/uploads\/2025\/09\/Picture1-480x270.jpg\" class=\"attachment-thumbnail size-thumbnail wp-post-image\" alt=\"\" \/><\/a>\r\n    <\/div>    <h3><a href=\"https:\/\/vanavorumaamuuseumid.ee\/vo\/lauluisa-diginaitus\/valik-kreutzwaldi-muuseumile-saadetud-onnitluskaarte\/\">VALIK KREUTZWALDI MUUSEUMILE SAADETUD \u00d5NNITLUSKAARTE<\/a><\/h3>\r\n    \r\n<\/div><div class=\"item\">\r\n    <div class=\"thumb\">\r\n        <a href=\"https:\/\/vanavorumaamuuseumid.ee\/vo\/lauluisa-diginaitus\/kalevipoja-toa-tapeedi-valmistamine-2020\/\"><img decoding=\"async\" width=\"480\" height=\"270\" src=\"https:\/\/vanavorumaamuuseumid.ee\/wp-content\/uploads\/2025\/09\/kalevipoja-toa-tapeedi-valmistamine-250923-480x270.jpg\" class=\"attachment-thumbnail size-thumbnail wp-post-image\" alt=\"Kalevipoja toa tapeedi valmistamine\" \/><\/a>\r\n    <\/div>    <h3><a href=\"https:\/\/vanavorumaamuuseumid.ee\/vo\/lauluisa-diginaitus\/kalevipoja-toa-tapeedi-valmistamine-2020\/\">KALEVIPOJA TOA TAPEEDI VALMISTAMINE 2020<\/a><\/h3>\r\n    \r\n<\/div><\/div><\/div>","protected":false},"excerpt":{"rendered":"","protected":false},"author":1,"featured_media":0,"parent":227,"menu_order":0,"comment_status":"closed","ping_status":"closed","template":"","meta":{"_acf_changed":false,"_et_pb_use_builder":"","_et_pb_old_content":"","_et_gb_content_width":"","footnotes":""},"class_list":["post-3105","page","type-page","status-publish","hentry"],"acf":[],"yoast_head":"<!-- This site is optimized with the Yoast SEO plugin v27.4 - https:\/\/yoast.com\/product\/yoast-seo-wordpress\/ -->\n<title>Digin\u00e4itused - Vana-V\u00f5rumaa muuseumid<\/title>\n<meta name=\"robots\" content=\"index, follow, max-snippet:-1, max-image-preview:large, max-video-preview:-1\" \/>\n<link rel=\"canonical\" href=\"https:\/\/vanavorumaamuuseumid.ee\/vo\/lauluisa\/diginaitused\/\" \/>\n<meta property=\"og:locale\" content=\"en_US\" \/>\n<meta property=\"og:type\" content=\"article\" \/>\n<meta property=\"og:title\" content=\"Digin\u00e4itused - Vana-V\u00f5rumaa muuseumid\" \/>\n<meta property=\"og:url\" content=\"https:\/\/vanavorumaamuuseumid.ee\/vo\/lauluisa\/diginaitused\/\" \/>\n<meta property=\"og:site_name\" content=\"Vana-V\u00f5rumaa muuseumid\" \/>\n<meta property=\"article:modified_time\" content=\"2025-11-14T11:42:59+00:00\" \/>\n<meta name=\"twitter:card\" content=\"summary_large_image\" \/>\n<meta name=\"twitter:label1\" content=\"Est. reading time\" \/>\n\t<meta name=\"twitter:data1\" content=\"1 minute\" \/>\n<script type=\"application\/ld+json\" class=\"yoast-schema-graph\">{\"@context\":\"https:\\\/\\\/schema.org\",\"@graph\":[{\"@type\":\"WebPage\",\"@id\":\"https:\\\/\\\/vanavorumaamuuseumid.ee\\\/lauluisa\\\/diginaitused\\\/\",\"url\":\"https:\\\/\\\/vanavorumaamuuseumid.ee\\\/lauluisa\\\/diginaitused\\\/\",\"name\":\"Digin\u00e4itused - Vana-V\u00f5rumaa muuseumid\",\"isPartOf\":{\"@id\":\"https:\\\/\\\/vanavorumaamuuseumid.ee\\\/#website\"},\"datePublished\":\"2025-09-22T10:01:21+00:00\",\"dateModified\":\"2025-11-14T11:42:59+00:00\",\"breadcrumb\":{\"@id\":\"https:\\\/\\\/vanavorumaamuuseumid.ee\\\/lauluisa\\\/diginaitused\\\/#breadcrumb\"},\"inLanguage\":\"vo\",\"potentialAction\":[{\"@type\":\"ReadAction\",\"target\":[\"https:\\\/\\\/vanavorumaamuuseumid.ee\\\/lauluisa\\\/diginaitused\\\/\"]}]},{\"@type\":\"BreadcrumbList\",\"@id\":\"https:\\\/\\\/vanavorumaamuuseumid.ee\\\/lauluisa\\\/diginaitused\\\/#breadcrumb\",\"itemListElement\":[{\"@type\":\"ListItem\",\"position\":1,\"name\":\"Home\",\"item\":\"https:\\\/\\\/vanavorumaamuuseumid.ee\\\/\"},{\"@type\":\"ListItem\",\"position\":2,\"name\":\"Dr. Fr. R. Kreutzwaldi Memoriaalmuuseum\",\"item\":\"https:\\\/\\\/vanavorumaamuuseumid.ee\\\/lauluisa\\\/\"},{\"@type\":\"ListItem\",\"position\":3,\"name\":\"Digin\u00e4itused\"}]},{\"@type\":\"WebSite\",\"@id\":\"https:\\\/\\\/vanavorumaamuuseumid.ee\\\/#website\",\"url\":\"https:\\\/\\\/vanavorumaamuuseumid.ee\\\/\",\"name\":\"Vana-V\u00f5rumaa Muuseumid\",\"description\":\"V\u00f5rumaa Muuseum, Dr. Fr. R. Kreutzwaldi Memoriaalmuuseum, M\u00f5niste Talurahvamuuseum ja Karilatsi Vaba\u00f5humuuseum\",\"publisher\":{\"@id\":\"https:\\\/\\\/vanavorumaamuuseumid.ee\\\/#organization\"},\"potentialAction\":[{\"@type\":\"SearchAction\",\"target\":{\"@type\":\"EntryPoint\",\"urlTemplate\":\"https:\\\/\\\/vanavorumaamuuseumid.ee\\\/?s={search_term_string}\"},\"query-input\":{\"@type\":\"PropertyValueSpecification\",\"valueRequired\":true,\"valueName\":\"search_term_string\"}}],\"inLanguage\":\"vo\"},{\"@type\":\"Organization\",\"@id\":\"https:\\\/\\\/vanavorumaamuuseumid.ee\\\/#organization\",\"name\":\"V\u00f5ru Instituut\",\"url\":\"https:\\\/\\\/vanavorumaamuuseumid.ee\\\/\",\"logo\":{\"@type\":\"ImageObject\",\"inLanguage\":\"vo\",\"@id\":\"https:\\\/\\\/vanavorumaamuuseumid.ee\\\/#\\\/schema\\\/logo\\\/image\\\/\",\"url\":\"https:\\\/\\\/vanavorumaamuuseumid.ee\\\/wp-content\\\/uploads\\\/2025\\\/05\\\/vana-voromaa-muusoumi-250516.svg\",\"contentUrl\":\"https:\\\/\\\/vanavorumaamuuseumid.ee\\\/wp-content\\\/uploads\\\/2025\\\/05\\\/vana-voromaa-muusoumi-250516.svg\",\"width\":567,\"height\":80,\"caption\":\"V\u00f5ru Instituut\"},\"image\":{\"@id\":\"https:\\\/\\\/vanavorumaamuuseumid.ee\\\/#\\\/schema\\\/logo\\\/image\\\/\"}}]}<\/script>\n<!-- \/ Yoast SEO plugin. -->","yoast_head_json":{"title":"Digin\u00e4itused - Vana-V\u00f5rumaa muuseumid","robots":{"index":"index","follow":"follow","max-snippet":"max-snippet:-1","max-image-preview":"max-image-preview:large","max-video-preview":"max-video-preview:-1"},"canonical":"https:\/\/vanavorumaamuuseumid.ee\/vo\/lauluisa\/diginaitused\/","og_locale":"en_US","og_type":"article","og_title":"Digin\u00e4itused - Vana-V\u00f5rumaa muuseumid","og_url":"https:\/\/vanavorumaamuuseumid.ee\/vo\/lauluisa\/diginaitused\/","og_site_name":"Vana-V\u00f5rumaa muuseumid","article_modified_time":"2025-11-14T11:42:59+00:00","twitter_card":"summary_large_image","twitter_misc":{"Est. reading time":"1 minute"},"schema":{"@context":"https:\/\/schema.org","@graph":[{"@type":"WebPage","@id":"https:\/\/vanavorumaamuuseumid.ee\/lauluisa\/diginaitused\/","url":"https:\/\/vanavorumaamuuseumid.ee\/lauluisa\/diginaitused\/","name":"Digin\u00e4itused - Vana-V\u00f5rumaa muuseumid","isPartOf":{"@id":"https:\/\/vanavorumaamuuseumid.ee\/#website"},"datePublished":"2025-09-22T10:01:21+00:00","dateModified":"2025-11-14T11:42:59+00:00","breadcrumb":{"@id":"https:\/\/vanavorumaamuuseumid.ee\/lauluisa\/diginaitused\/#breadcrumb"},"inLanguage":"vo","potentialAction":[{"@type":"ReadAction","target":["https:\/\/vanavorumaamuuseumid.ee\/lauluisa\/diginaitused\/"]}]},{"@type":"BreadcrumbList","@id":"https:\/\/vanavorumaamuuseumid.ee\/lauluisa\/diginaitused\/#breadcrumb","itemListElement":[{"@type":"ListItem","position":1,"name":"Home","item":"https:\/\/vanavorumaamuuseumid.ee\/"},{"@type":"ListItem","position":2,"name":"Dr. Fr. R. Kreutzwaldi Memoriaalmuuseum","item":"https:\/\/vanavorumaamuuseumid.ee\/lauluisa\/"},{"@type":"ListItem","position":3,"name":"Digin\u00e4itused"}]},{"@type":"WebSite","@id":"https:\/\/vanavorumaamuuseumid.ee\/#website","url":"https:\/\/vanavorumaamuuseumid.ee\/","name":"Vana-V\u00f5rumaa Muuseumid","description":"V\u00f5rumaa Muuseum, Dr. Fr. R. Kreutzwaldi Memoriaalmuuseum, M\u00f5niste Talurahvamuuseum ja Karilatsi Vaba\u00f5humuuseum","publisher":{"@id":"https:\/\/vanavorumaamuuseumid.ee\/#organization"},"potentialAction":[{"@type":"SearchAction","target":{"@type":"EntryPoint","urlTemplate":"https:\/\/vanavorumaamuuseumid.ee\/?s={search_term_string}"},"query-input":{"@type":"PropertyValueSpecification","valueRequired":true,"valueName":"search_term_string"}}],"inLanguage":"vo"},{"@type":"Organization","@id":"https:\/\/vanavorumaamuuseumid.ee\/#organization","name":"V\u00f5ru Instituut","url":"https:\/\/vanavorumaamuuseumid.ee\/","logo":{"@type":"ImageObject","inLanguage":"vo","@id":"https:\/\/vanavorumaamuuseumid.ee\/#\/schema\/logo\/image\/","url":"https:\/\/vanavorumaamuuseumid.ee\/wp-content\/uploads\/2025\/05\/vana-voromaa-muusoumi-250516.svg","contentUrl":"https:\/\/vanavorumaamuuseumid.ee\/wp-content\/uploads\/2025\/05\/vana-voromaa-muusoumi-250516.svg","width":567,"height":80,"caption":"V\u00f5ru Instituut"},"image":{"@id":"https:\/\/vanavorumaamuuseumid.ee\/#\/schema\/logo\/image\/"}}]}},"_links":{"self":[{"href":"https:\/\/vanavorumaamuuseumid.ee\/vo\/wp-json\/wp\/v2\/pages\/3105","targetHints":{"allow":["GET"]}}],"collection":[{"href":"https:\/\/vanavorumaamuuseumid.ee\/vo\/wp-json\/wp\/v2\/pages"}],"about":[{"href":"https:\/\/vanavorumaamuuseumid.ee\/vo\/wp-json\/wp\/v2\/types\/page"}],"author":[{"embeddable":true,"href":"https:\/\/vanavorumaamuuseumid.ee\/vo\/wp-json\/wp\/v2\/users\/1"}],"replies":[{"embeddable":true,"href":"https:\/\/vanavorumaamuuseumid.ee\/vo\/wp-json\/wp\/v2\/comments?post=3105"}],"version-history":[{"count":8,"href":"https:\/\/vanavorumaamuuseumid.ee\/vo\/wp-json\/wp\/v2\/pages\/3105\/revisions"}],"predecessor-version":[{"id":3887,"href":"https:\/\/vanavorumaamuuseumid.ee\/vo\/wp-json\/wp\/v2\/pages\/3105\/revisions\/3887"}],"up":[{"embeddable":true,"href":"https:\/\/vanavorumaamuuseumid.ee\/vo\/wp-json\/wp\/v2\/pages\/227"}],"wp:attachment":[{"href":"https:\/\/vanavorumaamuuseumid.ee\/vo\/wp-json\/wp\/v2\/media?parent=3105"}],"curies":[{"name":"wp","href":"https:\/\/api.w.org\/{rel}","templated":true}]}}