{"id":311,"date":"2025-05-09T12:16:52","date_gmt":"2025-05-09T09:16:52","guid":{"rendered":"https:\/\/vanavorumaamuuseumid.ee\/?page_id=311"},"modified":"2026-03-23T13:35:25","modified_gmt":"2026-03-23T11:35:25","slug":"haridus","status":"publish","type":"page","link":"https:\/\/vanavorumaamuuseumid.ee\/vo\/karilatsimuuseum\/haridus\/","title":{"rendered":"Oppus"},"content":{"rendered":"<div class=\"wp-block-columns is-layout-flex wp-container-core-columns-is-layout-9d6595d7 wp-block-columns-is-layout-flex\">\n<div class=\"wp-block-column is-layout-flow wp-block-column-is-layout-flow\">\n<h2 class=\"wp-block-heading intro\">Pakume Vana-V\u00f5romaa ajalugu ja kultuurielu tutvustavaid haridusprogramme nii lastele, noortele kui ka t\u00e4iskasvanutele<\/h2>\n\n\n\n<p><strong>Maksumus<\/strong> (v.a j\u00f5ulud ja pulmapaaride vastuv\u00f5tt): laps\/(\u00fcli)\u00f5pilane 3 eurot, t\u00e4iskasvanu 7 eurot.&nbsp;Vt ka&nbsp;hinnakiri<\/p>\n\n\n\n<p><strong>Kestus<\/strong>: 1 kuni 1,5 tundi (K\u00fclastamiseks soovitame broneerida 2 tundi)<\/p>\n\n\n\n<p><strong>Eelregistreerimine<\/strong>: telefonidel 5801 8601, 7970 310, kodulehel v\u00f5i e-post: &#112;&#x6f;l&#118;&#x61;&#109;&#x61;a&#64;&#x77;i&#x2e;&#x65;&#101;<\/p>\n\n\n\n<p><strong>NB! 2026. aasta m\u00e4rtsist kuni novembrini<\/strong> on 1.-12. klassi \u00f5pilastel v\u00f5imalik osaleda <strong>TASUTA MUUSEUMITUNDIDES<\/strong>. Programme rahastab kultuuriministeerium kultuurihariduse toetusmeetmest. Tasuta tunnik\u00fclastuste arv on piiratud.<\/p>\n\n\n\n<p><strong>NB! Meil on vaba\u00f5humuuseum, seep\u00e4rast riietu alati vastavalt ilmale!<\/strong> <\/p>\n<\/div>\n\n\n\n<div class=\"wp-block-column is-vertically-aligned-center col-haridus-img d-none d-lg-block is-layout-flow wp-block-column-is-layout-flow\">\n<figure class=\"wp-block-image size-full is-resized\"><img decoding=\"async\" width=\"656\" height=\"492\" src=\"https:\/\/vanavorumaamuuseumid.ee\/wp-content\/uploads\/2025\/10\/karilatsi-muuseumitunnid-251006.jpg\" alt=\"Karilatsi muuseumitunnid\" class=\"wp-image-3835\" style=\"aspect-ratio:1;object-fit:cover;width:373px;height:auto\" srcset=\"https:\/\/vanavorumaamuuseumid.ee\/wp-content\/uploads\/2025\/10\/karilatsi-muuseumitunnid-251006.jpg 656w, https:\/\/vanavorumaamuuseumid.ee\/wp-content\/uploads\/2025\/10\/karilatsi-muuseumitunnid-251006-480x360.jpg 480w\" sizes=\"(min-width: 0px) and (max-width: 480px) 480px, (min-width: 481px) 656px, 100vw\" \/><\/figure>\n<\/div>\n<\/div>\n\n\n\n<p><\/p>\n\n\n\n<p><\/p>\n\n\n\n<p><\/p>\n\n\n\n<p><\/p>\n\n\n\n<p><\/p>\n\n\n\n<p><\/p>\n\n\n\n<p><\/p>\n\n\n\n<p><\/p>\n\n\n\n<div class=\"wp-block-columns is-layout-flex wp-container-core-columns-is-layout-9d6595d7 wp-block-columns-is-layout-flex\">\n<div class=\"wp-block-column is-layout-flow wp-block-column-is-layout-flow\">\n<h2 class=\"wp-block-heading intro\">Haridusprogrammid<\/h2>\n\n\n<ul class=\"wp-block-categories-list haridus-list wp-block-categories\">\t<li class=\"cat-item cat-item-27\"><a href=\"https:\/\/vanavorumaamuuseumid.ee\/vo\/kar-mu-cat\/lasteaed\/\">Lasteaed<\/a>\n<\/li>\n\t<li class=\"cat-item cat-item-28\"><a href=\"https:\/\/vanavorumaamuuseumid.ee\/vo\/kar-mu-cat\/pohikooli-1-aste\/\">P\u00f5hikooli 1. aste<\/a>\n<\/li>\n\t<li class=\"cat-item cat-item-29\"><a href=\"https:\/\/vanavorumaamuuseumid.ee\/vo\/kar-mu-cat\/pohikooli-2-aste\/\">P\u00f5hikooli 2. aste<\/a>\n<\/li>\n\t<li class=\"cat-item cat-item-33\"><a href=\"https:\/\/vanavorumaamuuseumid.ee\/vo\/kar-mu-cat\/pohikooli-3-aste\/\">P\u00f5hikooli 3. aste<\/a>\n<\/li>\n\t<li class=\"cat-item cat-item-31\"><a href=\"https:\/\/vanavorumaamuuseumid.ee\/vo\/kar-mu-cat\/gumnaasium\/\">G\u00fcmnaasium<\/a>\n<\/li>\n\t<li class=\"cat-item cat-item-32\"><a href=\"https:\/\/vanavorumaamuuseumid.ee\/vo\/kar-mu-cat\/taiskasvanud\/\">T\u00e4iskasvanud<\/a>\n<\/li>\n<\/ul><\/div>\n<\/div>\n\n\n\n<div class=\"wp-block-columns is-layout-flex wp-container-core-columns-is-layout-9d6595d7 wp-block-columns-is-layout-flex\">\n<div class=\"wp-block-column is-layout-flow wp-block-column-is-layout-flow\">\n<p><\/p>\n\n\n\n<h2 class=\"wp-block-heading intro\">\u00d5ppematerjalid<\/h2>\n\n\n\n<p>Hea \u00f5petaja! \u00d5ppefilm on vaatamiseks ja kasutamiseks \u00f5ppet\u00f6\u00f6s.<\/p>\n\n\n\n<p><a href=\"https:\/\/www.youtube.com\/watch?v=YcGt6oNtoQY\">Kiukanepi kasvatamine &#8211; seemnest n\u00f6\u00f6rini<\/a><\/p>\n\n\n\n<p><\/p>\n<\/div>\n<\/div>\n\n\n\n<div class=\"wp-block-columns is-layout-flex wp-container-core-columns-is-layout-9d6595d7 wp-block-columns-is-layout-flex\">\n<div class=\"wp-block-column is-layout-flow wp-block-column-is-layout-flow\">\n<h2 class=\"wp-block-heading intro\">Muuseum kohvris<\/h2>\n\n\n\n<p><\/p>\n\n\n\n<p>\u201eMuuseum kohvris\u201c on p\u00f5nev ja hariv muuseumitund, mis viiakse l\u00e4bi koolis v\u00f5i lasteaias. Tund kestab 45 minutit ja sobib h\u00e4sti ajaloo, inimese\u00f5petuse v\u00f5i teistegi ainetundide elavdamiseks.<\/p>\n\n\n\n<p>Muuseumikohvri programm toob ajaloo lastele k\u00e4eulatusse ja ilmestab \u00f5ppet\u00f6\u00f6d.<\/p>\n\n\n\n<p><strong>Osalustasu on 1,50 \u20ac lapse kohta + s\u00f5idukulu 0,30 \u20ac\/km.<\/strong><\/p>\n\n\n\n<p>Millise teema muuseum kohvrisse pakib, saad ise v\u00e4lja pakkuda. <\/p>\n\n\n\n<p><\/p>\n\n\n\n<p>Erinevate programmide l\u00fchitutvustustega saad tutvuda <strong><a href=\"https:\/\/vanavorumaamuuseumid.ee\/wp-content\/uploads\/2026\/03\/Programmide-luhitutvustus.pdf\">siin<\/a><\/strong>.<\/p>\n<\/div>\n<\/div>\n\n\n\n<figure class=\"wp-block-image size-large is-resized\"><img decoding=\"async\" width=\"768\" height=\"1024\" src=\"https:\/\/vanavorumaamuuseumid.ee\/wp-content\/uploads\/2026\/01\/Mkohvris-laulupeomuuseumis_esemed-768x1024.jpg\" alt=\"Muuseum kohvris\" class=\"wp-image-5048\" style=\"aspect-ratio:1;object-fit:cover;width:295px;height:auto\"\/><\/figure>","protected":false},"excerpt":{"rendered":"<p>Pakume Vana-V\u00f5romaa ajalugu ja kultuurielu tutvustavaid haridusprogramme nii lastele, noortele kui ka [&hellip;]<\/p>\n","protected":false},"author":1,"featured_media":0,"parent":299,"menu_order":0,"comment_status":"closed","ping_status":"closed","template":"","meta":{"_acf_changed":false,"_et_pb_use_builder":"","_et_pb_old_content":"","_et_gb_content_width":"","footnotes":""},"class_list":["post-311","page","type-page","status-publish","hentry"],"acf":[],"yoast_head":"<!-- This site is optimized with the Yoast SEO plugin v27.4 - https:\/\/yoast.com\/product\/yoast-seo-wordpress\/ -->\n<title>Haridus - Vana-V\u00f5rumaa muuseumid<\/title>\n<meta name=\"robots\" content=\"index, follow, max-snippet:-1, max-image-preview:large, max-video-preview:-1\" \/>\n<link rel=\"canonical\" href=\"https:\/\/vanavorumaamuuseumid.ee\/vo\/karilatsimuuseum\/haridus\/\" \/>\n<meta property=\"og:locale\" content=\"en_US\" \/>\n<meta property=\"og:type\" content=\"article\" \/>\n<meta property=\"og:title\" content=\"Haridus - Vana-V\u00f5rumaa muuseumid\" \/>\n<meta property=\"og:description\" content=\"Pakume Vana-V\u00f5romaa ajalugu ja kultuurielu tutvustavaid haridusprogramme nii lastele, noortele kui ka [&hellip;]\" \/>\n<meta property=\"og:url\" content=\"https:\/\/vanavorumaamuuseumid.ee\/vo\/karilatsimuuseum\/haridus\/\" \/>\n<meta property=\"og:site_name\" content=\"Vana-V\u00f5rumaa muuseumid\" \/>\n<meta property=\"article:modified_time\" content=\"2026-03-23T11:35:25+00:00\" \/>\n<meta property=\"og:image\" content=\"https:\/\/vanavorumaamuuseumid.ee\/wp-content\/uploads\/2025\/10\/karilatsi-muuseumitunnid-251006.jpg\" \/>\n\t<meta property=\"og:image:width\" content=\"656\" \/>\n\t<meta property=\"og:image:height\" content=\"492\" \/>\n\t<meta property=\"og:image:type\" content=\"image\/jpeg\" \/>\n<meta name=\"twitter:card\" content=\"summary_large_image\" \/>\n<meta name=\"twitter:label1\" content=\"Est. reading time\" \/>\n\t<meta name=\"twitter:data1\" content=\"2 minutes\" \/>\n<script type=\"application\/ld+json\" class=\"yoast-schema-graph\">{\"@context\":\"https:\\\/\\\/schema.org\",\"@graph\":[{\"@type\":\"WebPage\",\"@id\":\"https:\\\/\\\/vanavorumaamuuseumid.ee\\\/karilatsimuuseum\\\/haridus\\\/\",\"url\":\"https:\\\/\\\/vanavorumaamuuseumid.ee\\\/karilatsimuuseum\\\/haridus\\\/\",\"name\":\"Haridus - Vana-V\u00f5rumaa muuseumid\",\"isPartOf\":{\"@id\":\"https:\\\/\\\/vanavorumaamuuseumid.ee\\\/#website\"},\"primaryImageOfPage\":{\"@id\":\"https:\\\/\\\/vanavorumaamuuseumid.ee\\\/karilatsimuuseum\\\/haridus\\\/#primaryimage\"},\"image\":{\"@id\":\"https:\\\/\\\/vanavorumaamuuseumid.ee\\\/karilatsimuuseum\\\/haridus\\\/#primaryimage\"},\"thumbnailUrl\":\"https:\\\/\\\/vanavorumaamuuseumid.ee\\\/wp-content\\\/uploads\\\/2025\\\/10\\\/karilatsi-muuseumitunnid-251006.jpg\",\"datePublished\":\"2025-05-09T09:16:52+00:00\",\"dateModified\":\"2026-03-23T11:35:25+00:00\",\"breadcrumb\":{\"@id\":\"https:\\\/\\\/vanavorumaamuuseumid.ee\\\/karilatsimuuseum\\\/haridus\\\/#breadcrumb\"},\"inLanguage\":\"vo\",\"potentialAction\":[{\"@type\":\"ReadAction\",\"target\":[\"https:\\\/\\\/vanavorumaamuuseumid.ee\\\/karilatsimuuseum\\\/haridus\\\/\"]}]},{\"@type\":\"ImageObject\",\"inLanguage\":\"vo\",\"@id\":\"https:\\\/\\\/vanavorumaamuuseumid.ee\\\/karilatsimuuseum\\\/haridus\\\/#primaryimage\",\"url\":\"https:\\\/\\\/vanavorumaamuuseumid.ee\\\/wp-content\\\/uploads\\\/2025\\\/10\\\/karilatsi-muuseumitunnid-251006.jpg\",\"contentUrl\":\"https:\\\/\\\/vanavorumaamuuseumid.ee\\\/wp-content\\\/uploads\\\/2025\\\/10\\\/karilatsi-muuseumitunnid-251006.jpg\"},{\"@type\":\"BreadcrumbList\",\"@id\":\"https:\\\/\\\/vanavorumaamuuseumid.ee\\\/karilatsimuuseum\\\/haridus\\\/#breadcrumb\",\"itemListElement\":[{\"@type\":\"ListItem\",\"position\":1,\"name\":\"Home\",\"item\":\"https:\\\/\\\/vanavorumaamuuseumid.ee\\\/\"},{\"@type\":\"ListItem\",\"position\":2,\"name\":\"Karilatsi Vaba\u00f5humuuseum\",\"item\":\"https:\\\/\\\/vanavorumaamuuseumid.ee\\\/karilatsimuuseum\\\/\"},{\"@type\":\"ListItem\",\"position\":3,\"name\":\"Haridus\"}]},{\"@type\":\"WebSite\",\"@id\":\"https:\\\/\\\/vanavorumaamuuseumid.ee\\\/#website\",\"url\":\"https:\\\/\\\/vanavorumaamuuseumid.ee\\\/\",\"name\":\"Vana-V\u00f5rumaa Muuseumid\",\"description\":\"V\u00f5rumaa Muuseum, Dr. Fr. R. Kreutzwaldi Memoriaalmuuseum, M\u00f5niste Talurahvamuuseum ja Karilatsi Vaba\u00f5humuuseum\",\"publisher\":{\"@id\":\"https:\\\/\\\/vanavorumaamuuseumid.ee\\\/#organization\"},\"potentialAction\":[{\"@type\":\"SearchAction\",\"target\":{\"@type\":\"EntryPoint\",\"urlTemplate\":\"https:\\\/\\\/vanavorumaamuuseumid.ee\\\/?s={search_term_string}\"},\"query-input\":{\"@type\":\"PropertyValueSpecification\",\"valueRequired\":true,\"valueName\":\"search_term_string\"}}],\"inLanguage\":\"vo\"},{\"@type\":\"Organization\",\"@id\":\"https:\\\/\\\/vanavorumaamuuseumid.ee\\\/#organization\",\"name\":\"V\u00f5ru Instituut\",\"url\":\"https:\\\/\\\/vanavorumaamuuseumid.ee\\\/\",\"logo\":{\"@type\":\"ImageObject\",\"inLanguage\":\"vo\",\"@id\":\"https:\\\/\\\/vanavorumaamuuseumid.ee\\\/#\\\/schema\\\/logo\\\/image\\\/\",\"url\":\"https:\\\/\\\/vanavorumaamuuseumid.ee\\\/wp-content\\\/uploads\\\/2025\\\/05\\\/vana-voromaa-muusoumi-250516.svg\",\"contentUrl\":\"https:\\\/\\\/vanavorumaamuuseumid.ee\\\/wp-content\\\/uploads\\\/2025\\\/05\\\/vana-voromaa-muusoumi-250516.svg\",\"width\":567,\"height\":80,\"caption\":\"V\u00f5ru Instituut\"},\"image\":{\"@id\":\"https:\\\/\\\/vanavorumaamuuseumid.ee\\\/#\\\/schema\\\/logo\\\/image\\\/\"}}]}<\/script>\n<!-- \/ Yoast SEO plugin. -->","yoast_head_json":{"title":"Haridus - Vana-V\u00f5rumaa muuseumid","robots":{"index":"index","follow":"follow","max-snippet":"max-snippet:-1","max-image-preview":"max-image-preview:large","max-video-preview":"max-video-preview:-1"},"canonical":"https:\/\/vanavorumaamuuseumid.ee\/vo\/karilatsimuuseum\/haridus\/","og_locale":"en_US","og_type":"article","og_title":"Haridus - Vana-V\u00f5rumaa muuseumid","og_description":"Pakume Vana-V\u00f5romaa ajalugu ja kultuurielu tutvustavaid haridusprogramme nii lastele, noortele kui ka [&hellip;]","og_url":"https:\/\/vanavorumaamuuseumid.ee\/vo\/karilatsimuuseum\/haridus\/","og_site_name":"Vana-V\u00f5rumaa muuseumid","article_modified_time":"2026-03-23T11:35:25+00:00","og_image":[{"width":656,"height":492,"url":"https:\/\/vanavorumaamuuseumid.ee\/wp-content\/uploads\/2025\/10\/karilatsi-muuseumitunnid-251006.jpg","type":"image\/jpeg"}],"twitter_card":"summary_large_image","twitter_misc":{"Est. reading time":"2 minutes"},"schema":{"@context":"https:\/\/schema.org","@graph":[{"@type":"WebPage","@id":"https:\/\/vanavorumaamuuseumid.ee\/karilatsimuuseum\/haridus\/","url":"https:\/\/vanavorumaamuuseumid.ee\/karilatsimuuseum\/haridus\/","name":"Haridus - Vana-V\u00f5rumaa muuseumid","isPartOf":{"@id":"https:\/\/vanavorumaamuuseumid.ee\/#website"},"primaryImageOfPage":{"@id":"https:\/\/vanavorumaamuuseumid.ee\/karilatsimuuseum\/haridus\/#primaryimage"},"image":{"@id":"https:\/\/vanavorumaamuuseumid.ee\/karilatsimuuseum\/haridus\/#primaryimage"},"thumbnailUrl":"https:\/\/vanavorumaamuuseumid.ee\/wp-content\/uploads\/2025\/10\/karilatsi-muuseumitunnid-251006.jpg","datePublished":"2025-05-09T09:16:52+00:00","dateModified":"2026-03-23T11:35:25+00:00","breadcrumb":{"@id":"https:\/\/vanavorumaamuuseumid.ee\/karilatsimuuseum\/haridus\/#breadcrumb"},"inLanguage":"vo","potentialAction":[{"@type":"ReadAction","target":["https:\/\/vanavorumaamuuseumid.ee\/karilatsimuuseum\/haridus\/"]}]},{"@type":"ImageObject","inLanguage":"vo","@id":"https:\/\/vanavorumaamuuseumid.ee\/karilatsimuuseum\/haridus\/#primaryimage","url":"https:\/\/vanavorumaamuuseumid.ee\/wp-content\/uploads\/2025\/10\/karilatsi-muuseumitunnid-251006.jpg","contentUrl":"https:\/\/vanavorumaamuuseumid.ee\/wp-content\/uploads\/2025\/10\/karilatsi-muuseumitunnid-251006.jpg"},{"@type":"BreadcrumbList","@id":"https:\/\/vanavorumaamuuseumid.ee\/karilatsimuuseum\/haridus\/#breadcrumb","itemListElement":[{"@type":"ListItem","position":1,"name":"Home","item":"https:\/\/vanavorumaamuuseumid.ee\/"},{"@type":"ListItem","position":2,"name":"Karilatsi Vaba\u00f5humuuseum","item":"https:\/\/vanavorumaamuuseumid.ee\/karilatsimuuseum\/"},{"@type":"ListItem","position":3,"name":"Haridus"}]},{"@type":"WebSite","@id":"https:\/\/vanavorumaamuuseumid.ee\/#website","url":"https:\/\/vanavorumaamuuseumid.ee\/","name":"Vana-V\u00f5rumaa Muuseumid","description":"V\u00f5rumaa Muuseum, Dr. Fr. R. Kreutzwaldi Memoriaalmuuseum, M\u00f5niste Talurahvamuuseum ja Karilatsi Vaba\u00f5humuuseum","publisher":{"@id":"https:\/\/vanavorumaamuuseumid.ee\/#organization"},"potentialAction":[{"@type":"SearchAction","target":{"@type":"EntryPoint","urlTemplate":"https:\/\/vanavorumaamuuseumid.ee\/?s={search_term_string}"},"query-input":{"@type":"PropertyValueSpecification","valueRequired":true,"valueName":"search_term_string"}}],"inLanguage":"vo"},{"@type":"Organization","@id":"https:\/\/vanavorumaamuuseumid.ee\/#organization","name":"V\u00f5ru Instituut","url":"https:\/\/vanavorumaamuuseumid.ee\/","logo":{"@type":"ImageObject","inLanguage":"vo","@id":"https:\/\/vanavorumaamuuseumid.ee\/#\/schema\/logo\/image\/","url":"https:\/\/vanavorumaamuuseumid.ee\/wp-content\/uploads\/2025\/05\/vana-voromaa-muusoumi-250516.svg","contentUrl":"https:\/\/vanavorumaamuuseumid.ee\/wp-content\/uploads\/2025\/05\/vana-voromaa-muusoumi-250516.svg","width":567,"height":80,"caption":"V\u00f5ru Instituut"},"image":{"@id":"https:\/\/vanavorumaamuuseumid.ee\/#\/schema\/logo\/image\/"}}]}},"_links":{"self":[{"href":"https:\/\/vanavorumaamuuseumid.ee\/vo\/wp-json\/wp\/v2\/pages\/311","targetHints":{"allow":["GET"]}}],"collection":[{"href":"https:\/\/vanavorumaamuuseumid.ee\/vo\/wp-json\/wp\/v2\/pages"}],"about":[{"href":"https:\/\/vanavorumaamuuseumid.ee\/vo\/wp-json\/wp\/v2\/types\/page"}],"author":[{"embeddable":true,"href":"https:\/\/vanavorumaamuuseumid.ee\/vo\/wp-json\/wp\/v2\/users\/1"}],"replies":[{"embeddable":true,"href":"https:\/\/vanavorumaamuuseumid.ee\/vo\/wp-json\/wp\/v2\/comments?post=311"}],"version-history":[{"count":88,"href":"https:\/\/vanavorumaamuuseumid.ee\/vo\/wp-json\/wp\/v2\/pages\/311\/revisions"}],"predecessor-version":[{"id":5444,"href":"https:\/\/vanavorumaamuuseumid.ee\/vo\/wp-json\/wp\/v2\/pages\/311\/revisions\/5444"}],"up":[{"embeddable":true,"href":"https:\/\/vanavorumaamuuseumid.ee\/vo\/wp-json\/wp\/v2\/pages\/299"}],"wp:attachment":[{"href":"https:\/\/vanavorumaamuuseumid.ee\/vo\/wp-json\/wp\/v2\/media?parent=311"}],"curies":[{"name":"wp","href":"https:\/\/api.w.org\/{rel}","templated":true}]}}