{"id":3846,"date":"2025-10-06T06:58:50","date_gmt":"2025-10-06T03:58:50","guid":{"rendered":"https:\/\/vanavorumaamuuseumid.ee\/?page_id=3846"},"modified":"2026-03-10T15:37:42","modified_gmt":"2026-03-10T13:37:42","slug":"ponevad-leiud","status":"publish","type":"page","link":"https:\/\/vanavorumaamuuseumid.ee\/vo\/karilatsimuuseum\/ponevad-leiud\/","title":{"rendered":"P\u00f5nevad leiud"},"content":{"rendered":"<div class=\"wp-block-media-text is-stacked-on-mobile\" style=\"grid-template-columns:51% auto\"><figure class=\"wp-block-media-text__media\"><img decoding=\"async\" width=\"1024\" height=\"768\" src=\"https:\/\/vanavorumaamuuseumid.ee\/wp-content\/uploads\/2026\/03\/Opel-1024x768.jfif\" alt=\"\" class=\"wp-image-5372 size-full\" srcset=\"https:\/\/vanavorumaamuuseumid.ee\/wp-content\/uploads\/2026\/03\/Opel-1024x768.jfif 1024w, https:\/\/vanavorumaamuuseumid.ee\/wp-content\/uploads\/2026\/03\/Opel-600x450.jfif 600w, https:\/\/vanavorumaamuuseumid.ee\/wp-content\/uploads\/2026\/03\/Opel-768x576.jfif 768w, https:\/\/vanavorumaamuuseumid.ee\/wp-content\/uploads\/2026\/03\/Opel-1536x1152.jfif 1536w, https:\/\/vanavorumaamuuseumid.ee\/wp-content\/uploads\/2026\/03\/Opel-16x12.jfif 16w, https:\/\/vanavorumaamuuseumid.ee\/wp-content\/uploads\/2026\/03\/Opel-510x382.jfif 510w, https:\/\/vanavorumaamuuseumid.ee\/wp-content\/uploads\/2026\/03\/Opel-1080x810.jfif 1080w, https:\/\/vanavorumaamuuseumid.ee\/wp-content\/uploads\/2026\/03\/Opel-1280x960.jfif 1280w, https:\/\/vanavorumaamuuseumid.ee\/wp-content\/uploads\/2026\/03\/Opel-980x735.jfif 980w, https:\/\/vanavorumaamuuseumid.ee\/wp-content\/uploads\/2026\/03\/Opel-480x360.jfif 480w, https:\/\/vanavorumaamuuseumid.ee\/wp-content\/uploads\/2026\/03\/Opel.jfif 2048w\" sizes=\"(max-width: 1024px) 100vw, 1024px\" \/><\/figure><div class=\"wp-block-media-text__content\">\n<p><strong>Haruldane eksponaat Karilatsi Vaba\u00f5humuuseumis &nbsp;\u2013 &nbsp;Opel Adam P-4<\/strong><\/p>\n\n\n\n<p>Karilatsi Vaba\u00f5humuuseumis ootab k\u00fclastajaid \u00fcks t\u00f5eline haruldus \u2013 Opel Adam P\u20114, mida toodeti Saksamaal aastatel 1935\u20131937. Eestis on teadaolevalt s\u00e4ilinud vaid 3\u20134 sellist autot, mist\u00f5ttu on tegemist erakordselt haruldase eksponaadiga.<\/p>\n\n\n\n<p>Selle auto teekond muuseumisse on sama p\u00f5nev kui tema v\u00e4limus. Arvatakse, et s\u00f5iduk kuulus kunagi Saksa s\u00f5jav\u00e4ele ning j\u00e4i Eestisse maha Teise maailmas\u00f5ja l\u00f5pul taganemise k\u00e4igus. 1940. aastatel leiti auto P\u00f5lvamaa metsast. Leidja hoidis seda aastaid oma k\u00fc\u00fcnis heinte all peidus, kuni otsustas masina taastada, t\u00f6\u00f6korda seada ja ametlikult arvele v\u00f5tta.<\/p>\n\n\n\n<p>Karilatsi Vaba\u00f5humuuseumisse j\u00f5udis v\u00e4sinud, kuid v\u00e4\u00e4rikas s\u00f5iduk 1974. aastal. Omanik loovutas auto muuseumile ja sai selle eest P\u00f5lva Rajooni T\u00e4itevkomiteelt loa osta endale uus s\u00f5iduauto ZAZ\u2011968 Zaporo\u017eets.<\/p>\n\n\n\n<p>Tule Karilatsi Vaba\u00f5humuuseumisse ja avasta enda jaoks ajalooga auto \u2013 masin, mis on n\u00e4inud s\u00f5da, metsavaikust ja l\u00f5puks leidnud oma koha muuseumis.<\/p>\n\n\n\n<p><strong>Karilatsi Vaba\u00f5humuuseum \u2013 lood, mis ootavad avastamist.<\/strong><\/p>\n<\/div><\/div>\n\n\n\n<p><\/p>\n\n\n\n<p><\/p>\n\n\n\n<p><\/p>\n\n\n\n<p><\/p>\n\n\n\n<p><\/p>\n\n\n\n<div class=\"wp-block-media-text is-stacked-on-mobile\" style=\"grid-template-columns:19% auto\"><figure class=\"wp-block-media-text__media\"><img decoding=\"async\" width=\"576\" height=\"1024\" src=\"https:\/\/vanavorumaamuuseumid.ee\/wp-content\/uploads\/2025\/11\/tops-576x1024.jfif\" alt=\"\" class=\"wp-image-4376 size-full\" srcset=\"https:\/\/vanavorumaamuuseumid.ee\/wp-content\/uploads\/2025\/11\/tops-576x1024.jfif 576w, https:\/\/vanavorumaamuuseumid.ee\/wp-content\/uploads\/2025\/11\/tops-338x600.jfif 338w, https:\/\/vanavorumaamuuseumid.ee\/wp-content\/uploads\/2025\/11\/tops-768x1365.jfif 768w, https:\/\/vanavorumaamuuseumid.ee\/wp-content\/uploads\/2025\/11\/tops-864x1536.jfif 864w, https:\/\/vanavorumaamuuseumid.ee\/wp-content\/uploads\/2025\/11\/tops-1080x1920.jfif 1080w, https:\/\/vanavorumaamuuseumid.ee\/wp-content\/uploads\/2025\/11\/tops-980x1742.jfif 980w, https:\/\/vanavorumaamuuseumid.ee\/wp-content\/uploads\/2025\/11\/tops-480x853.jfif 480w, https:\/\/vanavorumaamuuseumid.ee\/wp-content\/uploads\/2025\/11\/tops.jfif 1152w\" sizes=\"(max-width: 576px) 100vw, 576px\" \/><\/figure><div class=\"wp-block-media-text__content\">\n<p><strong>Salaalkoholi vedamiseks m\u00f5eldud plasku<\/strong><\/p>\n\n\n\n<p>I maailmas\u00f5da puhkedes keelustati Venemaal viina m\u00fc\u00fck ning kuiv seadus laienes ka Eestile. Selle tulemusel sai hoo sisse salajane puskariajamine, mis muutus eriti massiliseks Seto- ja V\u00f5rumaal.<\/p>\n\n\n\n<p>Haanja, V\u00f5\u00f5psu ja Mooste piirkond t\u00f5usid selle \u201ekodut\u00f6\u00f6stuse\u201c esiritta. \u00c4ri oli nii tulus, et mitmel pool j\u00e4id p\u00f5llud harimata \u2013 t\u00f6\u00f6 k\u00e4is metsas ja katla \u00fcmber. Puskarit m\u00fc\u00fcdi laatadel ning veeti salaja Tartusse, Pihkvasse ja Riiga. 1916. aastal avastas politsei teel Petseri laadale umbes 50 salaviina vedajat \u2013 enamik neist olid Haanjamaa mehed.<\/p>\n\n\n\n<p>Karilatsi Vaba\u00f5humuuseumis saab n\u00e4ha salaalkoholi vedamiseks m\u00f5eldud plaskut \u2013 vaikset tunnistajat ajast, mil keelatud kraam liikus salateid pidi \u00fcle kogu Vana V\u00f5rumaa.<\/p>\n<\/div><\/div>","protected":false},"excerpt":{"rendered":"<p>Haruldane eksponaat Karilatsi Vaba\u00f5humuuseumis &nbsp;\u2013 &nbsp;Opel Adam P-4 Karilatsi Vaba\u00f5humuuseumis ootab k\u00fclastajaid [&hellip;]<\/p>\n","protected":false},"author":1,"featured_media":0,"parent":299,"menu_order":0,"comment_status":"closed","ping_status":"closed","template":"","meta":{"_acf_changed":false,"_et_pb_use_builder":"","_et_pb_old_content":"","_et_gb_content_width":"","footnotes":""},"class_list":["post-3846","page","type-page","status-publish","hentry"],"acf":[],"yoast_head":"<!-- This site is optimized with the Yoast SEO plugin v27.4 - https:\/\/yoast.com\/product\/yoast-seo-wordpress\/ -->\n<title>P\u00f5nevad leiud - Vana-V\u00f5rumaa muuseumid<\/title>\n<meta name=\"robots\" content=\"index, follow, max-snippet:-1, max-image-preview:large, max-video-preview:-1\" \/>\n<link rel=\"canonical\" href=\"https:\/\/vanavorumaamuuseumid.ee\/vo\/karilatsimuuseum\/ponevad-leiud\/\" \/>\n<meta property=\"og:locale\" content=\"en_US\" \/>\n<meta property=\"og:type\" content=\"article\" \/>\n<meta property=\"og:title\" content=\"P\u00f5nevad leiud - Vana-V\u00f5rumaa muuseumid\" \/>\n<meta property=\"og:description\" content=\"Haruldane eksponaat Karilatsi Vaba\u00f5humuuseumis &nbsp;\u2013 &nbsp;Opel Adam P-4 Karilatsi Vaba\u00f5humuuseumis ootab k\u00fclastajaid [&hellip;]\" \/>\n<meta property=\"og:url\" content=\"https:\/\/vanavorumaamuuseumid.ee\/vo\/karilatsimuuseum\/ponevad-leiud\/\" \/>\n<meta property=\"og:site_name\" content=\"Vana-V\u00f5rumaa muuseumid\" \/>\n<meta property=\"article:modified_time\" content=\"2026-03-10T13:37:42+00:00\" \/>\n<meta property=\"og:image\" content=\"https:\/\/vanavorumaamuuseumid.ee\/wp-content\/uploads\/2026\/03\/Opel.jfif\" \/>\n\t<meta property=\"og:image:width\" content=\"2048\" \/>\n\t<meta property=\"og:image:height\" content=\"1536\" \/>\n\t<meta property=\"og:image:type\" content=\"image\/jpeg\" \/>\n<meta name=\"twitter:card\" content=\"summary_large_image\" \/>\n<meta name=\"twitter:label1\" content=\"Est. reading time\" \/>\n\t<meta name=\"twitter:data1\" content=\"2 minutes\" \/>\n<script type=\"application\/ld+json\" class=\"yoast-schema-graph\">{\"@context\":\"https:\\\/\\\/schema.org\",\"@graph\":[{\"@type\":\"WebPage\",\"@id\":\"https:\\\/\\\/vanavorumaamuuseumid.ee\\\/karilatsimuuseum\\\/ponevad-leiud\\\/\",\"url\":\"https:\\\/\\\/vanavorumaamuuseumid.ee\\\/karilatsimuuseum\\\/ponevad-leiud\\\/\",\"name\":\"P\u00f5nevad leiud - Vana-V\u00f5rumaa muuseumid\",\"isPartOf\":{\"@id\":\"https:\\\/\\\/vanavorumaamuuseumid.ee\\\/#website\"},\"primaryImageOfPage\":{\"@id\":\"https:\\\/\\\/vanavorumaamuuseumid.ee\\\/karilatsimuuseum\\\/ponevad-leiud\\\/#primaryimage\"},\"image\":{\"@id\":\"https:\\\/\\\/vanavorumaamuuseumid.ee\\\/karilatsimuuseum\\\/ponevad-leiud\\\/#primaryimage\"},\"thumbnailUrl\":\"https:\\\/\\\/vanavorumaamuuseumid.ee\\\/wp-content\\\/uploads\\\/2026\\\/03\\\/Opel-1024x768.jfif\",\"datePublished\":\"2025-10-06T03:58:50+00:00\",\"dateModified\":\"2026-03-10T13:37:42+00:00\",\"breadcrumb\":{\"@id\":\"https:\\\/\\\/vanavorumaamuuseumid.ee\\\/karilatsimuuseum\\\/ponevad-leiud\\\/#breadcrumb\"},\"inLanguage\":\"vo\",\"potentialAction\":[{\"@type\":\"ReadAction\",\"target\":[\"https:\\\/\\\/vanavorumaamuuseumid.ee\\\/karilatsimuuseum\\\/ponevad-leiud\\\/\"]}]},{\"@type\":\"ImageObject\",\"inLanguage\":\"vo\",\"@id\":\"https:\\\/\\\/vanavorumaamuuseumid.ee\\\/karilatsimuuseum\\\/ponevad-leiud\\\/#primaryimage\",\"url\":\"https:\\\/\\\/vanavorumaamuuseumid.ee\\\/wp-content\\\/uploads\\\/2026\\\/03\\\/Opel-1024x768.jfif\",\"contentUrl\":\"https:\\\/\\\/vanavorumaamuuseumid.ee\\\/wp-content\\\/uploads\\\/2026\\\/03\\\/Opel-1024x768.jfif\"},{\"@type\":\"BreadcrumbList\",\"@id\":\"https:\\\/\\\/vanavorumaamuuseumid.ee\\\/karilatsimuuseum\\\/ponevad-leiud\\\/#breadcrumb\",\"itemListElement\":[{\"@type\":\"ListItem\",\"position\":1,\"name\":\"Home\",\"item\":\"https:\\\/\\\/vanavorumaamuuseumid.ee\\\/\"},{\"@type\":\"ListItem\",\"position\":2,\"name\":\"Karilatsi Vaba\u00f5humuuseum\",\"item\":\"https:\\\/\\\/vanavorumaamuuseumid.ee\\\/karilatsimuuseum\\\/\"},{\"@type\":\"ListItem\",\"position\":3,\"name\":\"P\u00f5nevad leiud\"}]},{\"@type\":\"WebSite\",\"@id\":\"https:\\\/\\\/vanavorumaamuuseumid.ee\\\/#website\",\"url\":\"https:\\\/\\\/vanavorumaamuuseumid.ee\\\/\",\"name\":\"Vana-V\u00f5rumaa Muuseumid\",\"description\":\"V\u00f5rumaa Muuseum, Dr. Fr. R. Kreutzwaldi Memoriaalmuuseum, M\u00f5niste Talurahvamuuseum ja Karilatsi Vaba\u00f5humuuseum\",\"publisher\":{\"@id\":\"https:\\\/\\\/vanavorumaamuuseumid.ee\\\/#organization\"},\"potentialAction\":[{\"@type\":\"SearchAction\",\"target\":{\"@type\":\"EntryPoint\",\"urlTemplate\":\"https:\\\/\\\/vanavorumaamuuseumid.ee\\\/?s={search_term_string}\"},\"query-input\":{\"@type\":\"PropertyValueSpecification\",\"valueRequired\":true,\"valueName\":\"search_term_string\"}}],\"inLanguage\":\"vo\"},{\"@type\":\"Organization\",\"@id\":\"https:\\\/\\\/vanavorumaamuuseumid.ee\\\/#organization\",\"name\":\"V\u00f5ru Instituut\",\"url\":\"https:\\\/\\\/vanavorumaamuuseumid.ee\\\/\",\"logo\":{\"@type\":\"ImageObject\",\"inLanguage\":\"vo\",\"@id\":\"https:\\\/\\\/vanavorumaamuuseumid.ee\\\/#\\\/schema\\\/logo\\\/image\\\/\",\"url\":\"https:\\\/\\\/vanavorumaamuuseumid.ee\\\/wp-content\\\/uploads\\\/2025\\\/05\\\/vana-voromaa-muusoumi-250516.svg\",\"contentUrl\":\"https:\\\/\\\/vanavorumaamuuseumid.ee\\\/wp-content\\\/uploads\\\/2025\\\/05\\\/vana-voromaa-muusoumi-250516.svg\",\"width\":567,\"height\":80,\"caption\":\"V\u00f5ru Instituut\"},\"image\":{\"@id\":\"https:\\\/\\\/vanavorumaamuuseumid.ee\\\/#\\\/schema\\\/logo\\\/image\\\/\"}}]}<\/script>\n<!-- \/ Yoast SEO plugin. -->","yoast_head_json":{"title":"P\u00f5nevad leiud - Vana-V\u00f5rumaa muuseumid","robots":{"index":"index","follow":"follow","max-snippet":"max-snippet:-1","max-image-preview":"max-image-preview:large","max-video-preview":"max-video-preview:-1"},"canonical":"https:\/\/vanavorumaamuuseumid.ee\/vo\/karilatsimuuseum\/ponevad-leiud\/","og_locale":"en_US","og_type":"article","og_title":"P\u00f5nevad leiud - Vana-V\u00f5rumaa muuseumid","og_description":"Haruldane eksponaat Karilatsi Vaba\u00f5humuuseumis &nbsp;\u2013 &nbsp;Opel Adam P-4 Karilatsi Vaba\u00f5humuuseumis ootab k\u00fclastajaid [&hellip;]","og_url":"https:\/\/vanavorumaamuuseumid.ee\/vo\/karilatsimuuseum\/ponevad-leiud\/","og_site_name":"Vana-V\u00f5rumaa muuseumid","article_modified_time":"2026-03-10T13:37:42+00:00","og_image":[{"width":2048,"height":1536,"url":"https:\/\/vanavorumaamuuseumid.ee\/wp-content\/uploads\/2026\/03\/Opel.jfif","type":"image\/jpeg"}],"twitter_card":"summary_large_image","twitter_misc":{"Est. reading time":"2 minutes"},"schema":{"@context":"https:\/\/schema.org","@graph":[{"@type":"WebPage","@id":"https:\/\/vanavorumaamuuseumid.ee\/karilatsimuuseum\/ponevad-leiud\/","url":"https:\/\/vanavorumaamuuseumid.ee\/karilatsimuuseum\/ponevad-leiud\/","name":"P\u00f5nevad leiud - Vana-V\u00f5rumaa muuseumid","isPartOf":{"@id":"https:\/\/vanavorumaamuuseumid.ee\/#website"},"primaryImageOfPage":{"@id":"https:\/\/vanavorumaamuuseumid.ee\/karilatsimuuseum\/ponevad-leiud\/#primaryimage"},"image":{"@id":"https:\/\/vanavorumaamuuseumid.ee\/karilatsimuuseum\/ponevad-leiud\/#primaryimage"},"thumbnailUrl":"https:\/\/vanavorumaamuuseumid.ee\/wp-content\/uploads\/2026\/03\/Opel-1024x768.jfif","datePublished":"2025-10-06T03:58:50+00:00","dateModified":"2026-03-10T13:37:42+00:00","breadcrumb":{"@id":"https:\/\/vanavorumaamuuseumid.ee\/karilatsimuuseum\/ponevad-leiud\/#breadcrumb"},"inLanguage":"vo","potentialAction":[{"@type":"ReadAction","target":["https:\/\/vanavorumaamuuseumid.ee\/karilatsimuuseum\/ponevad-leiud\/"]}]},{"@type":"ImageObject","inLanguage":"vo","@id":"https:\/\/vanavorumaamuuseumid.ee\/karilatsimuuseum\/ponevad-leiud\/#primaryimage","url":"https:\/\/vanavorumaamuuseumid.ee\/wp-content\/uploads\/2026\/03\/Opel-1024x768.jfif","contentUrl":"https:\/\/vanavorumaamuuseumid.ee\/wp-content\/uploads\/2026\/03\/Opel-1024x768.jfif"},{"@type":"BreadcrumbList","@id":"https:\/\/vanavorumaamuuseumid.ee\/karilatsimuuseum\/ponevad-leiud\/#breadcrumb","itemListElement":[{"@type":"ListItem","position":1,"name":"Home","item":"https:\/\/vanavorumaamuuseumid.ee\/"},{"@type":"ListItem","position":2,"name":"Karilatsi Vaba\u00f5humuuseum","item":"https:\/\/vanavorumaamuuseumid.ee\/karilatsimuuseum\/"},{"@type":"ListItem","position":3,"name":"P\u00f5nevad leiud"}]},{"@type":"WebSite","@id":"https:\/\/vanavorumaamuuseumid.ee\/#website","url":"https:\/\/vanavorumaamuuseumid.ee\/","name":"Vana-V\u00f5rumaa Muuseumid","description":"V\u00f5rumaa Muuseum, Dr. Fr. R. Kreutzwaldi Memoriaalmuuseum, M\u00f5niste Talurahvamuuseum ja Karilatsi Vaba\u00f5humuuseum","publisher":{"@id":"https:\/\/vanavorumaamuuseumid.ee\/#organization"},"potentialAction":[{"@type":"SearchAction","target":{"@type":"EntryPoint","urlTemplate":"https:\/\/vanavorumaamuuseumid.ee\/?s={search_term_string}"},"query-input":{"@type":"PropertyValueSpecification","valueRequired":true,"valueName":"search_term_string"}}],"inLanguage":"vo"},{"@type":"Organization","@id":"https:\/\/vanavorumaamuuseumid.ee\/#organization","name":"V\u00f5ru Instituut","url":"https:\/\/vanavorumaamuuseumid.ee\/","logo":{"@type":"ImageObject","inLanguage":"vo","@id":"https:\/\/vanavorumaamuuseumid.ee\/#\/schema\/logo\/image\/","url":"https:\/\/vanavorumaamuuseumid.ee\/wp-content\/uploads\/2025\/05\/vana-voromaa-muusoumi-250516.svg","contentUrl":"https:\/\/vanavorumaamuuseumid.ee\/wp-content\/uploads\/2025\/05\/vana-voromaa-muusoumi-250516.svg","width":567,"height":80,"caption":"V\u00f5ru Instituut"},"image":{"@id":"https:\/\/vanavorumaamuuseumid.ee\/#\/schema\/logo\/image\/"}}]}},"_links":{"self":[{"href":"https:\/\/vanavorumaamuuseumid.ee\/vo\/wp-json\/wp\/v2\/pages\/3846","targetHints":{"allow":["GET"]}}],"collection":[{"href":"https:\/\/vanavorumaamuuseumid.ee\/vo\/wp-json\/wp\/v2\/pages"}],"about":[{"href":"https:\/\/vanavorumaamuuseumid.ee\/vo\/wp-json\/wp\/v2\/types\/page"}],"author":[{"embeddable":true,"href":"https:\/\/vanavorumaamuuseumid.ee\/vo\/wp-json\/wp\/v2\/users\/1"}],"replies":[{"embeddable":true,"href":"https:\/\/vanavorumaamuuseumid.ee\/vo\/wp-json\/wp\/v2\/comments?post=3846"}],"version-history":[{"count":10,"href":"https:\/\/vanavorumaamuuseumid.ee\/vo\/wp-json\/wp\/v2\/pages\/3846\/revisions"}],"predecessor-version":[{"id":5379,"href":"https:\/\/vanavorumaamuuseumid.ee\/vo\/wp-json\/wp\/v2\/pages\/3846\/revisions\/5379"}],"up":[{"embeddable":true,"href":"https:\/\/vanavorumaamuuseumid.ee\/vo\/wp-json\/wp\/v2\/pages\/299"}],"wp:attachment":[{"href":"https:\/\/vanavorumaamuuseumid.ee\/vo\/wp-json\/wp\/v2\/media?parent=3846"}],"curies":[{"name":"wp","href":"https:\/\/api.w.org\/{rel}","templated":true}]}}