{"id":4522,"date":"2025-11-12T12:41:34","date_gmt":"2025-11-12T10:41:34","guid":{"rendered":"https:\/\/vanavorumaamuuseumid.ee\/?page_id=4522"},"modified":"2026-03-09T13:25:09","modified_gmt":"2026-03-09T11:25:09","slug":"moniste-rural-life-museum","status":"publish","type":"page","link":"https:\/\/vanavorumaamuuseumid.ee\/vo\/monistemuuseum\/moniste-rural-life-museum\/","title":{"rendered":"M\u00f5niste Rural Life Museum"},"content":{"rendered":"<p><strong>Welcome to M\u00f5niste Rural Life Museum, the oldest and southernmost open-air museum in Estonia!<\/strong><\/p>\n\n\n\n<p>Our exposition offers an excellent overview of the local rural life from the prehistoric period until the first half of the 20th century, providing a rare opportunity to visit one of the few older type barn dwellings in Estonia, 2 different smoke saunas, learn about the history of M\u00f5niste manor and much more. Visitors can also explore and shop at the store of M\u00f5niste Tarwitajate \u00dchisus (M\u00f5niste Consumers\u2019 Association). It was opened in 1926 &amp; closed before World War II. However, after its previous ambience and interior were fully recreated, it continues to serve as our museum shop.<\/p>\n\n\n\n<p>English audio &amp; text guides are available when visiting our museum.<\/p>\n\n\n\n<p><strong>We are open:<br>1st of May \u2013 31st of September: EVERY DAY 10 am\u2013 5 pm<br>1st of October \u2013 30th of April: Monday \u2013 Friday 10 am \u2013 2 pm<br>Closed on public holidays!<\/strong><\/p>\n\n\n\n<p>If you wish to visit our museum with a larger group, outside of operating hours or enjoy our smoke sauna, please book your visit beforehand.<\/p>\n\n\n\n<p><strong>Information:<br>+372 789 0622<br>+372 5804 6692<br>+372 5622 8538<br><a href=\"\/vo\/&\/#109;&#x61;&#x69;l&#116;&#x6f;:&#109;&#x6f;&#x6e;&#105;&#x73;&#x74;e&#109;&#x75;u&#115;&#x65;&#x75;&#109;&#x40;&#x77;i&#46;&#x65;e\" target=\"_blank\" rel=\"noreferrer noopener\">&#109;&#x6f;n&#x69;&#x73;&#116;&#x65;m&#117;&#x75;&#115;&#x65;u&#109;&#x40;w&#x69;&#46;&#101;&#x65;<\/a><\/strong><\/p>\n\n\n\n<p>Address: M\u00f5niste Talurahvamuuseum, Kuutsi k\u00fcla 66018, R\u00f5uge vald, V\u00f5rumaa, ESTONIA<\/p>\n\n\n\n<div class=\"wp-block-buttons is-layout-flex wp-block-buttons-is-layout-flex\">\n<div class=\"wp-block-button\"><a class=\"wp-block-button__link wp-element-button\" href=\"https:\/\/vanavorumaamuuseumid.ee\/wp-content\/uploads\/2026\/03\/Prices-List-Moniste-Talurahvamuuseum-2026.pdf\">Prices List<\/a><\/div>\n<\/div>","protected":false},"excerpt":{"rendered":"<p>Welcome to M\u00f5niste Rural Life Museum, the oldest and southernmost open-air museum [&hellip;]<\/p>\n","protected":false},"author":1,"featured_media":0,"parent":262,"menu_order":0,"comment_status":"closed","ping_status":"closed","template":"","meta":{"_acf_changed":false,"_et_pb_use_builder":"","_et_pb_old_content":"","_et_gb_content_width":"","footnotes":""},"class_list":["post-4522","page","type-page","status-publish","hentry"],"acf":[],"yoast_head":"<!-- This site is optimized with the Yoast SEO plugin v27.4 - https:\/\/yoast.com\/product\/yoast-seo-wordpress\/ -->\n<title>M\u00f5niste Rural Life Museum - Vana-V\u00f5rumaa muuseumid<\/title>\n<meta name=\"robots\" content=\"index, follow, max-snippet:-1, max-image-preview:large, max-video-preview:-1\" \/>\n<link rel=\"canonical\" href=\"https:\/\/vanavorumaamuuseumid.ee\/vo\/monistemuuseum\/moniste-rural-life-museum\/\" \/>\n<meta property=\"og:locale\" content=\"en_US\" \/>\n<meta property=\"og:type\" content=\"article\" \/>\n<meta property=\"og:title\" content=\"M\u00f5niste Rural Life Museum - Vana-V\u00f5rumaa muuseumid\" \/>\n<meta property=\"og:description\" content=\"Welcome to M\u00f5niste Rural Life Museum, the oldest and southernmost open-air museum [&hellip;]\" \/>\n<meta property=\"og:url\" content=\"https:\/\/vanavorumaamuuseumid.ee\/vo\/monistemuuseum\/moniste-rural-life-museum\/\" \/>\n<meta property=\"og:site_name\" content=\"Vana-V\u00f5rumaa muuseumid\" \/>\n<meta property=\"article:modified_time\" content=\"2026-03-09T11:25:09+00:00\" \/>\n<meta name=\"twitter:card\" content=\"summary_large_image\" \/>\n<meta name=\"twitter:label1\" content=\"Est. reading time\" \/>\n\t<meta name=\"twitter:data1\" content=\"2 minutes\" \/>\n<script type=\"application\/ld+json\" class=\"yoast-schema-graph\">{\"@context\":\"https:\\\/\\\/schema.org\",\"@graph\":[{\"@type\":\"WebPage\",\"@id\":\"https:\\\/\\\/vanavorumaamuuseumid.ee\\\/monistemuuseum\\\/moniste-rural-life-museum\\\/\",\"url\":\"https:\\\/\\\/vanavorumaamuuseumid.ee\\\/monistemuuseum\\\/moniste-rural-life-museum\\\/\",\"name\":\"M\u00f5niste Rural Life Museum - Vana-V\u00f5rumaa muuseumid\",\"isPartOf\":{\"@id\":\"https:\\\/\\\/vanavorumaamuuseumid.ee\\\/#website\"},\"datePublished\":\"2025-11-12T10:41:34+00:00\",\"dateModified\":\"2026-03-09T11:25:09+00:00\",\"breadcrumb\":{\"@id\":\"https:\\\/\\\/vanavorumaamuuseumid.ee\\\/monistemuuseum\\\/moniste-rural-life-museum\\\/#breadcrumb\"},\"inLanguage\":\"vo\",\"potentialAction\":[{\"@type\":\"ReadAction\",\"target\":[\"https:\\\/\\\/vanavorumaamuuseumid.ee\\\/monistemuuseum\\\/moniste-rural-life-museum\\\/\"]}]},{\"@type\":\"BreadcrumbList\",\"@id\":\"https:\\\/\\\/vanavorumaamuuseumid.ee\\\/monistemuuseum\\\/moniste-rural-life-museum\\\/#breadcrumb\",\"itemListElement\":[{\"@type\":\"ListItem\",\"position\":1,\"name\":\"Home\",\"item\":\"https:\\\/\\\/vanavorumaamuuseumid.ee\\\/\"},{\"@type\":\"ListItem\",\"position\":2,\"name\":\"M\u00f5niste Talurahvamuuseum\",\"item\":\"https:\\\/\\\/vanavorumaamuuseumid.ee\\\/monistemuuseum\\\/\"},{\"@type\":\"ListItem\",\"position\":3,\"name\":\"M\u00f5niste Rural Life Museum\"}]},{\"@type\":\"WebSite\",\"@id\":\"https:\\\/\\\/vanavorumaamuuseumid.ee\\\/#website\",\"url\":\"https:\\\/\\\/vanavorumaamuuseumid.ee\\\/\",\"name\":\"Vana-V\u00f5rumaa Muuseumid\",\"description\":\"V\u00f5rumaa Muuseum, Dr. Fr. R. Kreutzwaldi Memoriaalmuuseum, M\u00f5niste Talurahvamuuseum ja Karilatsi Vaba\u00f5humuuseum\",\"publisher\":{\"@id\":\"https:\\\/\\\/vanavorumaamuuseumid.ee\\\/#organization\"},\"potentialAction\":[{\"@type\":\"SearchAction\",\"target\":{\"@type\":\"EntryPoint\",\"urlTemplate\":\"https:\\\/\\\/vanavorumaamuuseumid.ee\\\/?s={search_term_string}\"},\"query-input\":{\"@type\":\"PropertyValueSpecification\",\"valueRequired\":true,\"valueName\":\"search_term_string\"}}],\"inLanguage\":\"vo\"},{\"@type\":\"Organization\",\"@id\":\"https:\\\/\\\/vanavorumaamuuseumid.ee\\\/#organization\",\"name\":\"V\u00f5ru Instituut\",\"url\":\"https:\\\/\\\/vanavorumaamuuseumid.ee\\\/\",\"logo\":{\"@type\":\"ImageObject\",\"inLanguage\":\"vo\",\"@id\":\"https:\\\/\\\/vanavorumaamuuseumid.ee\\\/#\\\/schema\\\/logo\\\/image\\\/\",\"url\":\"https:\\\/\\\/vanavorumaamuuseumid.ee\\\/wp-content\\\/uploads\\\/2025\\\/05\\\/vana-voromaa-muusoumi-250516.svg\",\"contentUrl\":\"https:\\\/\\\/vanavorumaamuuseumid.ee\\\/wp-content\\\/uploads\\\/2025\\\/05\\\/vana-voromaa-muusoumi-250516.svg\",\"width\":567,\"height\":80,\"caption\":\"V\u00f5ru Instituut\"},\"image\":{\"@id\":\"https:\\\/\\\/vanavorumaamuuseumid.ee\\\/#\\\/schema\\\/logo\\\/image\\\/\"}}]}<\/script>\n<!-- \/ Yoast SEO plugin. -->","yoast_head_json":{"title":"M\u00f5niste Rural Life Museum - Vana-V\u00f5rumaa muuseumid","robots":{"index":"index","follow":"follow","max-snippet":"max-snippet:-1","max-image-preview":"max-image-preview:large","max-video-preview":"max-video-preview:-1"},"canonical":"https:\/\/vanavorumaamuuseumid.ee\/vo\/monistemuuseum\/moniste-rural-life-museum\/","og_locale":"en_US","og_type":"article","og_title":"M\u00f5niste Rural Life Museum - Vana-V\u00f5rumaa muuseumid","og_description":"Welcome to M\u00f5niste Rural Life Museum, the oldest and southernmost open-air museum [&hellip;]","og_url":"https:\/\/vanavorumaamuuseumid.ee\/vo\/monistemuuseum\/moniste-rural-life-museum\/","og_site_name":"Vana-V\u00f5rumaa muuseumid","article_modified_time":"2026-03-09T11:25:09+00:00","twitter_card":"summary_large_image","twitter_misc":{"Est. reading time":"2 minutes"},"schema":{"@context":"https:\/\/schema.org","@graph":[{"@type":"WebPage","@id":"https:\/\/vanavorumaamuuseumid.ee\/monistemuuseum\/moniste-rural-life-museum\/","url":"https:\/\/vanavorumaamuuseumid.ee\/monistemuuseum\/moniste-rural-life-museum\/","name":"M\u00f5niste Rural Life Museum - Vana-V\u00f5rumaa muuseumid","isPartOf":{"@id":"https:\/\/vanavorumaamuuseumid.ee\/#website"},"datePublished":"2025-11-12T10:41:34+00:00","dateModified":"2026-03-09T11:25:09+00:00","breadcrumb":{"@id":"https:\/\/vanavorumaamuuseumid.ee\/monistemuuseum\/moniste-rural-life-museum\/#breadcrumb"},"inLanguage":"vo","potentialAction":[{"@type":"ReadAction","target":["https:\/\/vanavorumaamuuseumid.ee\/monistemuuseum\/moniste-rural-life-museum\/"]}]},{"@type":"BreadcrumbList","@id":"https:\/\/vanavorumaamuuseumid.ee\/monistemuuseum\/moniste-rural-life-museum\/#breadcrumb","itemListElement":[{"@type":"ListItem","position":1,"name":"Home","item":"https:\/\/vanavorumaamuuseumid.ee\/"},{"@type":"ListItem","position":2,"name":"M\u00f5niste Talurahvamuuseum","item":"https:\/\/vanavorumaamuuseumid.ee\/monistemuuseum\/"},{"@type":"ListItem","position":3,"name":"M\u00f5niste Rural Life Museum"}]},{"@type":"WebSite","@id":"https:\/\/vanavorumaamuuseumid.ee\/#website","url":"https:\/\/vanavorumaamuuseumid.ee\/","name":"Vana-V\u00f5rumaa Muuseumid","description":"V\u00f5rumaa Muuseum, Dr. Fr. R. Kreutzwaldi Memoriaalmuuseum, M\u00f5niste Talurahvamuuseum ja Karilatsi Vaba\u00f5humuuseum","publisher":{"@id":"https:\/\/vanavorumaamuuseumid.ee\/#organization"},"potentialAction":[{"@type":"SearchAction","target":{"@type":"EntryPoint","urlTemplate":"https:\/\/vanavorumaamuuseumid.ee\/?s={search_term_string}"},"query-input":{"@type":"PropertyValueSpecification","valueRequired":true,"valueName":"search_term_string"}}],"inLanguage":"vo"},{"@type":"Organization","@id":"https:\/\/vanavorumaamuuseumid.ee\/#organization","name":"V\u00f5ru Instituut","url":"https:\/\/vanavorumaamuuseumid.ee\/","logo":{"@type":"ImageObject","inLanguage":"vo","@id":"https:\/\/vanavorumaamuuseumid.ee\/#\/schema\/logo\/image\/","url":"https:\/\/vanavorumaamuuseumid.ee\/wp-content\/uploads\/2025\/05\/vana-voromaa-muusoumi-250516.svg","contentUrl":"https:\/\/vanavorumaamuuseumid.ee\/wp-content\/uploads\/2025\/05\/vana-voromaa-muusoumi-250516.svg","width":567,"height":80,"caption":"V\u00f5ru Instituut"},"image":{"@id":"https:\/\/vanavorumaamuuseumid.ee\/#\/schema\/logo\/image\/"}}]}},"_links":{"self":[{"href":"https:\/\/vanavorumaamuuseumid.ee\/vo\/wp-json\/wp\/v2\/pages\/4522","targetHints":{"allow":["GET"]}}],"collection":[{"href":"https:\/\/vanavorumaamuuseumid.ee\/vo\/wp-json\/wp\/v2\/pages"}],"about":[{"href":"https:\/\/vanavorumaamuuseumid.ee\/vo\/wp-json\/wp\/v2\/types\/page"}],"author":[{"embeddable":true,"href":"https:\/\/vanavorumaamuuseumid.ee\/vo\/wp-json\/wp\/v2\/users\/1"}],"replies":[{"embeddable":true,"href":"https:\/\/vanavorumaamuuseumid.ee\/vo\/wp-json\/wp\/v2\/comments?post=4522"}],"version-history":[{"count":6,"href":"https:\/\/vanavorumaamuuseumid.ee\/vo\/wp-json\/wp\/v2\/pages\/4522\/revisions"}],"predecessor-version":[{"id":5363,"href":"https:\/\/vanavorumaamuuseumid.ee\/vo\/wp-json\/wp\/v2\/pages\/4522\/revisions\/5363"}],"up":[{"embeddable":true,"href":"https:\/\/vanavorumaamuuseumid.ee\/vo\/wp-json\/wp\/v2\/pages\/262"}],"wp:attachment":[{"href":"https:\/\/vanavorumaamuuseumid.ee\/vo\/wp-json\/wp\/v2\/media?parent=4522"}],"curies":[{"name":"wp","href":"https:\/\/api.w.org\/{rel}","templated":true}]}}