{"id":4544,"date":"2025-11-12T15:25:12","date_gmt":"2025-11-12T13:25:12","guid":{"rendered":"https:\/\/vanavorumaamuuseumid.ee\/?page_id=4544"},"modified":"2026-03-09T13:24:32","modified_gmt":"2026-03-09T11:24:32","slug":"bauernmuseum-moniste","status":"publish","type":"page","link":"https:\/\/vanavorumaamuuseumid.ee\/vo\/monistemuuseum\/bauernmuseum-moniste\/","title":{"rendered":"Bauernmuseum M\u00f5niste"},"content":{"rendered":"<p><strong>Willkommen im Bauernmuseum M\u00f5niste, dem \u00e4ltesten und s\u00fcdlichsten Freilichtmuseum Estlands!<\/strong><\/p>\n\n\n\n<p>Unsere Ausstellung vermittelt einen hervorragenden \u00dcberblick \u00fcber das Leben auf dem Land von der Steinzeit bis zur ersten H\u00e4lfte des 20.&nbsp;Jahrhunderts. Die Besucher haben die seltene Gelegenheit, eine der wenigen erhaltenen Blockh\u00fctten im alten Riegenhausstil in Estland zu sehen, zwei verschiedene Rauchsaunen zu besichtigen, etwas \u00fcber die Geschichte des \u00f6rtlichen Guts zu erfahren und vieles mehr. Au\u00dferdem stehen Ihnen die T\u00fcren des Shops der Verbrauchervereinigung M\u00f5niste offen. Er wurde 1926 er\u00f6ffnet und vor dem Zweiten Weltkrieg geschlossen, nach der Restaurierung der Inneneinrichtung wurde der Laden nun aber als unser Museumsshop wiederer\u00f6ffnet.<\/p>\n\n\n\n<p>Bei einem Besuch unseres Museums sind englische Audio- und Textf\u00fchrer verf\u00fcgbar.<\/p>\n\n\n\n<p><strong>\u00d6ffnungszeiten:<br>1.&nbsp;Mai&nbsp;\u2013 30.&nbsp;September: t\u00e4glich 10.00&nbsp;\u2013&nbsp;17.00&nbsp;Uhr<br>1.&nbsp;Oktober&nbsp;\u2013 30.&nbsp;April: t\u00e4glich 10.00&nbsp;\u2013&nbsp;14.00&nbsp;Uhr<br>An gesetzlichen Feiertagen geschlossen!<\/strong><\/p>\n\n\n\n<p>Wenn Sie das Museum mit einer gr\u00f6\u00dferen Gruppe oder au\u00dferhalb der \u00d6ffnungszeiten besuchen oder die Rauchsauna nutzen m\u00f6chten, melden Sie Ihren Besuch bitte an.<\/p>\n\n\n\n<p><strong>Kontakt:<br>+372 789 0622<br>+372 5804 6692<br>+372 5622 8538<br><a href=\"\/vo\/m&\/#97;&#x69;&#x6c;&#x74;o&#58;&#x6d;&#x6f;&#x6e;i&#115;&#x74;&#x65;&#x6d;u&#117;&#x73;&#x65;&#x75;m&#64;&#x77;&#x69;&#x2e;e&#101;\" target=\"_blank\" rel=\"noreferrer noopener\">&#x6d;&#x6f;&#x6e;&#x69;&#x73;&#x74;&#101;&#109;&#117;&#117;seum&#x40;&#x77;&#x69;&#x2e;&#x65;&#x65;<\/a><\/strong><\/p>\n\n\n\n<p>Anschrift: M\u00f5niste Talurahvamuuseum, Kuutsi k\u00fcla 66018, R\u00f5uge vald, V\u00f5rumaa, ESTONIA<\/p>\n\n\n\n<div class=\"wp-block-buttons is-layout-flex wp-block-buttons-is-layout-flex\">\n<div class=\"wp-block-button\"><a class=\"wp-block-button__link wp-element-button\" href=\"https:\/\/vanavorumaamuuseumid.ee\/wp-content\/uploads\/2026\/03\/Preisliste-Moniste-2026.pdf\" target=\"_blank\" rel=\"noreferrer noopener\">Preisliste<\/a><\/div>\n<\/div>\n\n\n\n<div style=\"height:60px\" aria-hidden=\"true\" class=\"wp-block-spacer\"><\/div>\n\n\n\n<p><strong>\u00dcber die Geschichte von M\u00f5niste<\/strong><\/p>\n\n\n\n<p>Die ersten schriftlichen Angaben vom Gut M\u00f5niste stammen aus dem Jahr 1386, zu welcher Zeit die Gutsbesitzer Uexk\u00fcll die G\u00fcter in der Umgebung unter sich aufgeteilt haben. Die Familie Uexk\u00fcll war eine der gr\u00f6\u00dften Landbesitzer im Bistum Tartu.<\/p>\n\n\n\n<p>W\u00e4hrend des Livl\u00e4ndischen Krieges im Januar 1558 haben die Russen auch M\u00f5niste angegriffen, allerdings wurden die Angriffe zur\u00fcckgeschlagen. Die M\u00f5niste Landschaft war bis zum&nbsp; Nordkrieg ebenso bei Polen und Schweden unter Verwaltung. W\u00e4hrend des Nordischen Krieges fand im Gut M\u00f5niste am 5.-6. August 1702 eine zweit\u00e4gige Belagerung statt, die mit der Niederlage der Russischen Truppen endete.<\/p>\n\n\n\n<p>Die G\u00fcter M\u00f5niste (Menzen) und Saru wurden im Jahr 1764 weiter an die Kosk\u00fcll \u00fcbertragen und ab dem Jahr 1837 geh\u00f6rte es der Adelsfamilie Wulf, in deren Eigentum waren die G\u00fcter bis zur Estnischen Republik im Jahr 1918 geblieben. Schon vorher sind die kommunalen Verwaltungen abh\u00e4ngig von Gutsherren geworden.<\/p>\n\n\n\n<p>W\u00e4hrend des estnischen Freiheitskrieges ging M\u00f5niste vier mal von Hand zu Hand und die Front stand hier vom 17. April bis zum 7. Mai 1919. In dieser Zeit wurde das Hauptgeb\u00e4ude zerst\u00f6rt. Am 27. Mai begann von da aus einer der gr\u00f6\u00dften Angriffe Estlands, der erst in S\u00fcd-Lettland, in Jekabpils, endete. In der Geschichte von Estland als auch von Lettland spielt dieser Feldzug eine sehr wichtige Rolle.<\/p>\n\n\n\n<p>Die Jahre 1920-1940 waren die Bl\u00fctezeit von M\u00f5niste. Man gr\u00fcndete mehrere neue Vereine sowie Ch\u00f6re und Blasorchester. Die Entwicklung wurde von der neuen Sowjetischen Union unterbrochen. Momentan sind wir wieder als ein Stolzes Grenzgebiet der unabh\u00e4ngigen Republik Estland an der Grenze zu Lettland. Die Grenze zwischen Estland und Lettland ist sehr selten in Europa, weil die beiden Nationen sich sehr gut verstehen, die Geschichte von beiden L\u00e4ndern ist sehr \u00e4hnlich, jedoch sind die Sprachen sich gegenseitig total unverst\u00e4ndlich.<\/p>","protected":false},"excerpt":{"rendered":"<p>Willkommen im Bauernmuseum M\u00f5niste, dem \u00e4ltesten und s\u00fcdlichsten Freilichtmuseum Estlands! Unsere Ausstellung [&hellip;]<\/p>\n","protected":false},"author":1,"featured_media":0,"parent":262,"menu_order":0,"comment_status":"closed","ping_status":"closed","template":"","meta":{"_acf_changed":false,"_et_pb_use_builder":"","_et_pb_old_content":"","_et_gb_content_width":"","footnotes":""},"class_list":["post-4544","page","type-page","status-publish","hentry"],"acf":[],"yoast_head":"<!-- This site is optimized with the Yoast SEO plugin v27.4 - https:\/\/yoast.com\/product\/yoast-seo-wordpress\/ -->\n<title>Bauernmuseum M\u00f5niste - Vana-V\u00f5rumaa muuseumid<\/title>\n<meta name=\"robots\" content=\"index, follow, max-snippet:-1, max-image-preview:large, max-video-preview:-1\" \/>\n<link rel=\"canonical\" href=\"https:\/\/vanavorumaamuuseumid.ee\/vo\/monistemuuseum\/bauernmuseum-moniste\/\" \/>\n<meta property=\"og:locale\" content=\"en_US\" \/>\n<meta property=\"og:type\" content=\"article\" \/>\n<meta property=\"og:title\" content=\"Bauernmuseum M\u00f5niste - Vana-V\u00f5rumaa muuseumid\" \/>\n<meta property=\"og:description\" content=\"Willkommen im Bauernmuseum M\u00f5niste, dem \u00e4ltesten und s\u00fcdlichsten Freilichtmuseum Estlands! Unsere Ausstellung [&hellip;]\" \/>\n<meta property=\"og:url\" content=\"https:\/\/vanavorumaamuuseumid.ee\/vo\/monistemuuseum\/bauernmuseum-moniste\/\" \/>\n<meta property=\"og:site_name\" content=\"Vana-V\u00f5rumaa muuseumid\" \/>\n<meta property=\"article:modified_time\" content=\"2026-03-09T11:24:32+00:00\" \/>\n<meta name=\"twitter:card\" content=\"summary_large_image\" \/>\n<meta name=\"twitter:label1\" content=\"Est. reading time\" \/>\n\t<meta name=\"twitter:data1\" content=\"3 minutes\" \/>\n<script type=\"application\/ld+json\" class=\"yoast-schema-graph\">{\"@context\":\"https:\\\/\\\/schema.org\",\"@graph\":[{\"@type\":\"WebPage\",\"@id\":\"https:\\\/\\\/vanavorumaamuuseumid.ee\\\/monistemuuseum\\\/bauernmuseum-moniste\\\/\",\"url\":\"https:\\\/\\\/vanavorumaamuuseumid.ee\\\/monistemuuseum\\\/bauernmuseum-moniste\\\/\",\"name\":\"Bauernmuseum M\u00f5niste - Vana-V\u00f5rumaa muuseumid\",\"isPartOf\":{\"@id\":\"https:\\\/\\\/vanavorumaamuuseumid.ee\\\/#website\"},\"datePublished\":\"2025-11-12T13:25:12+00:00\",\"dateModified\":\"2026-03-09T11:24:32+00:00\",\"breadcrumb\":{\"@id\":\"https:\\\/\\\/vanavorumaamuuseumid.ee\\\/monistemuuseum\\\/bauernmuseum-moniste\\\/#breadcrumb\"},\"inLanguage\":\"vo\",\"potentialAction\":[{\"@type\":\"ReadAction\",\"target\":[\"https:\\\/\\\/vanavorumaamuuseumid.ee\\\/monistemuuseum\\\/bauernmuseum-moniste\\\/\"]}]},{\"@type\":\"BreadcrumbList\",\"@id\":\"https:\\\/\\\/vanavorumaamuuseumid.ee\\\/monistemuuseum\\\/bauernmuseum-moniste\\\/#breadcrumb\",\"itemListElement\":[{\"@type\":\"ListItem\",\"position\":1,\"name\":\"Home\",\"item\":\"https:\\\/\\\/vanavorumaamuuseumid.ee\\\/\"},{\"@type\":\"ListItem\",\"position\":2,\"name\":\"M\u00f5niste Talurahvamuuseum\",\"item\":\"https:\\\/\\\/vanavorumaamuuseumid.ee\\\/monistemuuseum\\\/\"},{\"@type\":\"ListItem\",\"position\":3,\"name\":\"Bauernmuseum M\u00f5niste\"}]},{\"@type\":\"WebSite\",\"@id\":\"https:\\\/\\\/vanavorumaamuuseumid.ee\\\/#website\",\"url\":\"https:\\\/\\\/vanavorumaamuuseumid.ee\\\/\",\"name\":\"Vana-V\u00f5rumaa Muuseumid\",\"description\":\"V\u00f5rumaa Muuseum, Dr. Fr. R. Kreutzwaldi Memoriaalmuuseum, M\u00f5niste Talurahvamuuseum ja Karilatsi Vaba\u00f5humuuseum\",\"publisher\":{\"@id\":\"https:\\\/\\\/vanavorumaamuuseumid.ee\\\/#organization\"},\"potentialAction\":[{\"@type\":\"SearchAction\",\"target\":{\"@type\":\"EntryPoint\",\"urlTemplate\":\"https:\\\/\\\/vanavorumaamuuseumid.ee\\\/?s={search_term_string}\"},\"query-input\":{\"@type\":\"PropertyValueSpecification\",\"valueRequired\":true,\"valueName\":\"search_term_string\"}}],\"inLanguage\":\"vo\"},{\"@type\":\"Organization\",\"@id\":\"https:\\\/\\\/vanavorumaamuuseumid.ee\\\/#organization\",\"name\":\"V\u00f5ru Instituut\",\"url\":\"https:\\\/\\\/vanavorumaamuuseumid.ee\\\/\",\"logo\":{\"@type\":\"ImageObject\",\"inLanguage\":\"vo\",\"@id\":\"https:\\\/\\\/vanavorumaamuuseumid.ee\\\/#\\\/schema\\\/logo\\\/image\\\/\",\"url\":\"https:\\\/\\\/vanavorumaamuuseumid.ee\\\/wp-content\\\/uploads\\\/2025\\\/05\\\/vana-voromaa-muusoumi-250516.svg\",\"contentUrl\":\"https:\\\/\\\/vanavorumaamuuseumid.ee\\\/wp-content\\\/uploads\\\/2025\\\/05\\\/vana-voromaa-muusoumi-250516.svg\",\"width\":567,\"height\":80,\"caption\":\"V\u00f5ru Instituut\"},\"image\":{\"@id\":\"https:\\\/\\\/vanavorumaamuuseumid.ee\\\/#\\\/schema\\\/logo\\\/image\\\/\"}}]}<\/script>\n<!-- \/ Yoast SEO plugin. -->","yoast_head_json":{"title":"Bauernmuseum M\u00f5niste - Vana-V\u00f5rumaa muuseumid","robots":{"index":"index","follow":"follow","max-snippet":"max-snippet:-1","max-image-preview":"max-image-preview:large","max-video-preview":"max-video-preview:-1"},"canonical":"https:\/\/vanavorumaamuuseumid.ee\/vo\/monistemuuseum\/bauernmuseum-moniste\/","og_locale":"en_US","og_type":"article","og_title":"Bauernmuseum M\u00f5niste - Vana-V\u00f5rumaa muuseumid","og_description":"Willkommen im Bauernmuseum M\u00f5niste, dem \u00e4ltesten und s\u00fcdlichsten Freilichtmuseum Estlands! Unsere Ausstellung [&hellip;]","og_url":"https:\/\/vanavorumaamuuseumid.ee\/vo\/monistemuuseum\/bauernmuseum-moniste\/","og_site_name":"Vana-V\u00f5rumaa muuseumid","article_modified_time":"2026-03-09T11:24:32+00:00","twitter_card":"summary_large_image","twitter_misc":{"Est. reading time":"3 minutes"},"schema":{"@context":"https:\/\/schema.org","@graph":[{"@type":"WebPage","@id":"https:\/\/vanavorumaamuuseumid.ee\/monistemuuseum\/bauernmuseum-moniste\/","url":"https:\/\/vanavorumaamuuseumid.ee\/monistemuuseum\/bauernmuseum-moniste\/","name":"Bauernmuseum M\u00f5niste - Vana-V\u00f5rumaa muuseumid","isPartOf":{"@id":"https:\/\/vanavorumaamuuseumid.ee\/#website"},"datePublished":"2025-11-12T13:25:12+00:00","dateModified":"2026-03-09T11:24:32+00:00","breadcrumb":{"@id":"https:\/\/vanavorumaamuuseumid.ee\/monistemuuseum\/bauernmuseum-moniste\/#breadcrumb"},"inLanguage":"vo","potentialAction":[{"@type":"ReadAction","target":["https:\/\/vanavorumaamuuseumid.ee\/monistemuuseum\/bauernmuseum-moniste\/"]}]},{"@type":"BreadcrumbList","@id":"https:\/\/vanavorumaamuuseumid.ee\/monistemuuseum\/bauernmuseum-moniste\/#breadcrumb","itemListElement":[{"@type":"ListItem","position":1,"name":"Home","item":"https:\/\/vanavorumaamuuseumid.ee\/"},{"@type":"ListItem","position":2,"name":"M\u00f5niste Talurahvamuuseum","item":"https:\/\/vanavorumaamuuseumid.ee\/monistemuuseum\/"},{"@type":"ListItem","position":3,"name":"Bauernmuseum M\u00f5niste"}]},{"@type":"WebSite","@id":"https:\/\/vanavorumaamuuseumid.ee\/#website","url":"https:\/\/vanavorumaamuuseumid.ee\/","name":"Vana-V\u00f5rumaa Muuseumid","description":"V\u00f5rumaa Muuseum, Dr. Fr. R. Kreutzwaldi Memoriaalmuuseum, M\u00f5niste Talurahvamuuseum ja Karilatsi Vaba\u00f5humuuseum","publisher":{"@id":"https:\/\/vanavorumaamuuseumid.ee\/#organization"},"potentialAction":[{"@type":"SearchAction","target":{"@type":"EntryPoint","urlTemplate":"https:\/\/vanavorumaamuuseumid.ee\/?s={search_term_string}"},"query-input":{"@type":"PropertyValueSpecification","valueRequired":true,"valueName":"search_term_string"}}],"inLanguage":"vo"},{"@type":"Organization","@id":"https:\/\/vanavorumaamuuseumid.ee\/#organization","name":"V\u00f5ru Instituut","url":"https:\/\/vanavorumaamuuseumid.ee\/","logo":{"@type":"ImageObject","inLanguage":"vo","@id":"https:\/\/vanavorumaamuuseumid.ee\/#\/schema\/logo\/image\/","url":"https:\/\/vanavorumaamuuseumid.ee\/wp-content\/uploads\/2025\/05\/vana-voromaa-muusoumi-250516.svg","contentUrl":"https:\/\/vanavorumaamuuseumid.ee\/wp-content\/uploads\/2025\/05\/vana-voromaa-muusoumi-250516.svg","width":567,"height":80,"caption":"V\u00f5ru Instituut"},"image":{"@id":"https:\/\/vanavorumaamuuseumid.ee\/#\/schema\/logo\/image\/"}}]}},"_links":{"self":[{"href":"https:\/\/vanavorumaamuuseumid.ee\/vo\/wp-json\/wp\/v2\/pages\/4544","targetHints":{"allow":["GET"]}}],"collection":[{"href":"https:\/\/vanavorumaamuuseumid.ee\/vo\/wp-json\/wp\/v2\/pages"}],"about":[{"href":"https:\/\/vanavorumaamuuseumid.ee\/vo\/wp-json\/wp\/v2\/types\/page"}],"author":[{"embeddable":true,"href":"https:\/\/vanavorumaamuuseumid.ee\/vo\/wp-json\/wp\/v2\/users\/1"}],"replies":[{"embeddable":true,"href":"https:\/\/vanavorumaamuuseumid.ee\/vo\/wp-json\/wp\/v2\/comments?post=4544"}],"version-history":[{"count":4,"href":"https:\/\/vanavorumaamuuseumid.ee\/vo\/wp-json\/wp\/v2\/pages\/4544\/revisions"}],"predecessor-version":[{"id":5362,"href":"https:\/\/vanavorumaamuuseumid.ee\/vo\/wp-json\/wp\/v2\/pages\/4544\/revisions\/5362"}],"up":[{"embeddable":true,"href":"https:\/\/vanavorumaamuuseumid.ee\/vo\/wp-json\/wp\/v2\/pages\/262"}],"wp:attachment":[{"href":"https:\/\/vanavorumaamuuseumid.ee\/vo\/wp-json\/wp\/v2\/media?parent=4544"}],"curies":[{"name":"wp","href":"https:\/\/api.w.org\/{rel}","templated":true}]}}