{"id":4687,"date":"2025-12-09T12:26:47","date_gmt":"2025-12-09T10:26:47","guid":{"rendered":"https:\/\/vanavorumaamuuseumid.ee\/?page_id=4687"},"modified":"2026-03-09T10:06:44","modified_gmt":"2026-03-09T08:06:44","slug":"vana-voromaa-museum-and-art-gallery","status":"publish","type":"page","link":"https:\/\/vanavorumaamuuseumid.ee\/vo\/vorumuuseum\/vana-voromaa-museum-and-art-gallery\/","title":{"rendered":"V\u00f5rumaa Muuseum &#8211; V\u00f5ru museum"},"content":{"rendered":"<p>The V\u00f5ru Museum (V\u00f5ru County Museum) consists of a museum and an Art Gallery. We are part of V\u00f5ro Institute and work as a research centre for the history of V\u00f5ru County, we organize children programs and our exhibitions give an overview of the culture, history and art of the V\u00f5ru region and beyond. Our collection gathers more than 60 000 items.<\/p>\n\n\n\n<p><strong>Exhibition<\/strong><\/p>\n\n\n\n<p>Our exhibition provides a deep overview of the history of the V\u00f5ru County: it presents numerous rare archaeological artefacts since the Stone Ages, documents and historical items from the Middle Ages, developments in the Modern era and the history of 20th Century with a focus on culture, war and Forest Brothers in the 1940s-1950s.<\/p>\n\n\n\n<p>You can also find an overview of the history of V\u00f5ro Language that is a Finno-Ugric language different from Estonian and widely spoken in the V\u00f5ro region. Our exhibition also offers an opportunity to learn about smoke sauna tradition in the V\u00f5ru region, which has been recognised as a part of the UNESCO World Heritage List.<\/p>\n\n\n\n<p>Our main exhibition is on the 3rd floor of the building. Unfortunately, it is not accessible via an elevator. Our exhibition has mostly Estonian and Russian texts, but we provide an audioguide in English, Estonian and V\u00f5ro.<\/p>\n\n\n\n<p><strong>Art Gallery<\/strong><\/p>\n\n\n\n<p>Our art gallery offers a new exhibition in every two months, bringing the height of Estonian art scene to V\u00f5ru. Our exhibitions present modern creators, V\u00f5ru artists and occasionally overviews of older art connected to V\u00f5ru area. The art gallery is located on the 2nd floor.<\/p>\n\n\n\n<h2 class=\"wp-block-heading\">YOU ARE WELCOME!<\/h2>\n\n\n\n<p><\/p>\n\n\n\n<p><strong>We are open: <\/strong><\/p>\n\n\n\n<p>(March to October) Wed &#8211; Sun&nbsp;10 a.m \u2013 6&nbsp;p.m<\/p>\n\n\n\n<p>(November to February) Wed &#8211; Sun 10 am \u2013 5 pm<\/p>\n\n\n\n<p><\/p>\n\n\n\n<p><strong>Tickets:<\/strong><\/p>\n\n\n\n<p><strong>Adults: 5 \u20ac<\/strong><br>Schoolchildren: 3 \u20ac<br>University Students, seniors: 3 \u20ac<br>Family Ticket (Two adults and their minor children): 13 \u20ac<\/p>\n\n\n\n<p>Donation ticket: 25 \u20ac<br><a href=\"https:\/\/muuseumikaart.ee\/\">Estonian Museum Card:<\/a>\u00a0for free<\/p>\n\n\n\n<p><\/p>\n\n\n\n<p>+372 782 4479 \/ 782 1939<br>&#105;n&#x66;o&#x40;v&#x6f;&#114;&#x75;&#109;&#x75;&#117;s&#x65;u&#x6d;&#46;&#x65;&#101;<\/p>\n\n\n\n<p>Address: Katariina 11, V\u00f5ru, Estonia<\/p>\n\n\n\n<div style=\"height:30px\" aria-hidden=\"true\" class=\"wp-block-spacer\"><\/div>\n\n\n\n<div class=\"wp-block-buttons is-layout-flex wp-block-buttons-is-layout-flex\">\n<div class=\"wp-block-button\"><a class=\"wp-block-button__link wp-element-button\" href=\"\/vo\/vorumuuseum\/kunstigalerii\/naitused-galeriis\/\">Gallery<\/a><\/div>\n<\/div>","protected":false},"excerpt":{"rendered":"<p>The V\u00f5ru Museum (V\u00f5ru County Museum) consists of a museum and an [&hellip;]<\/p>\n","protected":false},"author":1,"featured_media":0,"parent":143,"menu_order":0,"comment_status":"closed","ping_status":"closed","template":"","meta":{"_acf_changed":false,"_et_pb_use_builder":"","_et_pb_old_content":"","_et_gb_content_width":"","footnotes":""},"class_list":["post-4687","page","type-page","status-publish","hentry"],"acf":[],"yoast_head":"<!-- This site is optimized with the Yoast SEO plugin v27.4 - https:\/\/yoast.com\/product\/yoast-seo-wordpress\/ -->\n<title>V\u00f5rumaa Muuseum - V\u00f5ru museum - Vana-V\u00f5rumaa muuseumid<\/title>\n<meta name=\"robots\" content=\"index, follow, max-snippet:-1, max-image-preview:large, max-video-preview:-1\" \/>\n<link rel=\"canonical\" href=\"https:\/\/vanavorumaamuuseumid.ee\/vo\/vorumuuseum\/vana-voromaa-museum-and-art-gallery\/\" \/>\n<meta property=\"og:locale\" content=\"en_US\" \/>\n<meta property=\"og:type\" content=\"article\" \/>\n<meta property=\"og:title\" content=\"V\u00f5rumaa Muuseum - V\u00f5ru museum - Vana-V\u00f5rumaa muuseumid\" \/>\n<meta property=\"og:description\" content=\"The V\u00f5ru Museum (V\u00f5ru County Museum) consists of a museum and an [&hellip;]\" \/>\n<meta property=\"og:url\" content=\"https:\/\/vanavorumaamuuseumid.ee\/vo\/vorumuuseum\/vana-voromaa-museum-and-art-gallery\/\" \/>\n<meta property=\"og:site_name\" content=\"Vana-V\u00f5rumaa muuseumid\" \/>\n<meta property=\"article:modified_time\" content=\"2026-03-09T08:06:44+00:00\" \/>\n<meta name=\"twitter:card\" content=\"summary_large_image\" \/>\n<meta name=\"twitter:label1\" content=\"Est. reading time\" \/>\n\t<meta name=\"twitter:data1\" content=\"2 minutes\" \/>\n<script type=\"application\/ld+json\" class=\"yoast-schema-graph\">{\"@context\":\"https:\\\/\\\/schema.org\",\"@graph\":[{\"@type\":\"WebPage\",\"@id\":\"https:\\\/\\\/vanavorumaamuuseumid.ee\\\/vorumuuseum\\\/vana-voromaa-museum-and-art-gallery\\\/\",\"url\":\"https:\\\/\\\/vanavorumaamuuseumid.ee\\\/vorumuuseum\\\/vana-voromaa-museum-and-art-gallery\\\/\",\"name\":\"V\u00f5rumaa Muuseum - V\u00f5ru museum - Vana-V\u00f5rumaa muuseumid\",\"isPartOf\":{\"@id\":\"https:\\\/\\\/vanavorumaamuuseumid.ee\\\/#website\"},\"datePublished\":\"2025-12-09T10:26:47+00:00\",\"dateModified\":\"2026-03-09T08:06:44+00:00\",\"breadcrumb\":{\"@id\":\"https:\\\/\\\/vanavorumaamuuseumid.ee\\\/vorumuuseum\\\/vana-voromaa-museum-and-art-gallery\\\/#breadcrumb\"},\"inLanguage\":\"vo\",\"potentialAction\":[{\"@type\":\"ReadAction\",\"target\":[\"https:\\\/\\\/vanavorumaamuuseumid.ee\\\/vorumuuseum\\\/vana-voromaa-museum-and-art-gallery\\\/\"]}]},{\"@type\":\"BreadcrumbList\",\"@id\":\"https:\\\/\\\/vanavorumaamuuseumid.ee\\\/vorumuuseum\\\/vana-voromaa-museum-and-art-gallery\\\/#breadcrumb\",\"itemListElement\":[{\"@type\":\"ListItem\",\"position\":1,\"name\":\"Home\",\"item\":\"https:\\\/\\\/vanavorumaamuuseumid.ee\\\/\"},{\"@type\":\"ListItem\",\"position\":2,\"name\":\"V\u00f5rumaa Muuseum\",\"item\":\"https:\\\/\\\/vanavorumaamuuseumid.ee\\\/vorumuuseum\\\/\"},{\"@type\":\"ListItem\",\"position\":3,\"name\":\"V\u00f5rumaa Muuseum &#8211; V\u00f5ru museum\"}]},{\"@type\":\"WebSite\",\"@id\":\"https:\\\/\\\/vanavorumaamuuseumid.ee\\\/#website\",\"url\":\"https:\\\/\\\/vanavorumaamuuseumid.ee\\\/\",\"name\":\"Vana-V\u00f5rumaa Muuseumid\",\"description\":\"V\u00f5rumaa Muuseum, Dr. Fr. R. Kreutzwaldi Memoriaalmuuseum, M\u00f5niste Talurahvamuuseum ja Karilatsi Vaba\u00f5humuuseum\",\"publisher\":{\"@id\":\"https:\\\/\\\/vanavorumaamuuseumid.ee\\\/#organization\"},\"potentialAction\":[{\"@type\":\"SearchAction\",\"target\":{\"@type\":\"EntryPoint\",\"urlTemplate\":\"https:\\\/\\\/vanavorumaamuuseumid.ee\\\/?s={search_term_string}\"},\"query-input\":{\"@type\":\"PropertyValueSpecification\",\"valueRequired\":true,\"valueName\":\"search_term_string\"}}],\"inLanguage\":\"vo\"},{\"@type\":\"Organization\",\"@id\":\"https:\\\/\\\/vanavorumaamuuseumid.ee\\\/#organization\",\"name\":\"V\u00f5ru Instituut\",\"url\":\"https:\\\/\\\/vanavorumaamuuseumid.ee\\\/\",\"logo\":{\"@type\":\"ImageObject\",\"inLanguage\":\"vo\",\"@id\":\"https:\\\/\\\/vanavorumaamuuseumid.ee\\\/#\\\/schema\\\/logo\\\/image\\\/\",\"url\":\"https:\\\/\\\/vanavorumaamuuseumid.ee\\\/wp-content\\\/uploads\\\/2025\\\/05\\\/vana-voromaa-muusoumi-250516.svg\",\"contentUrl\":\"https:\\\/\\\/vanavorumaamuuseumid.ee\\\/wp-content\\\/uploads\\\/2025\\\/05\\\/vana-voromaa-muusoumi-250516.svg\",\"width\":567,\"height\":80,\"caption\":\"V\u00f5ru Instituut\"},\"image\":{\"@id\":\"https:\\\/\\\/vanavorumaamuuseumid.ee\\\/#\\\/schema\\\/logo\\\/image\\\/\"}}]}<\/script>\n<!-- \/ Yoast SEO plugin. -->","yoast_head_json":{"title":"V\u00f5rumaa Muuseum - V\u00f5ru museum - Vana-V\u00f5rumaa muuseumid","robots":{"index":"index","follow":"follow","max-snippet":"max-snippet:-1","max-image-preview":"max-image-preview:large","max-video-preview":"max-video-preview:-1"},"canonical":"https:\/\/vanavorumaamuuseumid.ee\/vo\/vorumuuseum\/vana-voromaa-museum-and-art-gallery\/","og_locale":"en_US","og_type":"article","og_title":"V\u00f5rumaa Muuseum - V\u00f5ru museum - Vana-V\u00f5rumaa muuseumid","og_description":"The V\u00f5ru Museum (V\u00f5ru County Museum) consists of a museum and an [&hellip;]","og_url":"https:\/\/vanavorumaamuuseumid.ee\/vo\/vorumuuseum\/vana-voromaa-museum-and-art-gallery\/","og_site_name":"Vana-V\u00f5rumaa muuseumid","article_modified_time":"2026-03-09T08:06:44+00:00","twitter_card":"summary_large_image","twitter_misc":{"Est. reading time":"2 minutes"},"schema":{"@context":"https:\/\/schema.org","@graph":[{"@type":"WebPage","@id":"https:\/\/vanavorumaamuuseumid.ee\/vorumuuseum\/vana-voromaa-museum-and-art-gallery\/","url":"https:\/\/vanavorumaamuuseumid.ee\/vorumuuseum\/vana-voromaa-museum-and-art-gallery\/","name":"V\u00f5rumaa Muuseum - V\u00f5ru museum - Vana-V\u00f5rumaa muuseumid","isPartOf":{"@id":"https:\/\/vanavorumaamuuseumid.ee\/#website"},"datePublished":"2025-12-09T10:26:47+00:00","dateModified":"2026-03-09T08:06:44+00:00","breadcrumb":{"@id":"https:\/\/vanavorumaamuuseumid.ee\/vorumuuseum\/vana-voromaa-museum-and-art-gallery\/#breadcrumb"},"inLanguage":"vo","potentialAction":[{"@type":"ReadAction","target":["https:\/\/vanavorumaamuuseumid.ee\/vorumuuseum\/vana-voromaa-museum-and-art-gallery\/"]}]},{"@type":"BreadcrumbList","@id":"https:\/\/vanavorumaamuuseumid.ee\/vorumuuseum\/vana-voromaa-museum-and-art-gallery\/#breadcrumb","itemListElement":[{"@type":"ListItem","position":1,"name":"Home","item":"https:\/\/vanavorumaamuuseumid.ee\/"},{"@type":"ListItem","position":2,"name":"V\u00f5rumaa Muuseum","item":"https:\/\/vanavorumaamuuseumid.ee\/vorumuuseum\/"},{"@type":"ListItem","position":3,"name":"V\u00f5rumaa Muuseum &#8211; V\u00f5ru museum"}]},{"@type":"WebSite","@id":"https:\/\/vanavorumaamuuseumid.ee\/#website","url":"https:\/\/vanavorumaamuuseumid.ee\/","name":"Vana-V\u00f5rumaa Muuseumid","description":"V\u00f5rumaa Muuseum, Dr. Fr. R. Kreutzwaldi Memoriaalmuuseum, M\u00f5niste Talurahvamuuseum ja Karilatsi Vaba\u00f5humuuseum","publisher":{"@id":"https:\/\/vanavorumaamuuseumid.ee\/#organization"},"potentialAction":[{"@type":"SearchAction","target":{"@type":"EntryPoint","urlTemplate":"https:\/\/vanavorumaamuuseumid.ee\/?s={search_term_string}"},"query-input":{"@type":"PropertyValueSpecification","valueRequired":true,"valueName":"search_term_string"}}],"inLanguage":"vo"},{"@type":"Organization","@id":"https:\/\/vanavorumaamuuseumid.ee\/#organization","name":"V\u00f5ru Instituut","url":"https:\/\/vanavorumaamuuseumid.ee\/","logo":{"@type":"ImageObject","inLanguage":"vo","@id":"https:\/\/vanavorumaamuuseumid.ee\/#\/schema\/logo\/image\/","url":"https:\/\/vanavorumaamuuseumid.ee\/wp-content\/uploads\/2025\/05\/vana-voromaa-muusoumi-250516.svg","contentUrl":"https:\/\/vanavorumaamuuseumid.ee\/wp-content\/uploads\/2025\/05\/vana-voromaa-muusoumi-250516.svg","width":567,"height":80,"caption":"V\u00f5ru Instituut"},"image":{"@id":"https:\/\/vanavorumaamuuseumid.ee\/#\/schema\/logo\/image\/"}}]}},"_links":{"self":[{"href":"https:\/\/vanavorumaamuuseumid.ee\/vo\/wp-json\/wp\/v2\/pages\/4687","targetHints":{"allow":["GET"]}}],"collection":[{"href":"https:\/\/vanavorumaamuuseumid.ee\/vo\/wp-json\/wp\/v2\/pages"}],"about":[{"href":"https:\/\/vanavorumaamuuseumid.ee\/vo\/wp-json\/wp\/v2\/types\/page"}],"author":[{"embeddable":true,"href":"https:\/\/vanavorumaamuuseumid.ee\/vo\/wp-json\/wp\/v2\/users\/1"}],"replies":[{"embeddable":true,"href":"https:\/\/vanavorumaamuuseumid.ee\/vo\/wp-json\/wp\/v2\/comments?post=4687"}],"version-history":[{"count":12,"href":"https:\/\/vanavorumaamuuseumid.ee\/vo\/wp-json\/wp\/v2\/pages\/4687\/revisions"}],"predecessor-version":[{"id":5344,"href":"https:\/\/vanavorumaamuuseumid.ee\/vo\/wp-json\/wp\/v2\/pages\/4687\/revisions\/5344"}],"up":[{"embeddable":true,"href":"https:\/\/vanavorumaamuuseumid.ee\/vo\/wp-json\/wp\/v2\/pages\/143"}],"wp:attachment":[{"href":"https:\/\/vanavorumaamuuseumid.ee\/vo\/wp-json\/wp\/v2\/media?parent=4687"}],"curies":[{"name":"wp","href":"https:\/\/api.w.org\/{rel}","templated":true}]}}