{"id":4749,"date":"2025-12-09T13:17:55","date_gmt":"2025-12-09T11:17:55","guid":{"rendered":"https:\/\/vanavorumaamuuseumid.ee\/?page_id=4749"},"modified":"2025-12-09T13:17:55","modified_gmt":"2025-12-09T11:17:55","slug":"dr-friedrich-reinhold-kreutzwald-memorial-museum","status":"publish","type":"page","link":"https:\/\/vanavorumaamuuseumid.ee\/vo\/lauluisa\/dr-friedrich-reinhold-kreutzwald-memorial-museum\/","title":{"rendered":"Dr. Friedrich Reinhold Kreutzwald Memorial Museum"},"content":{"rendered":"<p>Fr. R. Kreutzwald, the creator of the Estonian national epic, \u201eKalevipoeg,\u201c lived 44 years of his life (1833\u20131877) in V\u00f5ru. His house was built shortly after V\u00f5ru was founded and, therefore, is one of the oldest houses in the town. The museum is furnished as the home of the writer and doctor, as it could have been at his time in V\u00f5ru. Besides presenting the working and living rooms of the writer\u2019s home, the museum offers also expositions on literature, Kreutzwald\u2019s creative works, and several other topics.<\/p>\n\n\n\n<h2 class=\"wp-block-heading\">WELCOME TO OUR MUSEUM!<\/h2>\n\n\n\n<p><strong>We are open<\/strong><br>From <strong>April 1<\/strong> to <strong>September 30 <\/strong>Wed \u2013 Sun 10 a.m \u2013 6 p.m<br>From <strong>October 1<\/strong> to <strong>March 31<\/strong> Wed \u2013 Sun 10 a.m \u2013 5 p.m<\/p>\n\n\n\n<p>+ 372 78 217 98,&nbsp;+ 372 56 297242<br>&#x69;&#x6e;&#x66;&#x6f;&#x40;&#x6c;&#x61;&#x75;&#108;&#117;&#105;&#115;&#97;&#46;&#101;e<\/p>\n\n\n\n<p>Location: Kreutzwaldi 31, V\u00f5ru 65609, Estonia<\/p>","protected":false},"excerpt":{"rendered":"<p>Fr. R. Kreutzwald, the creator of the Estonian national epic, \u201eKalevipoeg,\u201c lived [&hellip;]<\/p>\n","protected":false},"author":1,"featured_media":0,"parent":227,"menu_order":0,"comment_status":"closed","ping_status":"closed","template":"","meta":{"_acf_changed":false,"_et_pb_use_builder":"","_et_pb_old_content":"","_et_gb_content_width":"","footnotes":""},"class_list":["post-4749","page","type-page","status-publish","hentry"],"acf":[],"yoast_head":"<!-- This site is optimized with the Yoast SEO plugin v27.4 - https:\/\/yoast.com\/product\/yoast-seo-wordpress\/ -->\n<title>Dr. Friedrich Reinhold Kreutzwald Memorial Museum - Vana-V\u00f5rumaa muuseumid<\/title>\n<meta name=\"robots\" content=\"index, follow, max-snippet:-1, max-image-preview:large, max-video-preview:-1\" \/>\n<link rel=\"canonical\" href=\"https:\/\/vanavorumaamuuseumid.ee\/vo\/lauluisa\/dr-friedrich-reinhold-kreutzwald-memorial-museum\/\" \/>\n<meta property=\"og:locale\" content=\"en_US\" \/>\n<meta property=\"og:type\" content=\"article\" \/>\n<meta property=\"og:title\" content=\"Dr. Friedrich Reinhold Kreutzwald Memorial Museum - Vana-V\u00f5rumaa muuseumid\" \/>\n<meta property=\"og:description\" content=\"Fr. R. Kreutzwald, the creator of the Estonian national epic, \u201eKalevipoeg,\u201c lived [&hellip;]\" \/>\n<meta property=\"og:url\" content=\"https:\/\/vanavorumaamuuseumid.ee\/vo\/lauluisa\/dr-friedrich-reinhold-kreutzwald-memorial-museum\/\" \/>\n<meta property=\"og:site_name\" content=\"Vana-V\u00f5rumaa muuseumid\" \/>\n<meta name=\"twitter:card\" content=\"summary_large_image\" \/>\n<meta name=\"twitter:label1\" content=\"Est. reading time\" \/>\n\t<meta name=\"twitter:data1\" content=\"1 minute\" \/>\n<script type=\"application\/ld+json\" class=\"yoast-schema-graph\">{\"@context\":\"https:\\\/\\\/schema.org\",\"@graph\":[{\"@type\":\"WebPage\",\"@id\":\"https:\\\/\\\/vanavorumaamuuseumid.ee\\\/lauluisa\\\/dr-friedrich-reinhold-kreutzwald-memorial-museum\\\/\",\"url\":\"https:\\\/\\\/vanavorumaamuuseumid.ee\\\/lauluisa\\\/dr-friedrich-reinhold-kreutzwald-memorial-museum\\\/\",\"name\":\"Dr. Friedrich Reinhold Kreutzwald Memorial Museum - Vana-V\u00f5rumaa muuseumid\",\"isPartOf\":{\"@id\":\"https:\\\/\\\/vanavorumaamuuseumid.ee\\\/#website\"},\"datePublished\":\"2025-12-09T11:17:55+00:00\",\"breadcrumb\":{\"@id\":\"https:\\\/\\\/vanavorumaamuuseumid.ee\\\/lauluisa\\\/dr-friedrich-reinhold-kreutzwald-memorial-museum\\\/#breadcrumb\"},\"inLanguage\":\"vo\",\"potentialAction\":[{\"@type\":\"ReadAction\",\"target\":[\"https:\\\/\\\/vanavorumaamuuseumid.ee\\\/lauluisa\\\/dr-friedrich-reinhold-kreutzwald-memorial-museum\\\/\"]}]},{\"@type\":\"BreadcrumbList\",\"@id\":\"https:\\\/\\\/vanavorumaamuuseumid.ee\\\/lauluisa\\\/dr-friedrich-reinhold-kreutzwald-memorial-museum\\\/#breadcrumb\",\"itemListElement\":[{\"@type\":\"ListItem\",\"position\":1,\"name\":\"Home\",\"item\":\"https:\\\/\\\/vanavorumaamuuseumid.ee\\\/\"},{\"@type\":\"ListItem\",\"position\":2,\"name\":\"Dr. Fr. R. Kreutzwaldi Memoriaalmuuseum\",\"item\":\"https:\\\/\\\/vanavorumaamuuseumid.ee\\\/lauluisa\\\/\"},{\"@type\":\"ListItem\",\"position\":3,\"name\":\"Dr. Friedrich Reinhold Kreutzwald Memorial Museum\"}]},{\"@type\":\"WebSite\",\"@id\":\"https:\\\/\\\/vanavorumaamuuseumid.ee\\\/#website\",\"url\":\"https:\\\/\\\/vanavorumaamuuseumid.ee\\\/\",\"name\":\"Vana-V\u00f5rumaa Muuseumid\",\"description\":\"V\u00f5rumaa Muuseum, Dr. Fr. R. Kreutzwaldi Memoriaalmuuseum, M\u00f5niste Talurahvamuuseum ja Karilatsi Vaba\u00f5humuuseum\",\"publisher\":{\"@id\":\"https:\\\/\\\/vanavorumaamuuseumid.ee\\\/#organization\"},\"potentialAction\":[{\"@type\":\"SearchAction\",\"target\":{\"@type\":\"EntryPoint\",\"urlTemplate\":\"https:\\\/\\\/vanavorumaamuuseumid.ee\\\/?s={search_term_string}\"},\"query-input\":{\"@type\":\"PropertyValueSpecification\",\"valueRequired\":true,\"valueName\":\"search_term_string\"}}],\"inLanguage\":\"vo\"},{\"@type\":\"Organization\",\"@id\":\"https:\\\/\\\/vanavorumaamuuseumid.ee\\\/#organization\",\"name\":\"V\u00f5ru Instituut\",\"url\":\"https:\\\/\\\/vanavorumaamuuseumid.ee\\\/\",\"logo\":{\"@type\":\"ImageObject\",\"inLanguage\":\"vo\",\"@id\":\"https:\\\/\\\/vanavorumaamuuseumid.ee\\\/#\\\/schema\\\/logo\\\/image\\\/\",\"url\":\"https:\\\/\\\/vanavorumaamuuseumid.ee\\\/wp-content\\\/uploads\\\/2025\\\/05\\\/vana-voromaa-muusoumi-250516.svg\",\"contentUrl\":\"https:\\\/\\\/vanavorumaamuuseumid.ee\\\/wp-content\\\/uploads\\\/2025\\\/05\\\/vana-voromaa-muusoumi-250516.svg\",\"width\":567,\"height\":80,\"caption\":\"V\u00f5ru Instituut\"},\"image\":{\"@id\":\"https:\\\/\\\/vanavorumaamuuseumid.ee\\\/#\\\/schema\\\/logo\\\/image\\\/\"}}]}<\/script>\n<!-- \/ Yoast SEO plugin. -->","yoast_head_json":{"title":"Dr. Friedrich Reinhold Kreutzwald Memorial Museum - Vana-V\u00f5rumaa muuseumid","robots":{"index":"index","follow":"follow","max-snippet":"max-snippet:-1","max-image-preview":"max-image-preview:large","max-video-preview":"max-video-preview:-1"},"canonical":"https:\/\/vanavorumaamuuseumid.ee\/vo\/lauluisa\/dr-friedrich-reinhold-kreutzwald-memorial-museum\/","og_locale":"en_US","og_type":"article","og_title":"Dr. Friedrich Reinhold Kreutzwald Memorial Museum - Vana-V\u00f5rumaa muuseumid","og_description":"Fr. R. Kreutzwald, the creator of the Estonian national epic, \u201eKalevipoeg,\u201c lived [&hellip;]","og_url":"https:\/\/vanavorumaamuuseumid.ee\/vo\/lauluisa\/dr-friedrich-reinhold-kreutzwald-memorial-museum\/","og_site_name":"Vana-V\u00f5rumaa muuseumid","twitter_card":"summary_large_image","twitter_misc":{"Est. reading time":"1 minute"},"schema":{"@context":"https:\/\/schema.org","@graph":[{"@type":"WebPage","@id":"https:\/\/vanavorumaamuuseumid.ee\/lauluisa\/dr-friedrich-reinhold-kreutzwald-memorial-museum\/","url":"https:\/\/vanavorumaamuuseumid.ee\/lauluisa\/dr-friedrich-reinhold-kreutzwald-memorial-museum\/","name":"Dr. Friedrich Reinhold Kreutzwald Memorial Museum - Vana-V\u00f5rumaa muuseumid","isPartOf":{"@id":"https:\/\/vanavorumaamuuseumid.ee\/#website"},"datePublished":"2025-12-09T11:17:55+00:00","breadcrumb":{"@id":"https:\/\/vanavorumaamuuseumid.ee\/lauluisa\/dr-friedrich-reinhold-kreutzwald-memorial-museum\/#breadcrumb"},"inLanguage":"vo","potentialAction":[{"@type":"ReadAction","target":["https:\/\/vanavorumaamuuseumid.ee\/lauluisa\/dr-friedrich-reinhold-kreutzwald-memorial-museum\/"]}]},{"@type":"BreadcrumbList","@id":"https:\/\/vanavorumaamuuseumid.ee\/lauluisa\/dr-friedrich-reinhold-kreutzwald-memorial-museum\/#breadcrumb","itemListElement":[{"@type":"ListItem","position":1,"name":"Home","item":"https:\/\/vanavorumaamuuseumid.ee\/"},{"@type":"ListItem","position":2,"name":"Dr. Fr. R. Kreutzwaldi Memoriaalmuuseum","item":"https:\/\/vanavorumaamuuseumid.ee\/lauluisa\/"},{"@type":"ListItem","position":3,"name":"Dr. Friedrich Reinhold Kreutzwald Memorial Museum"}]},{"@type":"WebSite","@id":"https:\/\/vanavorumaamuuseumid.ee\/#website","url":"https:\/\/vanavorumaamuuseumid.ee\/","name":"Vana-V\u00f5rumaa Muuseumid","description":"V\u00f5rumaa Muuseum, Dr. Fr. R. Kreutzwaldi Memoriaalmuuseum, M\u00f5niste Talurahvamuuseum ja Karilatsi Vaba\u00f5humuuseum","publisher":{"@id":"https:\/\/vanavorumaamuuseumid.ee\/#organization"},"potentialAction":[{"@type":"SearchAction","target":{"@type":"EntryPoint","urlTemplate":"https:\/\/vanavorumaamuuseumid.ee\/?s={search_term_string}"},"query-input":{"@type":"PropertyValueSpecification","valueRequired":true,"valueName":"search_term_string"}}],"inLanguage":"vo"},{"@type":"Organization","@id":"https:\/\/vanavorumaamuuseumid.ee\/#organization","name":"V\u00f5ru Instituut","url":"https:\/\/vanavorumaamuuseumid.ee\/","logo":{"@type":"ImageObject","inLanguage":"vo","@id":"https:\/\/vanavorumaamuuseumid.ee\/#\/schema\/logo\/image\/","url":"https:\/\/vanavorumaamuuseumid.ee\/wp-content\/uploads\/2025\/05\/vana-voromaa-muusoumi-250516.svg","contentUrl":"https:\/\/vanavorumaamuuseumid.ee\/wp-content\/uploads\/2025\/05\/vana-voromaa-muusoumi-250516.svg","width":567,"height":80,"caption":"V\u00f5ru Instituut"},"image":{"@id":"https:\/\/vanavorumaamuuseumid.ee\/#\/schema\/logo\/image\/"}}]}},"_links":{"self":[{"href":"https:\/\/vanavorumaamuuseumid.ee\/vo\/wp-json\/wp\/v2\/pages\/4749","targetHints":{"allow":["GET"]}}],"collection":[{"href":"https:\/\/vanavorumaamuuseumid.ee\/vo\/wp-json\/wp\/v2\/pages"}],"about":[{"href":"https:\/\/vanavorumaamuuseumid.ee\/vo\/wp-json\/wp\/v2\/types\/page"}],"author":[{"embeddable":true,"href":"https:\/\/vanavorumaamuuseumid.ee\/vo\/wp-json\/wp\/v2\/users\/1"}],"replies":[{"embeddable":true,"href":"https:\/\/vanavorumaamuuseumid.ee\/vo\/wp-json\/wp\/v2\/comments?post=4749"}],"version-history":[{"count":1,"href":"https:\/\/vanavorumaamuuseumid.ee\/vo\/wp-json\/wp\/v2\/pages\/4749\/revisions"}],"predecessor-version":[{"id":4750,"href":"https:\/\/vanavorumaamuuseumid.ee\/vo\/wp-json\/wp\/v2\/pages\/4749\/revisions\/4750"}],"up":[{"embeddable":true,"href":"https:\/\/vanavorumaamuuseumid.ee\/vo\/wp-json\/wp\/v2\/pages\/227"}],"wp:attachment":[{"href":"https:\/\/vanavorumaamuuseumid.ee\/vo\/wp-json\/wp\/v2\/media?parent=4749"}],"curies":[{"name":"wp","href":"https:\/\/api.w.org\/{rel}","templated":true}]}}