{"id":4771,"date":"2025-12-09T13:48:56","date_gmt":"2025-12-09T11:48:56","guid":{"rendered":"https:\/\/vanavorumaamuuseumid.ee\/?page_id=4771"},"modified":"2025-12-16T13:49:30","modified_gmt":"2025-12-16T11:49:30","slug":"karilatsi-open-air-museum","status":"publish","type":"page","link":"https:\/\/vanavorumaamuuseumid.ee\/vo\/karilatsimuuseum\/karilatsi-open-air-museum\/","title":{"rendered":"KARILATSI OPEN AIR MUSEUM!"},"content":{"rendered":"<div class=\"wp-block-columns is-layout-flex wp-container-core-columns-is-layout-9d6595d7 wp-block-columns-is-layout-flex\">\n<div class=\"wp-block-column is-layout-flow wp-block-column-is-layout-flow\" style=\"flex-basis:66.66%\">\n<p><strong>WELCOME TO KARILATSI OPEN AIR MUSEUM!<\/strong><\/p>\n\n\n\n<p>The Karilatsi Open Air Museum is the largest open-air museum in South Estonia. It is situated near the historic postal road in Karilatsi village and can be easily located by an old windmill that is one of a kind on that road. The territory of the museum covers over 5 hectares. It includes carefully reconstructed historic buildings that create the atmosphere of the parish centre about 120 years ago and allow visitors to experience life in Karilatsi back then. The heart of the museum is the old village school with an exposition that covers the history of local schooling and educational system. The exposition also includes numerous agricultural old-timers, such as steam engines and threshing machines.<\/p>\n\n\n\n<p>English audio &amp; text guides are available when visiting our museum.<\/p>\n\n\n\n<p>We are open:<\/p>\n\n\n\n<p>1 May&nbsp; \u2013 30 September: every day, 10am \u2013 6pm (last entry 5pm)<\/p>\n\n\n\n<p>1 October \u2013 30 April: Monday \u2013 Friday, 10am \u2013 4pm (last entry 3pm)<\/p>\n\n\n\n<p>Closed on publik holidays.<\/p>\n\n\n\n<p>If you are visiting as a group or outside of operating hours please contact us in advance.<\/p>\n\n\n\n<p>Information:<\/p>\n\n\n\n<p>+ 372 797 0310<\/p>\n\n\n\n<p>+ 372 5801 8601<\/p>\n\n\n\n<p><a href=\"\/vo\/m&\/#97;&#105;&#x6c;&#x74;o:&#112;&#111;&#x6c;&#x76;am&#97;&#97;&#x40;&#x77;i&#46;&#101;&#x65;\">&#x70;&#x6f;&#x6c;&#x76;&#x61;&#x6d;&#x61;&#x61;&#x40;&#x77;&#x69;&#x2e;&#x65;&#x65;<\/a><\/p>\n\n\n\n<p>Address: Karilatsi Vaba\u00f5humuuseum, Karilatsi 63505, Kanepi vald, P\u00f5lvamaa, ESTONIA<\/p>\n\n\n\n<p>N: 58\u00b07\u201918.28\u2033 E: 26\u00b055\u201924<\/p>\n\n\n\n<p><\/p>\n<\/div>\n\n\n\n<div class=\"wp-block-column is-layout-flow wp-block-column-is-layout-flow\" style=\"flex-basis:33.33%\">\n<figure class=\"wp-block-image size-large\"><a href=\"https:\/\/vanavorumaamuuseumid.ee\/wp-content\/uploads\/2025\/12\/24.-november-2025.-a._2.jfif\"><img decoding=\"async\" width=\"1024\" height=\"768\" src=\"https:\/\/vanavorumaamuuseumid.ee\/wp-content\/uploads\/2025\/12\/24.-november-2025.-a._2-1024x768.jfif\" alt=\"\" class=\"wp-image-4863\" srcset=\"https:\/\/vanavorumaamuuseumid.ee\/wp-content\/uploads\/2025\/12\/24.-november-2025.-a._2-1024x768.jfif 1024w, https:\/\/vanavorumaamuuseumid.ee\/wp-content\/uploads\/2025\/12\/24.-november-2025.-a._2-600x450.jfif 600w, https:\/\/vanavorumaamuuseumid.ee\/wp-content\/uploads\/2025\/12\/24.-november-2025.-a._2-768x576.jfif 768w, https:\/\/vanavorumaamuuseumid.ee\/wp-content\/uploads\/2025\/12\/24.-november-2025.-a._2-1536x1152.jfif 1536w, https:\/\/vanavorumaamuuseumid.ee\/wp-content\/uploads\/2025\/12\/24.-november-2025.-a._2-16x12.jfif 16w, https:\/\/vanavorumaamuuseumid.ee\/wp-content\/uploads\/2025\/12\/24.-november-2025.-a._2-510x382.jfif 510w, https:\/\/vanavorumaamuuseumid.ee\/wp-content\/uploads\/2025\/12\/24.-november-2025.-a._2-1080x810.jfif 1080w, https:\/\/vanavorumaamuuseumid.ee\/wp-content\/uploads\/2025\/12\/24.-november-2025.-a._2-1280x960.jfif 1280w, https:\/\/vanavorumaamuuseumid.ee\/wp-content\/uploads\/2025\/12\/24.-november-2025.-a._2-980x735.jfif 980w, https:\/\/vanavorumaamuuseumid.ee\/wp-content\/uploads\/2025\/12\/24.-november-2025.-a._2-480x360.jfif 480w, https:\/\/vanavorumaamuuseumid.ee\/wp-content\/uploads\/2025\/12\/24.-november-2025.-a._2.jfif 2048w\" sizes=\"(max-width: 1024px) 100vw, 1024px\" \/><\/a><\/figure>\n\n\n\n<figure class=\"wp-block-image size-large\"><a  href=\"https:\/\/vanavorumaamuuseumid.ee\/wp-content\/uploads\/2025\/12\/vaade-magasiaidast-251209.jpg\" data-rel=\"lightbox-gallery-0\" data-rl_title=\"\" data-rl_caption=\"\" title=\"\"><img decoding=\"async\" width=\"641\" height=\"1024\" src=\"https:\/\/vanavorumaamuuseumid.ee\/wp-content\/uploads\/2025\/12\/vaade-magasiaidast-251209-641x1024.jpg\" alt=\"Vaade magasiaidast\" class=\"wp-image-4773\" srcset=\"https:\/\/vanavorumaamuuseumid.ee\/wp-content\/uploads\/2025\/12\/vaade-magasiaidast-251209-641x1024.jpg 641w, https:\/\/vanavorumaamuuseumid.ee\/wp-content\/uploads\/2025\/12\/vaade-magasiaidast-251209-480x767.jpg 480w\" sizes=\"(min-width: 0px) and (max-width: 480px) 480px, (min-width: 481px) 641px, 100vw\" \/><\/a><\/figure>\n<\/div>\n<\/div>","protected":false},"excerpt":{"rendered":"<p>WELCOME TO KARILATSI OPEN AIR MUSEUM! The Karilatsi Open Air Museum is [&hellip;]<\/p>\n","protected":false},"author":1,"featured_media":0,"parent":299,"menu_order":0,"comment_status":"closed","ping_status":"closed","template":"","meta":{"_acf_changed":false,"_et_pb_use_builder":"","_et_pb_old_content":"","_et_gb_content_width":"","footnotes":""},"class_list":["post-4771","page","type-page","status-publish","hentry"],"acf":[],"yoast_head":"<!-- This site is optimized with the Yoast SEO plugin v27.4 - https:\/\/yoast.com\/product\/yoast-seo-wordpress\/ -->\n<title>KARILATSI OPEN AIR MUSEUM! - Vana-V\u00f5rumaa muuseumid<\/title>\n<meta name=\"robots\" content=\"index, follow, max-snippet:-1, max-image-preview:large, max-video-preview:-1\" \/>\n<link rel=\"canonical\" href=\"https:\/\/vanavorumaamuuseumid.ee\/vo\/karilatsimuuseum\/karilatsi-open-air-museum\/\" \/>\n<meta property=\"og:locale\" content=\"en_US\" \/>\n<meta property=\"og:type\" content=\"article\" \/>\n<meta property=\"og:title\" content=\"KARILATSI OPEN AIR MUSEUM! - Vana-V\u00f5rumaa muuseumid\" \/>\n<meta property=\"og:description\" content=\"WELCOME TO KARILATSI OPEN AIR MUSEUM! The Karilatsi Open Air Museum is [&hellip;]\" \/>\n<meta property=\"og:url\" content=\"https:\/\/vanavorumaamuuseumid.ee\/vo\/karilatsimuuseum\/karilatsi-open-air-museum\/\" \/>\n<meta property=\"og:site_name\" content=\"Vana-V\u00f5rumaa muuseumid\" \/>\n<meta property=\"article:modified_time\" content=\"2025-12-16T11:49:30+00:00\" \/>\n<meta property=\"og:image\" content=\"https:\/\/vanavorumaamuuseumid.ee\/wp-content\/uploads\/2025\/12\/24.-november-2025.-a._2.jfif\" \/>\n\t<meta property=\"og:image:width\" content=\"2048\" \/>\n\t<meta property=\"og:image:height\" content=\"1536\" \/>\n\t<meta property=\"og:image:type\" content=\"image\/jpeg\" \/>\n<meta name=\"twitter:card\" content=\"summary_large_image\" \/>\n<meta name=\"twitter:label1\" content=\"Est. reading time\" \/>\n\t<meta name=\"twitter:data1\" content=\"2 minutes\" \/>\n<script type=\"application\/ld+json\" class=\"yoast-schema-graph\">{\"@context\":\"https:\\\/\\\/schema.org\",\"@graph\":[{\"@type\":\"WebPage\",\"@id\":\"https:\\\/\\\/vanavorumaamuuseumid.ee\\\/karilatsimuuseum\\\/karilatsi-open-air-museum\\\/\",\"url\":\"https:\\\/\\\/vanavorumaamuuseumid.ee\\\/karilatsimuuseum\\\/karilatsi-open-air-museum\\\/\",\"name\":\"KARILATSI OPEN AIR MUSEUM! - Vana-V\u00f5rumaa muuseumid\",\"isPartOf\":{\"@id\":\"https:\\\/\\\/vanavorumaamuuseumid.ee\\\/#website\"},\"primaryImageOfPage\":{\"@id\":\"https:\\\/\\\/vanavorumaamuuseumid.ee\\\/karilatsimuuseum\\\/karilatsi-open-air-museum\\\/#primaryimage\"},\"image\":{\"@id\":\"https:\\\/\\\/vanavorumaamuuseumid.ee\\\/karilatsimuuseum\\\/karilatsi-open-air-museum\\\/#primaryimage\"},\"thumbnailUrl\":\"https:\\\/\\\/vanavorumaamuuseumid.ee\\\/wp-content\\\/uploads\\\/2025\\\/12\\\/24.-november-2025.-a._2-1024x768.jfif\",\"datePublished\":\"2025-12-09T11:48:56+00:00\",\"dateModified\":\"2025-12-16T11:49:30+00:00\",\"breadcrumb\":{\"@id\":\"https:\\\/\\\/vanavorumaamuuseumid.ee\\\/karilatsimuuseum\\\/karilatsi-open-air-museum\\\/#breadcrumb\"},\"inLanguage\":\"vo\",\"potentialAction\":[{\"@type\":\"ReadAction\",\"target\":[\"https:\\\/\\\/vanavorumaamuuseumid.ee\\\/karilatsimuuseum\\\/karilatsi-open-air-museum\\\/\"]}]},{\"@type\":\"ImageObject\",\"inLanguage\":\"vo\",\"@id\":\"https:\\\/\\\/vanavorumaamuuseumid.ee\\\/karilatsimuuseum\\\/karilatsi-open-air-museum\\\/#primaryimage\",\"url\":\"https:\\\/\\\/vanavorumaamuuseumid.ee\\\/wp-content\\\/uploads\\\/2025\\\/12\\\/24.-november-2025.-a._2-1024x768.jfif\",\"contentUrl\":\"https:\\\/\\\/vanavorumaamuuseumid.ee\\\/wp-content\\\/uploads\\\/2025\\\/12\\\/24.-november-2025.-a._2-1024x768.jfif\"},{\"@type\":\"BreadcrumbList\",\"@id\":\"https:\\\/\\\/vanavorumaamuuseumid.ee\\\/karilatsimuuseum\\\/karilatsi-open-air-museum\\\/#breadcrumb\",\"itemListElement\":[{\"@type\":\"ListItem\",\"position\":1,\"name\":\"Home\",\"item\":\"https:\\\/\\\/vanavorumaamuuseumid.ee\\\/\"},{\"@type\":\"ListItem\",\"position\":2,\"name\":\"Karilatsi Vaba\u00f5humuuseum\",\"item\":\"https:\\\/\\\/vanavorumaamuuseumid.ee\\\/karilatsimuuseum\\\/\"},{\"@type\":\"ListItem\",\"position\":3,\"name\":\"KARILATSI OPEN AIR MUSEUM!\"}]},{\"@type\":\"WebSite\",\"@id\":\"https:\\\/\\\/vanavorumaamuuseumid.ee\\\/#website\",\"url\":\"https:\\\/\\\/vanavorumaamuuseumid.ee\\\/\",\"name\":\"Vana-V\u00f5rumaa Muuseumid\",\"description\":\"V\u00f5rumaa Muuseum, Dr. Fr. R. Kreutzwaldi Memoriaalmuuseum, M\u00f5niste Talurahvamuuseum ja Karilatsi Vaba\u00f5humuuseum\",\"publisher\":{\"@id\":\"https:\\\/\\\/vanavorumaamuuseumid.ee\\\/#organization\"},\"potentialAction\":[{\"@type\":\"SearchAction\",\"target\":{\"@type\":\"EntryPoint\",\"urlTemplate\":\"https:\\\/\\\/vanavorumaamuuseumid.ee\\\/?s={search_term_string}\"},\"query-input\":{\"@type\":\"PropertyValueSpecification\",\"valueRequired\":true,\"valueName\":\"search_term_string\"}}],\"inLanguage\":\"vo\"},{\"@type\":\"Organization\",\"@id\":\"https:\\\/\\\/vanavorumaamuuseumid.ee\\\/#organization\",\"name\":\"V\u00f5ru Instituut\",\"url\":\"https:\\\/\\\/vanavorumaamuuseumid.ee\\\/\",\"logo\":{\"@type\":\"ImageObject\",\"inLanguage\":\"vo\",\"@id\":\"https:\\\/\\\/vanavorumaamuuseumid.ee\\\/#\\\/schema\\\/logo\\\/image\\\/\",\"url\":\"https:\\\/\\\/vanavorumaamuuseumid.ee\\\/wp-content\\\/uploads\\\/2025\\\/05\\\/vana-voromaa-muusoumi-250516.svg\",\"contentUrl\":\"https:\\\/\\\/vanavorumaamuuseumid.ee\\\/wp-content\\\/uploads\\\/2025\\\/05\\\/vana-voromaa-muusoumi-250516.svg\",\"width\":567,\"height\":80,\"caption\":\"V\u00f5ru Instituut\"},\"image\":{\"@id\":\"https:\\\/\\\/vanavorumaamuuseumid.ee\\\/#\\\/schema\\\/logo\\\/image\\\/\"}}]}<\/script>\n<!-- \/ Yoast SEO plugin. -->","yoast_head_json":{"title":"KARILATSI OPEN AIR MUSEUM! - Vana-V\u00f5rumaa muuseumid","robots":{"index":"index","follow":"follow","max-snippet":"max-snippet:-1","max-image-preview":"max-image-preview:large","max-video-preview":"max-video-preview:-1"},"canonical":"https:\/\/vanavorumaamuuseumid.ee\/vo\/karilatsimuuseum\/karilatsi-open-air-museum\/","og_locale":"en_US","og_type":"article","og_title":"KARILATSI OPEN AIR MUSEUM! - Vana-V\u00f5rumaa muuseumid","og_description":"WELCOME TO KARILATSI OPEN AIR MUSEUM! The Karilatsi Open Air Museum is [&hellip;]","og_url":"https:\/\/vanavorumaamuuseumid.ee\/vo\/karilatsimuuseum\/karilatsi-open-air-museum\/","og_site_name":"Vana-V\u00f5rumaa muuseumid","article_modified_time":"2025-12-16T11:49:30+00:00","og_image":[{"width":2048,"height":1536,"url":"https:\/\/vanavorumaamuuseumid.ee\/wp-content\/uploads\/2025\/12\/24.-november-2025.-a._2.jfif","type":"image\/jpeg"}],"twitter_card":"summary_large_image","twitter_misc":{"Est. reading time":"2 minutes"},"schema":{"@context":"https:\/\/schema.org","@graph":[{"@type":"WebPage","@id":"https:\/\/vanavorumaamuuseumid.ee\/karilatsimuuseum\/karilatsi-open-air-museum\/","url":"https:\/\/vanavorumaamuuseumid.ee\/karilatsimuuseum\/karilatsi-open-air-museum\/","name":"KARILATSI OPEN AIR MUSEUM! - Vana-V\u00f5rumaa muuseumid","isPartOf":{"@id":"https:\/\/vanavorumaamuuseumid.ee\/#website"},"primaryImageOfPage":{"@id":"https:\/\/vanavorumaamuuseumid.ee\/karilatsimuuseum\/karilatsi-open-air-museum\/#primaryimage"},"image":{"@id":"https:\/\/vanavorumaamuuseumid.ee\/karilatsimuuseum\/karilatsi-open-air-museum\/#primaryimage"},"thumbnailUrl":"https:\/\/vanavorumaamuuseumid.ee\/wp-content\/uploads\/2025\/12\/24.-november-2025.-a._2-1024x768.jfif","datePublished":"2025-12-09T11:48:56+00:00","dateModified":"2025-12-16T11:49:30+00:00","breadcrumb":{"@id":"https:\/\/vanavorumaamuuseumid.ee\/karilatsimuuseum\/karilatsi-open-air-museum\/#breadcrumb"},"inLanguage":"vo","potentialAction":[{"@type":"ReadAction","target":["https:\/\/vanavorumaamuuseumid.ee\/karilatsimuuseum\/karilatsi-open-air-museum\/"]}]},{"@type":"ImageObject","inLanguage":"vo","@id":"https:\/\/vanavorumaamuuseumid.ee\/karilatsimuuseum\/karilatsi-open-air-museum\/#primaryimage","url":"https:\/\/vanavorumaamuuseumid.ee\/wp-content\/uploads\/2025\/12\/24.-november-2025.-a._2-1024x768.jfif","contentUrl":"https:\/\/vanavorumaamuuseumid.ee\/wp-content\/uploads\/2025\/12\/24.-november-2025.-a._2-1024x768.jfif"},{"@type":"BreadcrumbList","@id":"https:\/\/vanavorumaamuuseumid.ee\/karilatsimuuseum\/karilatsi-open-air-museum\/#breadcrumb","itemListElement":[{"@type":"ListItem","position":1,"name":"Home","item":"https:\/\/vanavorumaamuuseumid.ee\/"},{"@type":"ListItem","position":2,"name":"Karilatsi Vaba\u00f5humuuseum","item":"https:\/\/vanavorumaamuuseumid.ee\/karilatsimuuseum\/"},{"@type":"ListItem","position":3,"name":"KARILATSI OPEN AIR MUSEUM!"}]},{"@type":"WebSite","@id":"https:\/\/vanavorumaamuuseumid.ee\/#website","url":"https:\/\/vanavorumaamuuseumid.ee\/","name":"Vana-V\u00f5rumaa Muuseumid","description":"V\u00f5rumaa Muuseum, Dr. Fr. R. Kreutzwaldi Memoriaalmuuseum, M\u00f5niste Talurahvamuuseum ja Karilatsi Vaba\u00f5humuuseum","publisher":{"@id":"https:\/\/vanavorumaamuuseumid.ee\/#organization"},"potentialAction":[{"@type":"SearchAction","target":{"@type":"EntryPoint","urlTemplate":"https:\/\/vanavorumaamuuseumid.ee\/?s={search_term_string}"},"query-input":{"@type":"PropertyValueSpecification","valueRequired":true,"valueName":"search_term_string"}}],"inLanguage":"vo"},{"@type":"Organization","@id":"https:\/\/vanavorumaamuuseumid.ee\/#organization","name":"V\u00f5ru Instituut","url":"https:\/\/vanavorumaamuuseumid.ee\/","logo":{"@type":"ImageObject","inLanguage":"vo","@id":"https:\/\/vanavorumaamuuseumid.ee\/#\/schema\/logo\/image\/","url":"https:\/\/vanavorumaamuuseumid.ee\/wp-content\/uploads\/2025\/05\/vana-voromaa-muusoumi-250516.svg","contentUrl":"https:\/\/vanavorumaamuuseumid.ee\/wp-content\/uploads\/2025\/05\/vana-voromaa-muusoumi-250516.svg","width":567,"height":80,"caption":"V\u00f5ru Instituut"},"image":{"@id":"https:\/\/vanavorumaamuuseumid.ee\/#\/schema\/logo\/image\/"}}]}},"_links":{"self":[{"href":"https:\/\/vanavorumaamuuseumid.ee\/vo\/wp-json\/wp\/v2\/pages\/4771","targetHints":{"allow":["GET"]}}],"collection":[{"href":"https:\/\/vanavorumaamuuseumid.ee\/vo\/wp-json\/wp\/v2\/pages"}],"about":[{"href":"https:\/\/vanavorumaamuuseumid.ee\/vo\/wp-json\/wp\/v2\/types\/page"}],"author":[{"embeddable":true,"href":"https:\/\/vanavorumaamuuseumid.ee\/vo\/wp-json\/wp\/v2\/users\/1"}],"replies":[{"embeddable":true,"href":"https:\/\/vanavorumaamuuseumid.ee\/vo\/wp-json\/wp\/v2\/comments?post=4771"}],"version-history":[{"count":6,"href":"https:\/\/vanavorumaamuuseumid.ee\/vo\/wp-json\/wp\/v2\/pages\/4771\/revisions"}],"predecessor-version":[{"id":4864,"href":"https:\/\/vanavorumaamuuseumid.ee\/vo\/wp-json\/wp\/v2\/pages\/4771\/revisions\/4864"}],"up":[{"embeddable":true,"href":"https:\/\/vanavorumaamuuseumid.ee\/vo\/wp-json\/wp\/v2\/pages\/299"}],"wp:attachment":[{"href":"https:\/\/vanavorumaamuuseumid.ee\/vo\/wp-json\/wp\/v2\/media?parent=4771"}],"curies":[{"name":"wp","href":"https:\/\/api.w.org\/{rel}","templated":true}]}}